{"id":191,"date":"2022-02-18T10:24:14","date_gmt":"2022-02-18T13:24:14","guid":{"rendered":"https:\/\/www.alfetec.com.br\/site\/?post_type=product&#038;p=191"},"modified":"2025-05-16T07:25:22","modified_gmt":"2025-05-16T10:25:22","slug":"jateamento-manual-para-vidros","status":"publish","type":"product","link":"https:\/\/www.alfetec.com.br\/site\/product\/jateamento-manual-para-vidros\/","title":{"rendered":"JATEADORA PARA VIDRO MANUAL A1"},"content":{"rendered":"<p>A <b>Jateadora Manual A1<\/b> \u00e9 a mais simples das jateadoras da fam\u00edlia Alfetec, mas \u00e9 perfeita para quem quer come\u00e7ar no ramo do jateamento investindo pouco.<\/p>\n<p>&nbsp;<\/p>\n<p><b>#Caracter\u00edsticas<\/b><\/p>\n<p>A Jateadora Manual A1 \u00e9 uma m\u00e1quina multifuncional, podendo realizar jateamento de qualquer objeto, incluindo<\/p>\n<ul>\n<li>vidros: pe\u00e7as de vidro comum, lapidado, temperado,\u00a0espelhos,\u00a0copos, garrafas etc.<\/li>\n<li>pe\u00e7as met\u00e1licas: motores, chapas etc.<\/li>\n<li>pe\u00e7as acr\u00edlicas: placas, copos, garrafas etc.<\/li>\n<li>pedras: ard\u00f3sia, granito, m\u00e1rmore etc.<\/li>\n<\/ul>\n<p>\u00c9 indicada para gravar imagens e marcas em superf\u00edcies, melhorar a ancoragem\/ader\u00eancia da tinta, aumentando a qualidade da pintura, ou para limpar superf\u00edcies de uma maneira geral.<\/p>\n<p>O bico de jateamento \u00e9 fabricado com material especial que aumenta sua vida \u00fatil.<\/p>\n<p>&nbsp;<\/p>\n<p><b>#Opera\u00e7\u00e3o<\/b><\/p>\n<p>Coloca-se a pe\u00e7a dentro do espa\u00e7o manuse\u00e1vel da cabine. Durante a opera\u00e7\u00e3o, a pistola, acionada por pedal, succiona o \u00f3xido de alum\u00ednio desde o dep\u00f3sito, expelindo-o em alta velocidade sobre a pe\u00e7a a ser gravada, tratada ou limpa, de forma cont\u00ednua, constante e padronizada.<\/p>\n<p>A m\u00e1quina \u00e9 de f\u00e1cil opera\u00e7\u00e3o e amiga do meio ambiente, pois conta com sistema de exaust\u00e3o para o tratamento do p\u00f3, que resulta em p\u00f3 praticamente zero no local.<\/p>\n<p>&nbsp;<\/p>\n<p><b>#Recomenda\u00e7\u00f5es<\/b><\/p>\n<p>A Alfetec indica preferencialmente o abrasivo\u00a0\u00f3xido de alum\u00ednio, que atende os requisitos de qualidade e legisla\u00e7\u00e3o ambiental definidos pelas\u00a0NR7\u00a0(sa\u00fade do operador), NR15 (determina\u00e7\u00e3o da quantidade m\u00e1xima de p\u00f3) e\u00a0NR32\u00a0(defini\u00e7\u00f5es de jateamento).<\/p>\n<p>Para o perfeito funcionamento, recomenda-se o uso de<\/p>\n<ul>\n<li>um compressor de ar de 10 CV \/ 40 p\u00e9s (n\u00e3o incluso)<\/li>\n<li>um p\u00f3s-filtro, instalado na linha de ar que alimenta a m\u00e1quina, para reter a umidade (n\u00e3o incluso)<\/li>\n<li>um regulador de press\u00e3o de \u00be de polegada, pois a m\u00e1quina trabalha com press\u00e3o constante de 6 bar (n\u00e3o incluso)<\/li>\n<\/ul>\n","protected":false},"excerpt":{"rendered":"<p>A Jateadora Manual A1 \u00e9 a mais simples das jateadoras da fam\u00edlia Alfetec, mas \u00e9 perfeita para quem quer come\u00e7ar no ramo do jateamento investindo pouco. &nbsp; #Caracter\u00edsticas A Jateadora Manual A1 \u00e9 uma m\u00e1quina multifuncional, podendo realizar jateamento de qualquer objeto, incluindo vidros: pe\u00e7as de vidro comum, lapidado, temperado,\u00a0espelhos,\u00a0copos, garrafas etc. pe\u00e7as met\u00e1licas: motores, &hellip; <a href=\"https:\/\/www.alfetec.com.br\/site\/product\/jateamento-manual-para-vidros\/\">Continua<\/a><\/p>\n","protected":false},"featured_media":852,"template":"","meta":{"_acf_changed":false,"_pt_post_content":"A <b>Jateadora Manual A1<\/b> \u00e9 a mais simples das jateadoras da fam\u00edlia Alfetec, mas \u00e9 perfeita para quem quer come\u00e7ar no ramo do jateamento investindo pouco.\r\n\r\n&nbsp;\r\n\r\n<b>#Caracter\u00edsticas<\/b>\r\n\r\nA Jateadora Manual A1 \u00e9 uma m\u00e1quina multifuncional, podendo realizar jateamento de qualquer objeto, incluindo\r\n<ul>\r\n \t<li>vidros: pe\u00e7as de vidro comum, lapidado, temperado,\u00a0espelhos,\u00a0copos, garrafas etc.<\/li>\r\n \t<li>pe\u00e7as met\u00e1licas: motores, chapas etc.<\/li>\r\n \t<li>pe\u00e7as acr\u00edlicas: placas, copos, garrafas etc.<\/li>\r\n \t<li>pedras: ard\u00f3sia, granito, m\u00e1rmore etc.<\/li>\r\n<\/ul>\r\n\u00c9 indicada para gravar imagens e marcas em superf\u00edcies, melhorar a ancoragem\/ader\u00eancia da tinta, aumentando a qualidade da pintura, ou para limpar superf\u00edcies de uma maneira geral.\r\n\r\nO bico de jateamento \u00e9 fabricado com material especial que aumenta sua vida \u00fatil.\r\n\r\n&nbsp;\r\n\r\n<b>#Opera\u00e7\u00e3o<\/b>\r\n\r\nColoca-se a pe\u00e7a dentro do espa\u00e7o manuse\u00e1vel da cabine. Durante a opera\u00e7\u00e3o, a pistola, acionada por pedal, succiona o \u00f3xido de alum\u00ednio desde o dep\u00f3sito, expelindo-o em alta velocidade sobre a pe\u00e7a a ser gravada, tratada ou limpa, de forma cont\u00ednua, constante e padronizada.\r\n\r\nA m\u00e1quina \u00e9 de f\u00e1cil opera\u00e7\u00e3o e amiga do meio ambiente, pois conta com sistema de exaust\u00e3o para o tratamento do p\u00f3, que resulta em p\u00f3 praticamente zero no local.\r\n\r\n&nbsp;\r\n\r\n<b>#Recomenda\u00e7\u00f5es<\/b>\r\n\r\nA Alfetec indica preferencialmente o abrasivo\u00a0\u00f3xido de alum\u00ednio, que atende os requisitos de qualidade e legisla\u00e7\u00e3o ambiental definidos pelas\u00a0NR7\u00a0(sa\u00fade do operador), NR15 (determina\u00e7\u00e3o da quantidade m\u00e1xima de p\u00f3) e\u00a0NR32\u00a0(defini\u00e7\u00f5es de jateamento).\r\n\r\nPara o perfeito funcionamento, recomenda-se o uso de\r\n<ul>\r\n \t<li>um compressor de ar de 10 CV \/ 40 p\u00e9s (n\u00e3o incluso)<\/li>\r\n \t<li>um p\u00f3s-filtro, instalado na linha de ar que alimenta a m\u00e1quina, para reter a umidade (n\u00e3o incluso)<\/li>\r\n \t<li>um regulador de press\u00e3o de \u00be de polegada, pois a m\u00e1quina trabalha com press\u00e3o constante de 6 bar (n\u00e3o incluso)<\/li>\r\n<\/ul>","_pt_post_name":"jateamento-manual-para-vidros","_pt_post_excerpt":"","_pt_post_title":"JATEADORA PARA VIDRO MANUAL A1","_es_post_content":"La Esmeriladora manual A1 es la m\u00e1s sencilla de las esmeriladoras de la familia Alfetec. Es perfecta para quien desea iniciarse en el ramo con una baja inversi\u00f3n.\r\n\r\n<strong>#Caracter\u00edsticas<\/strong>\r\n\r\nLa Esmeriladora manual A1 es una m\u00e1quina multifuncional, pudiendo esmerilar cualquier objeto, incluyendo:\r\n<ul>\r\n \t<li>vidrios: piezas de vidrio comun, canteado, templado,\u00a0espejos,\u00a0vasos, botellas, platos, etc.<\/li>\r\n \t<li>piezas met\u00e1licas: motores, chapas, etc.<\/li>\r\n \t<li>piezas acr\u00edlicas: placas, vasos, botellas, platos, etc.<\/li>\r\n \t<li>piedras: pizarra, granito, m\u00e1rmol, etc.<\/li>\r\n<\/ul>\r\nEs ideal para grabar im\u00e1genes, logotipos y marcas en distintas superficies, tratar una superf\u00edcie para mejorar la adherencia de la pintura, y para limpiar distintos tipos de objetos.\r\n\r\nLa boquilla de soplado est\u00e1 fabricada en material de alta resistencia, aumentando su vida \u00fatil.\r\n\r\n<strong>#Operaci\u00f3n<\/strong>\r\n\r\nSe coloca el vidrio o el objeto dentro de la cabina de esmerilado. Accionando el pedal, la pistola expele a alta velocidad el abrasivo succionado desde el dep\u00f3sito. Durante la operaci\u00f3n, el \u00f3xido de alum\u00ednio depositado al fondo del gabinete es nuevamente succionado por las pistolas de soplado, de manera cont\u00ednua y constante. El operador realiza el esmerilado de forma manual a trav\u00e9s de la ventanilla de visualizaci\u00f3n y las mangas, manipulando la pistola y los objetos a ser tratados.\r\n\r\nLa m\u00e1quina es de f\u00e1cil operaci\u00f3n y amiga del m\u00e9dio ambiente, pues cuenta con un sistema de extracci\u00f3n que resulta pr\u00e1cticamente en la ausencia de polvo en suspensi\u00f3n en el ambiente de trabajo.\r\n\r\n<strong>#Recomenda\u00e7\u00f5es<\/strong>\r\n\r\nAlfetec recomienda el uso del \u00f3xido de aluminio, como material abrasivo, pues este cumple con los requisitos de calidad y de la legislaci\u00f3n ambiental definidos por las normas NR7 (salud del trabajador), NR15 (determinaci\u00f3n de la cantidad m\u00e1xima de polvo) y NR32 (definiciones sobre el proceso de esmerilado).\r\n\r\nPara el perfecto funcionamiento de la m\u00e1quina, se recomienda el uso de:\r\n<ul>\r\n \t<li>Un compresor de aire de 10 HP \/ 40 pies (no incluido)<\/li>\r\n \t<li>Un post filtro, instalado en la l\u00ednea de aire que alimenta la m\u00e1quina, para retener la humedad (no incluido)<\/li>\r\n \t<li>Un regulador de presi\u00f3n de \u00be de pulgada, ya que la m\u00e1quina trabaja con una presi\u00f3n constante de 6 bar (no incluido)<\/li>\r\n<\/ul>","_es_post_name":"esmeriladora-manual-a1","_es_post_excerpt":"","_es_post_title":"Esmeriladora Para Vidrio manual A1","edit_language":"pt"},"product_brand":[],"product_cat":[17],"product_tag":[],"class_list":{"0":"post-191","1":"product","2":"type-product","3":"status-publish","4":"has-post-thumbnail","6":"product_cat-sem-categoria","8":"first","9":"instock","10":"shipping-taxable","11":"product-type-simple"},"acf":[],"yoast_head":"<!-- This site is optimized with the Yoast SEO plugin v27.2 - https:\/\/yoast.com\/product\/yoast-seo-wordpress\/ -->\n<title>JATEADORA PARA VIDRO MANUAL A1 - Alfetec<\/title>\n<meta name=\"description\" content=\"A Jateadora Manual S\u00e9rie A1 Standard \u00e9 pequena, robusta e pr\u00e1tica, que pode realizar jateamento de objetos como vidros, pedras e metais.\" \/>\n<meta name=\"robots\" content=\"index, follow, max-snippet:-1, max-image-preview:large, max-video-preview:-1\" \/>\n<link rel=\"canonical\" href=\"https:\/\/www.alfetec.com.br\/site\/es\/product\/esmeriladora-manual-a1\/\" \/>\n<meta property=\"og:locale\" content=\"pt_BR\" \/>\n<meta property=\"og:type\" content=\"article\" \/>\n<meta property=\"og:title\" content=\"Jateadora Manual S\u00e9rie A1 Standard\" \/>\n<meta property=\"og:description\" content=\"Essa \u00e9 a Jateadora Manual S\u00e9rie A1 Standard, a mais simples da fam\u00edlia de jateadoras da fam\u00edlia Alfetec.\" \/>\n<meta property=\"og:url\" content=\"https:\/\/www.alfetec.com.br\/site\/es\/product\/esmeriladora-manual-a1\/\" \/>\n<meta property=\"og:site_name\" content=\"Alfetec\" \/>\n<meta property=\"article:publisher\" content=\"https:\/\/www.facebook.com\/engenhariaalfetec\" \/>\n<meta property=\"article:modified_time\" content=\"2025-05-16T10:25:22+00:00\" \/>\n<meta property=\"og:image\" content=\"https:\/\/www.alfetec.com.br\/site\/wp-content\/uploads\/2022\/02\/A1.jpeg\" \/>\n\t<meta property=\"og:image:width\" content=\"1280\" \/>\n\t<meta property=\"og:image:height\" content=\"853\" \/>\n\t<meta property=\"og:image:type\" content=\"image\/jpeg\" \/>\n<meta name=\"twitter:card\" content=\"summary_large_image\" \/>\n<meta name=\"twitter:label1\" content=\"Est. tempo de leitura\" \/>\n\t<meta name=\"twitter:data1\" content=\"3 minutos\" \/>\n<script type=\"application\/ld+json\" class=\"yoast-schema-graph\">{\"@context\":\"https:\/\/schema.org\",\"@graph\":[{\"@type\":\"WebPage\",\"@id\":\"https:\/\/www.alfetec.com.br\/site\/es\/product\/esmeriladora-manual-a1\/\",\"url\":\"https:\/\/www.alfetec.com.br\/site\/es\/product\/esmeriladora-manual-a1\/\",\"name\":\"JATEADORA PARA VIDRO MANUAL A1 - Alfetec\",\"isPartOf\":{\"@id\":\"https:\/\/www.alfetec.com.br\/site\/#website\"},\"primaryImageOfPage\":{\"@id\":\"https:\/\/www.alfetec.com.br\/site\/es\/product\/esmeriladora-manual-a1\/#primaryimage\"},\"image\":{\"@id\":\"https:\/\/www.alfetec.com.br\/site\/es\/product\/esmeriladora-manual-a1\/#primaryimage\"},\"thumbnailUrl\":\"https:\/\/www.alfetec.com.br\/site\/wp-content\/uploads\/2022\/02\/A1.jpeg\",\"datePublished\":\"2022-02-18T13:24:14+00:00\",\"dateModified\":\"2025-05-16T10:25:22+00:00\",\"description\":\"A Jateadora Manual S\u00e9rie A1 Standard \u00e9 pequena, robusta e pr\u00e1tica, que pode realizar jateamento de objetos como vidros, pedras e metais.\",\"breadcrumb\":{\"@id\":\"https:\/\/www.alfetec.com.br\/site\/es\/product\/esmeriladora-manual-a1\/#breadcrumb\"},\"inLanguage\":\"pt-BR\",\"potentialAction\":[{\"@type\":\"ReadAction\",\"target\":[\"https:\/\/www.alfetec.com.br\/site\/es\/product\/esmeriladora-manual-a1\/\"]}]},{\"@type\":\"ImageObject\",\"inLanguage\":\"pt-BR\",\"@id\":\"https:\/\/www.alfetec.com.br\/site\/es\/product\/esmeriladora-manual-a1\/#primaryimage\",\"url\":\"https:\/\/www.alfetec.com.br\/site\/wp-content\/uploads\/2022\/02\/A1.jpeg\",\"contentUrl\":\"https:\/\/www.alfetec.com.br\/site\/wp-content\/uploads\/2022\/02\/A1.jpeg\",\"width\":1280,\"height\":853},{\"@type\":\"BreadcrumbList\",\"@id\":\"https:\/\/www.alfetec.com.br\/site\/es\/product\/esmeriladora-manual-a1\/#breadcrumb\",\"itemListElement\":[{\"@type\":\"ListItem\",\"position\":1,\"name\":\"In\u00edcio\",\"item\":\"https:\/\/www.alfetec.com.br\/site\/\"},{\"@type\":\"ListItem\",\"position\":2,\"name\":\"Produtos\",\"item\":\"https:\/\/www.alfetec.com.br\/site\/produtos\/\"},{\"@type\":\"ListItem\",\"position\":3,\"name\":\"JATEADORA PARA VIDRO MANUAL A1\"}]},{\"@type\":\"WebSite\",\"@id\":\"https:\/\/www.alfetec.com.br\/site\/#website\",\"url\":\"https:\/\/www.alfetec.com.br\/site\/\",\"name\":\"Alfetec\",\"description\":\"Entregamos a solu\u00e7\u00e3o para facilitar sua m\u00e3o de obra\",\"potentialAction\":[{\"@type\":\"SearchAction\",\"target\":{\"@type\":\"EntryPoint\",\"urlTemplate\":\"https:\/\/www.alfetec.com.br\/site\/?s={search_term_string}\"},\"query-input\":{\"@type\":\"PropertyValueSpecification\",\"valueRequired\":true,\"valueName\":\"search_term_string\"}}],\"inLanguage\":\"pt-BR\"}]}<\/script>\n<!-- \/ Yoast SEO plugin. -->","yoast_head_json":{"title":"JATEADORA PARA VIDRO MANUAL A1 - Alfetec","description":"A Jateadora Manual S\u00e9rie A1 Standard \u00e9 pequena, robusta e pr\u00e1tica, que pode realizar jateamento de objetos como vidros, pedras e metais.","robots":{"index":"index","follow":"follow","max-snippet":"max-snippet:-1","max-image-preview":"max-image-preview:large","max-video-preview":"max-video-preview:-1"},"canonical":"https:\/\/www.alfetec.com.br\/site\/es\/product\/esmeriladora-manual-a1\/","og_locale":"pt_BR","og_type":"article","og_title":"Jateadora Manual S\u00e9rie A1 Standard","og_description":"Essa \u00e9 a Jateadora Manual S\u00e9rie A1 Standard, a mais simples da fam\u00edlia de jateadoras da fam\u00edlia Alfetec.","og_url":"https:\/\/www.alfetec.com.br\/site\/es\/product\/esmeriladora-manual-a1\/","og_site_name":"Alfetec","article_publisher":"https:\/\/www.facebook.com\/engenhariaalfetec","article_modified_time":"2025-05-16T10:25:22+00:00","og_image":[{"width":1280,"height":853,"url":"https:\/\/www.alfetec.com.br\/site\/wp-content\/uploads\/2022\/02\/A1.jpeg","type":"image\/jpeg"}],"twitter_card":"summary_large_image","twitter_misc":{"Est. tempo de leitura":"3 minutos"},"schema":{"@context":"https:\/\/schema.org","@graph":[{"@type":"WebPage","@id":"https:\/\/www.alfetec.com.br\/site\/es\/product\/esmeriladora-manual-a1\/","url":"https:\/\/www.alfetec.com.br\/site\/es\/product\/esmeriladora-manual-a1\/","name":"JATEADORA PARA VIDRO MANUAL A1 - Alfetec","isPartOf":{"@id":"https:\/\/www.alfetec.com.br\/site\/#website"},"primaryImageOfPage":{"@id":"https:\/\/www.alfetec.com.br\/site\/es\/product\/esmeriladora-manual-a1\/#primaryimage"},"image":{"@id":"https:\/\/www.alfetec.com.br\/site\/es\/product\/esmeriladora-manual-a1\/#primaryimage"},"thumbnailUrl":"https:\/\/www.alfetec.com.br\/site\/wp-content\/uploads\/2022\/02\/A1.jpeg","datePublished":"2022-02-18T13:24:14+00:00","dateModified":"2025-05-16T10:25:22+00:00","description":"A Jateadora Manual S\u00e9rie A1 Standard \u00e9 pequena, robusta e pr\u00e1tica, que pode realizar jateamento de objetos como vidros, pedras e metais.","breadcrumb":{"@id":"https:\/\/www.alfetec.com.br\/site\/es\/product\/esmeriladora-manual-a1\/#breadcrumb"},"inLanguage":"pt-BR","potentialAction":[{"@type":"ReadAction","target":["https:\/\/www.alfetec.com.br\/site\/es\/product\/esmeriladora-manual-a1\/"]}]},{"@type":"ImageObject","inLanguage":"pt-BR","@id":"https:\/\/www.alfetec.com.br\/site\/es\/product\/esmeriladora-manual-a1\/#primaryimage","url":"https:\/\/www.alfetec.com.br\/site\/wp-content\/uploads\/2022\/02\/A1.jpeg","contentUrl":"https:\/\/www.alfetec.com.br\/site\/wp-content\/uploads\/2022\/02\/A1.jpeg","width":1280,"height":853},{"@type":"BreadcrumbList","@id":"https:\/\/www.alfetec.com.br\/site\/es\/product\/esmeriladora-manual-a1\/#breadcrumb","itemListElement":[{"@type":"ListItem","position":1,"name":"In\u00edcio","item":"https:\/\/www.alfetec.com.br\/site\/"},{"@type":"ListItem","position":2,"name":"Produtos","item":"https:\/\/www.alfetec.com.br\/site\/produtos\/"},{"@type":"ListItem","position":3,"name":"JATEADORA PARA VIDRO MANUAL A1"}]},{"@type":"WebSite","@id":"https:\/\/www.alfetec.com.br\/site\/#website","url":"https:\/\/www.alfetec.com.br\/site\/","name":"Alfetec","description":"Entregamos a solu\u00e7\u00e3o para facilitar sua m\u00e3o de obra","potentialAction":[{"@type":"SearchAction","target":{"@type":"EntryPoint","urlTemplate":"https:\/\/www.alfetec.com.br\/site\/?s={search_term_string}"},"query-input":{"@type":"PropertyValueSpecification","valueRequired":true,"valueName":"search_term_string"}}],"inLanguage":"pt-BR"}]}},"_links":{"self":[{"href":"https:\/\/www.alfetec.com.br\/site\/wp-json\/wp\/v2\/product\/191","targetHints":{"allow":["GET"]}}],"collection":[{"href":"https:\/\/www.alfetec.com.br\/site\/wp-json\/wp\/v2\/product"}],"about":[{"href":"https:\/\/www.alfetec.com.br\/site\/wp-json\/wp\/v2\/types\/product"}],"wp:featuredmedia":[{"embeddable":true,"href":"https:\/\/www.alfetec.com.br\/site\/wp-json\/wp\/v2\/media\/852"}],"wp:attachment":[{"href":"https:\/\/www.alfetec.com.br\/site\/wp-json\/wp\/v2\/media?parent=191"}],"wp:term":[{"taxonomy":"product_brand","embeddable":true,"href":"https:\/\/www.alfetec.com.br\/site\/wp-json\/wp\/v2\/product_brand?post=191"},{"taxonomy":"product_cat","embeddable":true,"href":"https:\/\/www.alfetec.com.br\/site\/wp-json\/wp\/v2\/product_cat?post=191"},{"taxonomy":"product_tag","embeddable":true,"href":"https:\/\/www.alfetec.com.br\/site\/wp-json\/wp\/v2\/product_tag?post=191"}],"curies":[{"name":"wp","href":"https:\/\/api.w.org\/{rel}","templated":true}]}}