{"id":188,"date":"2022-02-18T10:21:36","date_gmt":"2022-02-18T13:21:36","guid":{"rendered":"https:\/\/www.alfetec.com.br\/site\/?post_type=product&#038;p=188"},"modified":"2025-05-16T07:26:46","modified_gmt":"2025-05-16T10:26:46","slug":"jateadora-manual-serie-b1","status":"publish","type":"product","link":"https:\/\/www.alfetec.com.br\/site\/product\/jateadora-manual-serie-b1\/","title":{"rendered":"JATEADORA PARA VIDRO SEMIAUTOM\u00c1TICA B1"},"content":{"rendered":"<p>A <b>Jateadora semiautom\u00e1tica B1<\/b> conta com sistema de avan\u00e7o e recuo do vidro por meio de uma esteira de tra\u00e7\u00e3o acionada por pedal e manuseio de pistola de jateamento efetuado de forma manual. \u00c9 multifuncional e pode jatear vidros com dimens\u00e3o m\u00e1xima de 1.30 x 3.50 metros.<\/p>\n<p>&nbsp;<\/p>\n<p><b>#Caracter\u00edsticas<\/b><\/p>\n<p>Com a <b>Jateadora semiautom\u00e1tica B1<\/b>, n\u00e3o \u00e9 necess\u00e1rio parar o jateamento para empurrar o vidro, basta acionar o pedal para fazer o avan\u00e7o e recuo do sistema de esteira. Com outro pedal, tamb\u00e9m \u00e9 poss\u00edvel acionar a pistola: pisando uma vez ela liga e se mant\u00e9m aberta, para fechar \u00e9 s\u00f3 pisar outra vez.<\/p>\n<p>O bico de jateamento \u00e9 fabricado com material especial que aumenta sua vida \u00fatil.<\/p>\n<p>Tamb\u00e9m acompanha uma grade, podendo jatear outros objetos de pequeno porte em ferro, bem como copos, garrafas, pratos etc.<\/p>\n<p>&nbsp;<\/p>\n<p><b>#Opera\u00e7\u00e3o<\/b><\/p>\n<p>Coloca-se o vidro no cavalete de entrada e deslizando o vidro para a cabina de jateamento por meio do pedal da esteira. Ap\u00f3s acionar o pedal de jateamento, a pistola expele em alta velocidade o abrasivo succionado desde o dep\u00f3sito. Durante a opera\u00e7\u00e3o, o \u00f3xido de alum\u00ednio depositado no fundo do gabinete \u00e9 novamente succionado pela pistola de jato de forma cont\u00ednua, constante e padronizada. Terminado o processo, a pe\u00e7a de vidro \u00e9 direcionada ao cavalete de sa\u00edda, com o vidro jateado e pronto.<\/p>\n<p>A m\u00e1quina funciona de forma r\u00e1pida, \u00e9 de f\u00e1cil opera\u00e7\u00e3o e amiga do meio ambiente, pois conta com sistema de exaust\u00e3o para o tratamento do p\u00f3, que resulta em p\u00f3 praticamente zero no local.<\/p>\n<p>&nbsp;<\/p>\n<p><b>#Recomenda\u00e7\u00f5es<\/b><\/p>\n<p>A Alfetec indica preferencialmente o abrasivo\u00a0\u00f3xido de alum\u00ednio, que atende os requisitos de qualidade e legisla\u00e7\u00e3o ambiental definidos pelas\u00a0NR7\u00a0(sa\u00fade do operador), NR15 (determina\u00e7\u00e3o da quantidade m\u00e1xima de p\u00f3) e\u00a0NR32\u00a0(defini\u00e7\u00f5es de jateamento).<\/p>\n<p>Para o perfeito funcionamento, recomenda-se o uso de<\/p>\n<ul>\n<li>um compressor de ar de 10 CV \/ 40 p\u00e9s (n\u00e3o incluso)<\/li>\n<li>um p\u00f3s-filtro, instalado na linha de ar que alimenta a m\u00e1quina, para reter a umidade (n\u00e3o incluso)<\/li>\n<li>um regulador de press\u00e3o de \u00be de polegada, pois a m\u00e1quina trabalha com press\u00e3o constante de 6 bar (n\u00e3o incluso)<\/li>\n<\/ul>\n","protected":false},"excerpt":{"rendered":"<p>A Jateadora semiautom\u00e1tica B1 conta com sistema de avan\u00e7o e recuo do vidro por meio de uma esteira de tra\u00e7\u00e3o acionada por pedal e manuseio de pistola de jateamento efetuado de forma manual. \u00c9 multifuncional e pode jatear vidros com dimens\u00e3o m\u00e1xima de 1.30 x 3.50 metros. &nbsp; #Caracter\u00edsticas Com a Jateadora semiautom\u00e1tica B1, n\u00e3o &hellip; <a href=\"https:\/\/www.alfetec.com.br\/site\/product\/jateadora-manual-serie-b1\/\">Continua<\/a><\/p>\n","protected":false},"featured_media":898,"template":"","meta":{"_acf_changed":false,"_pt_post_content":"A <b>Jateadora semiautom\u00e1tica B1<\/b> conta com sistema de avan\u00e7o e recuo do vidro por meio de uma esteira de tra\u00e7\u00e3o acionada por pedal e manuseio de pistola de jateamento efetuado de forma manual. \u00c9 multifuncional e pode jatear vidros com dimens\u00e3o m\u00e1xima de 1.30 x 3.50 metros.\r\n\r\n&nbsp;\r\n\r\n<b>#Caracter\u00edsticas<\/b>\r\n\r\nCom a <b>Jateadora semiautom\u00e1tica B1<\/b>, n\u00e3o \u00e9 necess\u00e1rio parar o jateamento para empurrar o vidro, basta acionar o pedal para fazer o avan\u00e7o e recuo do sistema de esteira. Com outro pedal, tamb\u00e9m \u00e9 poss\u00edvel acionar a pistola: pisando uma vez ela liga e se mant\u00e9m aberta, para fechar \u00e9 s\u00f3 pisar outra vez.\r\n\r\nO bico de jateamento \u00e9 fabricado com material especial que aumenta sua vida \u00fatil.\r\n\r\nTamb\u00e9m acompanha uma grade, podendo jatear outros objetos de pequeno porte em ferro, bem como copos, garrafas, pratos etc.\r\n\r\n&nbsp;\r\n\r\n<b>#Opera\u00e7\u00e3o<\/b>\r\n\r\nColoca-se o vidro no cavalete de entrada e deslizando o vidro para a cabina de jateamento por meio do pedal da esteira. Ap\u00f3s acionar o pedal de jateamento, a pistola expele em alta velocidade o abrasivo succionado desde o dep\u00f3sito. Durante a opera\u00e7\u00e3o, o \u00f3xido de alum\u00ednio depositado no fundo do gabinete \u00e9 novamente succionado pela pistola de jato de forma cont\u00ednua, constante e padronizada. Terminado o processo, a pe\u00e7a de vidro \u00e9 direcionada ao cavalete de sa\u00edda, com o vidro jateado e pronto.\r\n\r\nA m\u00e1quina funciona de forma r\u00e1pida, \u00e9 de f\u00e1cil opera\u00e7\u00e3o e amiga do meio ambiente, pois conta com sistema de exaust\u00e3o para o tratamento do p\u00f3, que resulta em p\u00f3 praticamente zero no local.\r\n\r\n&nbsp;\r\n\r\n<b>#Recomenda\u00e7\u00f5es<\/b>\r\n\r\nA Alfetec indica preferencialmente o abrasivo\u00a0\u00f3xido de alum\u00ednio, que atende os requisitos de qualidade e legisla\u00e7\u00e3o ambiental definidos pelas\u00a0NR7\u00a0(sa\u00fade do operador), NR15 (determina\u00e7\u00e3o da quantidade m\u00e1xima de p\u00f3) e\u00a0NR32\u00a0(defini\u00e7\u00f5es de jateamento).\r\n\r\nPara o perfeito funcionamento, recomenda-se o uso de\r\n<ul>\r\n \t<li>um compressor de ar de 10 CV \/ 40 p\u00e9s (n\u00e3o incluso)<\/li>\r\n \t<li>um p\u00f3s-filtro, instalado na linha de ar que alimenta a m\u00e1quina, para reter a umidade (n\u00e3o incluso)<\/li>\r\n \t<li>um regulador de press\u00e3o de \u00be de polegada, pois a m\u00e1quina trabalha com press\u00e3o constante de 6 bar (n\u00e3o incluso)<\/li>\r\n<\/ul>","_pt_post_name":"jateadora-manual-serie-b1","_pt_post_excerpt":"","_pt_post_title":"JATEADORA PARA VIDRO SEMIAUTOM\u00c1TICA B1","_es_post_content":"La esmeriladora semiautom\u00e1tica B1 cuenta con un sistema de avance y retroceso del vidrio accionado por pedal. Esta m\u00e1quina puede esmerilar tambi\u00e9n piezas peque\u00f1as de vidrio y otros materiales, adem\u00e1s de vasos, botellas, platos, tablas de corte etc.\u00a0 Puede realizar el esmerilado de vidrios con un tama\u00f1o m\u00e1ximo de 1.30 x 3.50 m, pudiendo esmerilar una superficie uniforme de hasta 2.60 x 3.50 m (en dos etapas).\r\n\r\n<strong>#Caracter\u00edsticas<\/strong>\r\n\r\nCon la esmeriladora semiautom\u00e1tica B1, no es necesario detener el processo para reposicionar el vidrio, pues basta acionar el pedal de avance o retroceso del vidrio para ajustar su posici\u00f3n. Con el otro pedal, es posible accionar la pistola de esmerilado: pis\u00e1ndola una vez se enciende\u00a0 y se mantiene funcionando, y pisando uma vez m\u00e1s, la pistola se detiene.\r\n\r\nLa boquilla de la pistola est\u00e1 fabricada con material de alta resistencia que aumenta su vida \u00fatil.\r\n\r\nDentro de la cabina se incluye tambi\u00e9n una rejilla de soporte ayudando a esmerilar objetos pequenos de Fierro, as\u00ed como vasos, botellas, platos, etc.\r\n\r\n<strong>#Operaci\u00f3n<\/strong>\r\n\r\nSe coloca el vidrio en el caballete de entrada y este se desplaza hacia la cabina de esmerilado al accionar el pedal de desplazamiento. Accionando el pedal de esmerilado, la pistola expele a alta velocidad el abrasivo succionado desde el dep\u00f3sito. Durante la operaci\u00f3n, el \u00f3xido de alum\u00ednio depositado al fondo del gabinete es nuevamente succionado por las pistolas de soplado, de manera cont\u00ednua y constante. El operador realiza el esmerilado de forma manual a trav\u00e9s de la ventanilla de visualizaci\u00f3n y las mangas, manipulando la pistola y los objetos a ser tratados. Terminado el proceso, accionando el pedal de desplazamiento, la pieza de vidrio se dirige hacia el caballete de salida con el esmerilado listo.\r\n\r\nLa m\u00e1quina funciona de forma r\u00e1pida, es de f\u00e1cil operaci\u00f3n y amiga del m\u00e9dio ambiente, pues cuenta con un sistema de extracci\u00f3n que resulta pr\u00e1cticamente en la ausencia de polvo en suspensi\u00f3n en el ambiente de trabajo.\r\n\r\n<strong>#Recomendaciones<\/strong>\r\n\r\nAlfetec recomienda el uso del \u00f3xido de aluminio, como material abrasivo, pues este cumple con los requisitos de calidad y de la legislaci\u00f3n ambiental definidos por las normas NR7 (salud del trabajador), NR15 (determinaci\u00f3n de la cantidad m\u00e1xima de polvo) y NR32 (definiciones sobre el proceso de esmerilado).\r\n\r\nPara el perfecto funcionamiento de la m\u00e1quina, se recomienda el uso de:\r\n<ul>\r\n \t<li>Un compresor de aire de 10 HP \/ 40 pies (no incluido)<\/li>\r\n \t<li>Un post filtro, instalado en la l\u00ednea de aire que alimenta la m\u00e1quina, para retener la humedad (no incluido)<\/li>\r\n \t<li>Un regulador de presi\u00f3n de \u00be de pulgada, ya que la m\u00e1quina trabaja con una presi\u00f3n constante de 6 bar (no incluido)<\/li>\r\n<\/ul>","_es_post_name":"esmeriladora-semiautomatica-b1","_es_post_excerpt":"","_es_post_title":"Esmeriladora Para Vidrio semiautom\u00e1tica B1","edit_language":"pt"},"product_brand":[],"product_cat":[17],"product_tag":[],"class_list":{"0":"post-188","1":"product","2":"type-product","3":"status-publish","4":"has-post-thumbnail","6":"product_cat-sem-categoria","8":"first","9":"instock","10":"shipping-taxable","11":"product-type-simple"},"acf":[],"yoast_head":"<!-- This site is optimized with the Yoast SEO plugin v27.2 - https:\/\/yoast.com\/product\/yoast-seo-wordpress\/ -->\n<title>JATEADORA PARA VIDRO SEMIAUTOM\u00c1TICA B1 - Alfetec<\/title>\n<meta name=\"robots\" content=\"index, follow, max-snippet:-1, max-image-preview:large, max-video-preview:-1\" \/>\n<link rel=\"canonical\" href=\"https:\/\/www.alfetec.com.br\/site\/es\/product\/esmeriladora-semiautomatica-b1\/\" \/>\n<meta property=\"og:locale\" content=\"pt_BR\" \/>\n<meta property=\"og:type\" content=\"article\" \/>\n<meta property=\"og:title\" content=\"JATEADORA PARA VIDRO SEMIAUTOM\u00c1TICA B1 - Alfetec\" \/>\n<meta property=\"og:description\" content=\"A Jateadora semiautom\u00e1tica B1 conta com sistema de avan\u00e7o e recuo do vidro por meio de uma esteira de tra\u00e7\u00e3o acionada por pedal e manuseio de pistola de jateamento efetuado de forma manual. \u00c9 multifuncional e pode jatear vidros com dimens\u00e3o m\u00e1xima de 1.30 x 3.50 metros. &nbsp; #Caracter\u00edsticas Com a Jateadora semiautom\u00e1tica B1, n\u00e3o &hellip; Continua\" \/>\n<meta property=\"og:url\" content=\"https:\/\/www.alfetec.com.br\/site\/es\/product\/esmeriladora-semiautomatica-b1\/\" \/>\n<meta property=\"og:site_name\" content=\"Alfetec\" \/>\n<meta property=\"article:publisher\" content=\"https:\/\/www.facebook.com\/engenhariaalfetec\" \/>\n<meta property=\"article:modified_time\" content=\"2025-05-16T10:26:46+00:00\" \/>\n<meta property=\"og:image\" content=\"https:\/\/www.alfetec.com.br\/site\/wp-content\/uploads\/2022\/02\/B1_-scaled.jpg\" \/>\n\t<meta property=\"og:image:width\" content=\"2560\" \/>\n\t<meta property=\"og:image:height\" content=\"1719\" \/>\n\t<meta property=\"og:image:type\" content=\"image\/jpeg\" \/>\n<meta name=\"twitter:card\" content=\"summary_large_image\" \/>\n<meta name=\"twitter:label1\" content=\"Est. tempo de leitura\" \/>\n\t<meta name=\"twitter:data1\" content=\"3 minutos\" \/>\n<script type=\"application\/ld+json\" class=\"yoast-schema-graph\">{\"@context\":\"https:\/\/schema.org\",\"@graph\":[{\"@type\":\"WebPage\",\"@id\":\"https:\/\/www.alfetec.com.br\/site\/es\/product\/esmeriladora-semiautomatica-b1\/\",\"url\":\"https:\/\/www.alfetec.com.br\/site\/es\/product\/esmeriladora-semiautomatica-b1\/\",\"name\":\"JATEADORA PARA VIDRO SEMIAUTOM\u00c1TICA B1 - Alfetec\",\"isPartOf\":{\"@id\":\"https:\/\/www.alfetec.com.br\/site\/#website\"},\"primaryImageOfPage\":{\"@id\":\"https:\/\/www.alfetec.com.br\/site\/es\/product\/esmeriladora-semiautomatica-b1\/#primaryimage\"},\"image\":{\"@id\":\"https:\/\/www.alfetec.com.br\/site\/es\/product\/esmeriladora-semiautomatica-b1\/#primaryimage\"},\"thumbnailUrl\":\"https:\/\/www.alfetec.com.br\/site\/wp-content\/uploads\/2022\/02\/B1_-scaled.jpg\",\"datePublished\":\"2022-02-18T13:21:36+00:00\",\"dateModified\":\"2025-05-16T10:26:46+00:00\",\"breadcrumb\":{\"@id\":\"https:\/\/www.alfetec.com.br\/site\/es\/product\/esmeriladora-semiautomatica-b1\/#breadcrumb\"},\"inLanguage\":\"pt-BR\",\"potentialAction\":[{\"@type\":\"ReadAction\",\"target\":[\"https:\/\/www.alfetec.com.br\/site\/es\/product\/esmeriladora-semiautomatica-b1\/\"]}]},{\"@type\":\"ImageObject\",\"inLanguage\":\"pt-BR\",\"@id\":\"https:\/\/www.alfetec.com.br\/site\/es\/product\/esmeriladora-semiautomatica-b1\/#primaryimage\",\"url\":\"https:\/\/www.alfetec.com.br\/site\/wp-content\/uploads\/2022\/02\/B1_-scaled.jpg\",\"contentUrl\":\"https:\/\/www.alfetec.com.br\/site\/wp-content\/uploads\/2022\/02\/B1_-scaled.jpg\",\"width\":2560,\"height\":1719},{\"@type\":\"BreadcrumbList\",\"@id\":\"https:\/\/www.alfetec.com.br\/site\/es\/product\/esmeriladora-semiautomatica-b1\/#breadcrumb\",\"itemListElement\":[{\"@type\":\"ListItem\",\"position\":1,\"name\":\"In\u00edcio\",\"item\":\"https:\/\/www.alfetec.com.br\/site\/\"},{\"@type\":\"ListItem\",\"position\":2,\"name\":\"Produtos\",\"item\":\"https:\/\/www.alfetec.com.br\/site\/produtos\/\"},{\"@type\":\"ListItem\",\"position\":3,\"name\":\"JATEADORA PARA VIDRO SEMIAUTOM\u00c1TICA B1\"}]},{\"@type\":\"WebSite\",\"@id\":\"https:\/\/www.alfetec.com.br\/site\/#website\",\"url\":\"https:\/\/www.alfetec.com.br\/site\/\",\"name\":\"Alfetec\",\"description\":\"Entregamos a solu\u00e7\u00e3o para facilitar sua m\u00e3o de obra\",\"potentialAction\":[{\"@type\":\"SearchAction\",\"target\":{\"@type\":\"EntryPoint\",\"urlTemplate\":\"https:\/\/www.alfetec.com.br\/site\/?s={search_term_string}\"},\"query-input\":{\"@type\":\"PropertyValueSpecification\",\"valueRequired\":true,\"valueName\":\"search_term_string\"}}],\"inLanguage\":\"pt-BR\"}]}<\/script>\n<!-- \/ Yoast SEO plugin. -->","yoast_head_json":{"title":"JATEADORA PARA VIDRO SEMIAUTOM\u00c1TICA B1 - Alfetec","robots":{"index":"index","follow":"follow","max-snippet":"max-snippet:-1","max-image-preview":"max-image-preview:large","max-video-preview":"max-video-preview:-1"},"canonical":"https:\/\/www.alfetec.com.br\/site\/es\/product\/esmeriladora-semiautomatica-b1\/","og_locale":"pt_BR","og_type":"article","og_title":"JATEADORA PARA VIDRO SEMIAUTOM\u00c1TICA B1 - Alfetec","og_description":"A Jateadora semiautom\u00e1tica B1 conta com sistema de avan\u00e7o e recuo do vidro por meio de uma esteira de tra\u00e7\u00e3o acionada por pedal e manuseio de pistola de jateamento efetuado de forma manual. \u00c9 multifuncional e pode jatear vidros com dimens\u00e3o m\u00e1xima de 1.30 x 3.50 metros. &nbsp; #Caracter\u00edsticas Com a Jateadora semiautom\u00e1tica B1, n\u00e3o &hellip; Continua","og_url":"https:\/\/www.alfetec.com.br\/site\/es\/product\/esmeriladora-semiautomatica-b1\/","og_site_name":"Alfetec","article_publisher":"https:\/\/www.facebook.com\/engenhariaalfetec","article_modified_time":"2025-05-16T10:26:46+00:00","og_image":[{"width":2560,"height":1719,"url":"https:\/\/www.alfetec.com.br\/site\/wp-content\/uploads\/2022\/02\/B1_-scaled.jpg","type":"image\/jpeg"}],"twitter_card":"summary_large_image","twitter_misc":{"Est. tempo de leitura":"3 minutos"},"schema":{"@context":"https:\/\/schema.org","@graph":[{"@type":"WebPage","@id":"https:\/\/www.alfetec.com.br\/site\/es\/product\/esmeriladora-semiautomatica-b1\/","url":"https:\/\/www.alfetec.com.br\/site\/es\/product\/esmeriladora-semiautomatica-b1\/","name":"JATEADORA PARA VIDRO SEMIAUTOM\u00c1TICA B1 - Alfetec","isPartOf":{"@id":"https:\/\/www.alfetec.com.br\/site\/#website"},"primaryImageOfPage":{"@id":"https:\/\/www.alfetec.com.br\/site\/es\/product\/esmeriladora-semiautomatica-b1\/#primaryimage"},"image":{"@id":"https:\/\/www.alfetec.com.br\/site\/es\/product\/esmeriladora-semiautomatica-b1\/#primaryimage"},"thumbnailUrl":"https:\/\/www.alfetec.com.br\/site\/wp-content\/uploads\/2022\/02\/B1_-scaled.jpg","datePublished":"2022-02-18T13:21:36+00:00","dateModified":"2025-05-16T10:26:46+00:00","breadcrumb":{"@id":"https:\/\/www.alfetec.com.br\/site\/es\/product\/esmeriladora-semiautomatica-b1\/#breadcrumb"},"inLanguage":"pt-BR","potentialAction":[{"@type":"ReadAction","target":["https:\/\/www.alfetec.com.br\/site\/es\/product\/esmeriladora-semiautomatica-b1\/"]}]},{"@type":"ImageObject","inLanguage":"pt-BR","@id":"https:\/\/www.alfetec.com.br\/site\/es\/product\/esmeriladora-semiautomatica-b1\/#primaryimage","url":"https:\/\/www.alfetec.com.br\/site\/wp-content\/uploads\/2022\/02\/B1_-scaled.jpg","contentUrl":"https:\/\/www.alfetec.com.br\/site\/wp-content\/uploads\/2022\/02\/B1_-scaled.jpg","width":2560,"height":1719},{"@type":"BreadcrumbList","@id":"https:\/\/www.alfetec.com.br\/site\/es\/product\/esmeriladora-semiautomatica-b1\/#breadcrumb","itemListElement":[{"@type":"ListItem","position":1,"name":"In\u00edcio","item":"https:\/\/www.alfetec.com.br\/site\/"},{"@type":"ListItem","position":2,"name":"Produtos","item":"https:\/\/www.alfetec.com.br\/site\/produtos\/"},{"@type":"ListItem","position":3,"name":"JATEADORA PARA VIDRO SEMIAUTOM\u00c1TICA B1"}]},{"@type":"WebSite","@id":"https:\/\/www.alfetec.com.br\/site\/#website","url":"https:\/\/www.alfetec.com.br\/site\/","name":"Alfetec","description":"Entregamos a solu\u00e7\u00e3o para facilitar sua m\u00e3o de obra","potentialAction":[{"@type":"SearchAction","target":{"@type":"EntryPoint","urlTemplate":"https:\/\/www.alfetec.com.br\/site\/?s={search_term_string}"},"query-input":{"@type":"PropertyValueSpecification","valueRequired":true,"valueName":"search_term_string"}}],"inLanguage":"pt-BR"}]}},"_links":{"self":[{"href":"https:\/\/www.alfetec.com.br\/site\/wp-json\/wp\/v2\/product\/188","targetHints":{"allow":["GET"]}}],"collection":[{"href":"https:\/\/www.alfetec.com.br\/site\/wp-json\/wp\/v2\/product"}],"about":[{"href":"https:\/\/www.alfetec.com.br\/site\/wp-json\/wp\/v2\/types\/product"}],"wp:featuredmedia":[{"embeddable":true,"href":"https:\/\/www.alfetec.com.br\/site\/wp-json\/wp\/v2\/media\/898"}],"wp:attachment":[{"href":"https:\/\/www.alfetec.com.br\/site\/wp-json\/wp\/v2\/media?parent=188"}],"wp:term":[{"taxonomy":"product_brand","embeddable":true,"href":"https:\/\/www.alfetec.com.br\/site\/wp-json\/wp\/v2\/product_brand?post=188"},{"taxonomy":"product_cat","embeddable":true,"href":"https:\/\/www.alfetec.com.br\/site\/wp-json\/wp\/v2\/product_cat?post=188"},{"taxonomy":"product_tag","embeddable":true,"href":"https:\/\/www.alfetec.com.br\/site\/wp-json\/wp\/v2\/product_tag?post=188"}],"curies":[{"name":"wp","href":"https:\/\/api.w.org\/{rel}","templated":true}]}}