{"id":1099,"date":"2024-08-14T10:28:49","date_gmt":"2024-08-14T13:28:49","guid":{"rendered":"https:\/\/www.alfetec.com.br\/site\/?post_type=product&#038;p=1099"},"modified":"2025-05-16T07:21:18","modified_gmt":"2025-05-16T10:21:18","slug":"paliteiro-de-estocagem-de-vidro","status":"publish","type":"product","link":"https:\/\/www.alfetec.com.br\/site\/product\/paliteiro-de-estocagem-de-vidro\/","title":{"rendered":"PALITEIRO DE ESTOCAGEM DE VIDRO"},"content":{"rendered":"<p><strong><b>CARACTERISTICAS T\u00c9CNICAS DO EQUIPAMENTO:<\/b><\/strong><\/p>\n<p>&#8211; Estocagem independente .<\/p>\n<p>&#8211; Permite instala\u00e7\u00e3o mesmo em pisos irregulares.<\/p>\n<p>&#8211; Facil transporte e facilmente reelocavel por ser desmontavel.<\/p>\n<p>&#8211; Os v\u00e3os podem ser remodelados de acordo com a carga.<\/p>\n<p>&#8211; Acabamento emburrachado nas superficies.<\/p>\n<p>Comprimento: 3000mm.<\/p>\n<p>Largura interna do v\u00e3o: 300mm.<\/p>\n<p>Altura util: 2400mm.<\/p>\n<p>Peso: 100kg.<\/p>\n","protected":false},"excerpt":{"rendered":"<p>CARACTERISTICAS T\u00c9CNICAS DO EQUIPAMENTO: &#8211; Estocagem independente . &#8211; Permite instala\u00e7\u00e3o mesmo em pisos irregulares. &#8211; Facil transporte e facilmente reelocavel por ser desmontavel. &#8211; Os v\u00e3os podem ser remodelados de acordo com a carga. &#8211; Acabamento emburrachado nas superficies. Comprimento: 3000mm. Largura interna do v\u00e3o: 300mm. Altura util: 2400mm. Peso: 100kg.<\/p>\n","protected":false},"featured_media":1096,"template":"","meta":{"_acf_changed":false,"_pt_post_content":"<strong><b>CARACTERISTICAS T\u00c9CNICAS DO EQUIPAMENTO:<\/b><\/strong>\r\n\r\n- Estocagem independente .\r\n\r\n- Permite instala\u00e7\u00e3o mesmo em pisos irregulares.\r\n\r\n- Facil transporte e facilmente reelocavel por ser desmontavel.\r\n\r\n- Os v\u00e3os podem ser remodelados de acordo com a carga.\r\n\r\n- Acabamento emburrachado nas superficies.\r\n\r\nComprimento: 3000mm.\r\n\r\nLargura interna do v\u00e3o: 300mm.\r\n\r\nAltura util: 2400mm.\r\n\r\nPeso: 100kg.","_pt_post_name":"paliteiro-de-estocagem-de-vidro","_pt_post_excerpt":"","_pt_post_title":"PALITEIRO DE ESTOCAGEM DE VIDRO","_es_post_content":"","_es_post_name":"estante-tipo-palillero-para-almacenamiento-de-vidrio","_es_post_excerpt":"","_es_post_title":"ESTANTE TIPO PALILLERO PARA ALMACENAMIENTO DE VIDRIO","edit_language":"pt"},"product_brand":[],"product_cat":[20],"product_tag":[],"class_list":{"0":"post-1099","1":"product","2":"type-product","3":"status-publish","4":"has-post-thumbnail","6":"product_cat-maquina","8":"first","9":"instock","10":"shipping-taxable","11":"product-type-simple"},"acf":[],"yoast_head":"<!-- This site is optimized with the Yoast SEO plugin v27.2 - https:\/\/yoast.com\/product\/yoast-seo-wordpress\/ -->\n<title>PALITEIRO DE ESTOCAGEM DE VIDRO - Alfetec<\/title>\n<meta name=\"robots\" content=\"index, follow, max-snippet:-1, max-image-preview:large, max-video-preview:-1\" \/>\n<link rel=\"canonical\" href=\"https:\/\/www.alfetec.com.br\/site\/es\/product\/estante-tipo-palillero-para-almacenamiento-de-vidrio\/\" \/>\n<meta property=\"og:locale\" content=\"pt_BR\" \/>\n<meta property=\"og:type\" content=\"article\" \/>\n<meta property=\"og:title\" content=\"PALITEIRO DE ESTOCAGEM DE VIDRO - Alfetec\" \/>\n<meta property=\"og:description\" content=\"CARACTERISTICAS T\u00c9CNICAS DO EQUIPAMENTO: &#8211; Estocagem independente . &#8211; Permite instala\u00e7\u00e3o mesmo em pisos irregulares. &#8211; Facil transporte e facilmente reelocavel por ser desmontavel. &#8211; Os v\u00e3os podem ser remodelados de acordo com a carga. &#8211; Acabamento emburrachado nas superficies. Comprimento: 3000mm. Largura interna do v\u00e3o: 300mm. Altura util: 2400mm. Peso: 100kg.\" \/>\n<meta property=\"og:url\" content=\"https:\/\/www.alfetec.com.br\/site\/es\/product\/estante-tipo-palillero-para-almacenamiento-de-vidrio\/\" \/>\n<meta property=\"og:site_name\" content=\"Alfetec\" \/>\n<meta property=\"article:publisher\" content=\"https:\/\/www.facebook.com\/engenhariaalfetec\" \/>\n<meta property=\"article:modified_time\" content=\"2025-05-16T10:21:18+00:00\" \/>\n<meta property=\"og:image\" content=\"https:\/\/www.alfetec.com.br\/site\/wp-content\/uploads\/2024\/08\/IMAGEM-DO-PALITEIRO.jpg\" \/>\n\t<meta property=\"og:image:width\" content=\"1912\" \/>\n\t<meta property=\"og:image:height\" content=\"886\" \/>\n\t<meta property=\"og:image:type\" content=\"image\/jpeg\" \/>\n<meta name=\"twitter:card\" content=\"summary_large_image\" \/>\n<meta name=\"twitter:label1\" content=\"Est. tempo de leitura\" \/>\n\t<meta name=\"twitter:data1\" content=\"1 minuto\" \/>\n<script type=\"application\/ld+json\" class=\"yoast-schema-graph\">{\"@context\":\"https:\/\/schema.org\",\"@graph\":[{\"@type\":\"WebPage\",\"@id\":\"https:\/\/www.alfetec.com.br\/site\/es\/product\/estante-tipo-palillero-para-almacenamiento-de-vidrio\/\",\"url\":\"https:\/\/www.alfetec.com.br\/site\/es\/product\/estante-tipo-palillero-para-almacenamiento-de-vidrio\/\",\"name\":\"PALITEIRO DE ESTOCAGEM DE VIDRO - Alfetec\",\"isPartOf\":{\"@id\":\"https:\/\/www.alfetec.com.br\/site\/#website\"},\"primaryImageOfPage\":{\"@id\":\"https:\/\/www.alfetec.com.br\/site\/es\/product\/estante-tipo-palillero-para-almacenamiento-de-vidrio\/#primaryimage\"},\"image\":{\"@id\":\"https:\/\/www.alfetec.com.br\/site\/es\/product\/estante-tipo-palillero-para-almacenamiento-de-vidrio\/#primaryimage\"},\"thumbnailUrl\":\"https:\/\/www.alfetec.com.br\/site\/wp-content\/uploads\/2024\/08\/IMAGEM-DO-PALITEIRO.jpg\",\"datePublished\":\"2024-08-14T13:28:49+00:00\",\"dateModified\":\"2025-05-16T10:21:18+00:00\",\"breadcrumb\":{\"@id\":\"https:\/\/www.alfetec.com.br\/site\/es\/product\/estante-tipo-palillero-para-almacenamiento-de-vidrio\/#breadcrumb\"},\"inLanguage\":\"pt-BR\",\"potentialAction\":[{\"@type\":\"ReadAction\",\"target\":[\"https:\/\/www.alfetec.com.br\/site\/es\/product\/estante-tipo-palillero-para-almacenamiento-de-vidrio\/\"]}]},{\"@type\":\"ImageObject\",\"inLanguage\":\"pt-BR\",\"@id\":\"https:\/\/www.alfetec.com.br\/site\/es\/product\/estante-tipo-palillero-para-almacenamiento-de-vidrio\/#primaryimage\",\"url\":\"https:\/\/www.alfetec.com.br\/site\/wp-content\/uploads\/2024\/08\/IMAGEM-DO-PALITEIRO.jpg\",\"contentUrl\":\"https:\/\/www.alfetec.com.br\/site\/wp-content\/uploads\/2024\/08\/IMAGEM-DO-PALITEIRO.jpg\",\"width\":1912,\"height\":886},{\"@type\":\"BreadcrumbList\",\"@id\":\"https:\/\/www.alfetec.com.br\/site\/es\/product\/estante-tipo-palillero-para-almacenamiento-de-vidrio\/#breadcrumb\",\"itemListElement\":[{\"@type\":\"ListItem\",\"position\":1,\"name\":\"In\u00edcio\",\"item\":\"https:\/\/www.alfetec.com.br\/site\/\"},{\"@type\":\"ListItem\",\"position\":2,\"name\":\"Produtos\",\"item\":\"https:\/\/www.alfetec.com.br\/site\/produtos\/\"},{\"@type\":\"ListItem\",\"position\":3,\"name\":\"PALITEIRO DE ESTOCAGEM DE VIDRO\"}]},{\"@type\":\"WebSite\",\"@id\":\"https:\/\/www.alfetec.com.br\/site\/#website\",\"url\":\"https:\/\/www.alfetec.com.br\/site\/\",\"name\":\"Alfetec\",\"description\":\"Entregamos a solu\u00e7\u00e3o para facilitar sua m\u00e3o de obra\",\"potentialAction\":[{\"@type\":\"SearchAction\",\"target\":{\"@type\":\"EntryPoint\",\"urlTemplate\":\"https:\/\/www.alfetec.com.br\/site\/?s={search_term_string}\"},\"query-input\":{\"@type\":\"PropertyValueSpecification\",\"valueRequired\":true,\"valueName\":\"search_term_string\"}}],\"inLanguage\":\"pt-BR\"}]}<\/script>\n<!-- \/ Yoast SEO plugin. -->","yoast_head_json":{"title":"PALITEIRO DE ESTOCAGEM DE VIDRO - Alfetec","robots":{"index":"index","follow":"follow","max-snippet":"max-snippet:-1","max-image-preview":"max-image-preview:large","max-video-preview":"max-video-preview:-1"},"canonical":"https:\/\/www.alfetec.com.br\/site\/es\/product\/estante-tipo-palillero-para-almacenamiento-de-vidrio\/","og_locale":"pt_BR","og_type":"article","og_title":"PALITEIRO DE ESTOCAGEM DE VIDRO - Alfetec","og_description":"CARACTERISTICAS T\u00c9CNICAS DO EQUIPAMENTO: &#8211; Estocagem independente . &#8211; Permite instala\u00e7\u00e3o mesmo em pisos irregulares. &#8211; Facil transporte e facilmente reelocavel por ser desmontavel. &#8211; Os v\u00e3os podem ser remodelados de acordo com a carga. &#8211; Acabamento emburrachado nas superficies. Comprimento: 3000mm. Largura interna do v\u00e3o: 300mm. Altura util: 2400mm. Peso: 100kg.","og_url":"https:\/\/www.alfetec.com.br\/site\/es\/product\/estante-tipo-palillero-para-almacenamiento-de-vidrio\/","og_site_name":"Alfetec","article_publisher":"https:\/\/www.facebook.com\/engenhariaalfetec","article_modified_time":"2025-05-16T10:21:18+00:00","og_image":[{"width":1912,"height":886,"url":"https:\/\/www.alfetec.com.br\/site\/wp-content\/uploads\/2024\/08\/IMAGEM-DO-PALITEIRO.jpg","type":"image\/jpeg"}],"twitter_card":"summary_large_image","twitter_misc":{"Est. tempo de leitura":"1 minuto"},"schema":{"@context":"https:\/\/schema.org","@graph":[{"@type":"WebPage","@id":"https:\/\/www.alfetec.com.br\/site\/es\/product\/estante-tipo-palillero-para-almacenamiento-de-vidrio\/","url":"https:\/\/www.alfetec.com.br\/site\/es\/product\/estante-tipo-palillero-para-almacenamiento-de-vidrio\/","name":"PALITEIRO DE ESTOCAGEM DE VIDRO - Alfetec","isPartOf":{"@id":"https:\/\/www.alfetec.com.br\/site\/#website"},"primaryImageOfPage":{"@id":"https:\/\/www.alfetec.com.br\/site\/es\/product\/estante-tipo-palillero-para-almacenamiento-de-vidrio\/#primaryimage"},"image":{"@id":"https:\/\/www.alfetec.com.br\/site\/es\/product\/estante-tipo-palillero-para-almacenamiento-de-vidrio\/#primaryimage"},"thumbnailUrl":"https:\/\/www.alfetec.com.br\/site\/wp-content\/uploads\/2024\/08\/IMAGEM-DO-PALITEIRO.jpg","datePublished":"2024-08-14T13:28:49+00:00","dateModified":"2025-05-16T10:21:18+00:00","breadcrumb":{"@id":"https:\/\/www.alfetec.com.br\/site\/es\/product\/estante-tipo-palillero-para-almacenamiento-de-vidrio\/#breadcrumb"},"inLanguage":"pt-BR","potentialAction":[{"@type":"ReadAction","target":["https:\/\/www.alfetec.com.br\/site\/es\/product\/estante-tipo-palillero-para-almacenamiento-de-vidrio\/"]}]},{"@type":"ImageObject","inLanguage":"pt-BR","@id":"https:\/\/www.alfetec.com.br\/site\/es\/product\/estante-tipo-palillero-para-almacenamiento-de-vidrio\/#primaryimage","url":"https:\/\/www.alfetec.com.br\/site\/wp-content\/uploads\/2024\/08\/IMAGEM-DO-PALITEIRO.jpg","contentUrl":"https:\/\/www.alfetec.com.br\/site\/wp-content\/uploads\/2024\/08\/IMAGEM-DO-PALITEIRO.jpg","width":1912,"height":886},{"@type":"BreadcrumbList","@id":"https:\/\/www.alfetec.com.br\/site\/es\/product\/estante-tipo-palillero-para-almacenamiento-de-vidrio\/#breadcrumb","itemListElement":[{"@type":"ListItem","position":1,"name":"In\u00edcio","item":"https:\/\/www.alfetec.com.br\/site\/"},{"@type":"ListItem","position":2,"name":"Produtos","item":"https:\/\/www.alfetec.com.br\/site\/produtos\/"},{"@type":"ListItem","position":3,"name":"PALITEIRO DE ESTOCAGEM DE VIDRO"}]},{"@type":"WebSite","@id":"https:\/\/www.alfetec.com.br\/site\/#website","url":"https:\/\/www.alfetec.com.br\/site\/","name":"Alfetec","description":"Entregamos a solu\u00e7\u00e3o para facilitar sua m\u00e3o de obra","potentialAction":[{"@type":"SearchAction","target":{"@type":"EntryPoint","urlTemplate":"https:\/\/www.alfetec.com.br\/site\/?s={search_term_string}"},"query-input":{"@type":"PropertyValueSpecification","valueRequired":true,"valueName":"search_term_string"}}],"inLanguage":"pt-BR"}]}},"_links":{"self":[{"href":"https:\/\/www.alfetec.com.br\/site\/wp-json\/wp\/v2\/product\/1099","targetHints":{"allow":["GET"]}}],"collection":[{"href":"https:\/\/www.alfetec.com.br\/site\/wp-json\/wp\/v2\/product"}],"about":[{"href":"https:\/\/www.alfetec.com.br\/site\/wp-json\/wp\/v2\/types\/product"}],"wp:featuredmedia":[{"embeddable":true,"href":"https:\/\/www.alfetec.com.br\/site\/wp-json\/wp\/v2\/media\/1096"}],"wp:attachment":[{"href":"https:\/\/www.alfetec.com.br\/site\/wp-json\/wp\/v2\/media?parent=1099"}],"wp:term":[{"taxonomy":"product_brand","embeddable":true,"href":"https:\/\/www.alfetec.com.br\/site\/wp-json\/wp\/v2\/product_brand?post=1099"},{"taxonomy":"product_cat","embeddable":true,"href":"https:\/\/www.alfetec.com.br\/site\/wp-json\/wp\/v2\/product_cat?post=1099"},{"taxonomy":"product_tag","embeddable":true,"href":"https:\/\/www.alfetec.com.br\/site\/wp-json\/wp\/v2\/product_tag?post=1099"}],"curies":[{"name":"wp","href":"https:\/\/api.w.org\/{rel}","templated":true}]}}