{"id":1006,"date":"2023-12-04T23:00:26","date_gmt":"2023-12-05T02:00:26","guid":{"rendered":"https:\/\/www.alfetec.com.br\/site\/?post_type=product&#038;p=1006"},"modified":"2025-05-16T07:22:55","modified_gmt":"2025-05-16T10:22:55","slug":"jateadora-flex-f2","status":"publish","type":"product","link":"https:\/\/www.alfetec.com.br\/site\/product\/jateadora-flex-f2\/","title":{"rendered":"JATEADORA PARA VIDRO FLEX F2"},"content":{"rendered":"<p data-pm-slice=\"1 1 []\">A Jateadora Flex F2 re\u00fane o jateamento autom\u00e1tico e manual na mesma m\u00e1quina.<br \/>\nConta com sistema autom\u00e1tico de f\u00e1cil opera\u00e7\u00e3o, controlado por PLC instalado no painel de comando da m\u00e1quina. Equipada com duas pistolas de jateamento, produz at\u00e9 13m\u00b2 por hora no modo autom\u00e1tico em vidros com dimens\u00e3o m\u00e1xima de 1.30 x 3.50 metros. Para o jateado manual, conta com uma pistola exclusiva para jatear qualquer pe\u00e7a que possa ser manipulada dentro da cabine.<\/p>\n","protected":false},"excerpt":{"rendered":"<p>A Jateadora Flex F2 re\u00fane o jateamento autom\u00e1tico e manual na mesma m\u00e1quina. Conta com sistema autom\u00e1tico de f\u00e1cil opera\u00e7\u00e3o, controlado por PLC instalado no painel de comando da m\u00e1quina. Equipada com duas pistolas de jateamento, produz at\u00e9 13m\u00b2 por hora no modo autom\u00e1tico em vidros com dimens\u00e3o m\u00e1xima de 1.30 x 3.50 metros. Para &hellip; <a href=\"https:\/\/www.alfetec.com.br\/site\/product\/jateadora-flex-f2\/\">Continua<\/a><\/p>\n","protected":false},"featured_media":1007,"template":"","meta":{"_acf_changed":false,"_pt_post_content":"<p data-pm-slice=\"1 1 []\">A Jateadora Flex F2 re\u00fane o jateamento autom\u00e1tico e manual na mesma m\u00e1quina.\r\nConta com sistema autom\u00e1tico de f\u00e1cil opera\u00e7\u00e3o, controlado por PLC instalado no painel de comando da m\u00e1quina. Equipada com duas pistolas de jateamento, produz at\u00e9 13m\u00b2 por hora no modo autom\u00e1tico em vidros com dimens\u00e3o m\u00e1xima de 1.30 x 3.50 metros. Para o jateado manual, conta com uma pistola exclusiva para jatear qualquer pe\u00e7a que possa ser manipulada dentro da cabine.<\/p>","_pt_post_name":"jateadora-flex-f2","_pt_post_excerpt":"","_pt_post_title":"JATEADORA PARA VIDRO FLEX F2","_es_post_content":"Con la\u00a0Esmeriladora Flex F2\u00a0tendr\u00e1s el esmerilado autom\u00e1tico y manual en la misma m\u00e1quina. Cuenta con un sistema autom\u00e1tico de f\u00e1cil operaci\u00f3n, controlado por PLC instalado en el panel de control de la m\u00e1quina. Est\u00e1 equipada con dos pistolas de soplado de alto desempe\u00f1o para operar en el modo autom\u00e1tico, produciendo hasta 15 m\u00b2 por hora en vidrios con un tama\u00f1o m\u00e1ximo de 2.10 x 3.50 metros. Para la funci\u00f3n manual, cuenta con una pistola exclusiva para esmerilar cualquier objeto dentro de la cabina.","_es_post_name":"esmeriladora-flex-f2","_es_post_excerpt":"","_es_post_title":"Esmeriladora Vidrio Flex F2","edit_language":"pt"},"product_brand":[],"product_cat":[17],"product_tag":[],"class_list":{"0":"post-1006","1":"product","2":"type-product","3":"status-publish","4":"has-post-thumbnail","6":"product_cat-sem-categoria","8":"first","9":"instock","10":"shipping-taxable","11":"product-type-simple"},"acf":[],"yoast_head":"<!-- This site is optimized with the Yoast SEO plugin v27.2 - https:\/\/yoast.com\/product\/yoast-seo-wordpress\/ -->\n<title>JATEADORA PARA VIDRO FLEX F2 - Alfetec<\/title>\n<meta name=\"description\" content=\"A Jateadora Flex F2 re\u00fane o jateamento autom\u00e1tico e manual na mesma m\u00e1quina.Conta com sistema autom\u00e1tico de f\u00e1cil opera\u00e7\u00e3o, controlado por PLC instalado no painel de comando da m\u00e1quina.\" \/>\n<meta name=\"robots\" content=\"index, follow, max-snippet:-1, max-image-preview:large, max-video-preview:-1\" \/>\n<link rel=\"canonical\" href=\"https:\/\/www.alfetec.com.br\/site\/es\/product\/esmeriladora-flex-f2\/\" \/>\n<meta property=\"og:locale\" content=\"pt_BR\" \/>\n<meta property=\"og:type\" content=\"article\" \/>\n<meta property=\"og:title\" content=\"JATEADORA PARA VIDRO FLEX F2 - Alfetec\" \/>\n<meta property=\"og:description\" content=\"A Jateadora Flex F2 re\u00fane o jateamento autom\u00e1tico e manual na mesma m\u00e1quina.Conta com sistema autom\u00e1tico de f\u00e1cil opera\u00e7\u00e3o, controlado por PLC instalado no painel de comando da m\u00e1quina.\" \/>\n<meta property=\"og:url\" content=\"https:\/\/www.alfetec.com.br\/site\/es\/product\/esmeriladora-flex-f2\/\" \/>\n<meta property=\"og:site_name\" content=\"Alfetec\" \/>\n<meta property=\"article:publisher\" content=\"https:\/\/www.facebook.com\/engenhariaalfetec\" \/>\n<meta property=\"article:modified_time\" content=\"2025-05-16T10:22:55+00:00\" \/>\n<meta property=\"og:image\" content=\"https:\/\/www.alfetec.com.br\/site\/wp-content\/uploads\/2023\/12\/alfetec_10112023__VM77232-Editar.jpg\" \/>\n\t<meta property=\"og:image:width\" content=\"1200\" \/>\n\t<meta property=\"og:image:height\" content=\"954\" \/>\n\t<meta property=\"og:image:type\" content=\"image\/jpeg\" \/>\n<meta name=\"twitter:card\" content=\"summary_large_image\" \/>\n<meta name=\"twitter:label1\" content=\"Est. tempo de leitura\" \/>\n\t<meta name=\"twitter:data1\" content=\"1 minuto\" \/>\n<script type=\"application\/ld+json\" class=\"yoast-schema-graph\">{\"@context\":\"https:\/\/schema.org\",\"@graph\":[{\"@type\":\"WebPage\",\"@id\":\"https:\/\/www.alfetec.com.br\/site\/es\/product\/esmeriladora-flex-f2\/\",\"url\":\"https:\/\/www.alfetec.com.br\/site\/es\/product\/esmeriladora-flex-f2\/\",\"name\":\"JATEADORA PARA VIDRO FLEX F2 - Alfetec\",\"isPartOf\":{\"@id\":\"https:\/\/www.alfetec.com.br\/site\/#website\"},\"primaryImageOfPage\":{\"@id\":\"https:\/\/www.alfetec.com.br\/site\/es\/product\/esmeriladora-flex-f2\/#primaryimage\"},\"image\":{\"@id\":\"https:\/\/www.alfetec.com.br\/site\/es\/product\/esmeriladora-flex-f2\/#primaryimage\"},\"thumbnailUrl\":\"https:\/\/www.alfetec.com.br\/site\/wp-content\/uploads\/2023\/12\/alfetec_10112023__VM77232-Editar.jpg\",\"datePublished\":\"2023-12-05T02:00:26+00:00\",\"dateModified\":\"2025-05-16T10:22:55+00:00\",\"description\":\"A Jateadora Flex F2 re\u00fane o jateamento autom\u00e1tico e manual na mesma m\u00e1quina.Conta com sistema autom\u00e1tico de f\u00e1cil opera\u00e7\u00e3o, controlado por PLC instalado no painel de comando da m\u00e1quina.\",\"breadcrumb\":{\"@id\":\"https:\/\/www.alfetec.com.br\/site\/es\/product\/esmeriladora-flex-f2\/#breadcrumb\"},\"inLanguage\":\"pt-BR\",\"potentialAction\":[{\"@type\":\"ReadAction\",\"target\":[\"https:\/\/www.alfetec.com.br\/site\/es\/product\/esmeriladora-flex-f2\/\"]}]},{\"@type\":\"ImageObject\",\"inLanguage\":\"pt-BR\",\"@id\":\"https:\/\/www.alfetec.com.br\/site\/es\/product\/esmeriladora-flex-f2\/#primaryimage\",\"url\":\"https:\/\/www.alfetec.com.br\/site\/wp-content\/uploads\/2023\/12\/alfetec_10112023__VM77232-Editar.jpg\",\"contentUrl\":\"https:\/\/www.alfetec.com.br\/site\/wp-content\/uploads\/2023\/12\/alfetec_10112023__VM77232-Editar.jpg\",\"width\":1200,\"height\":954},{\"@type\":\"BreadcrumbList\",\"@id\":\"https:\/\/www.alfetec.com.br\/site\/es\/product\/esmeriladora-flex-f2\/#breadcrumb\",\"itemListElement\":[{\"@type\":\"ListItem\",\"position\":1,\"name\":\"In\u00edcio\",\"item\":\"https:\/\/www.alfetec.com.br\/site\/\"},{\"@type\":\"ListItem\",\"position\":2,\"name\":\"Produtos\",\"item\":\"https:\/\/www.alfetec.com.br\/site\/produtos\/\"},{\"@type\":\"ListItem\",\"position\":3,\"name\":\"JATEADORA PARA VIDRO FLEX F2\"}]},{\"@type\":\"WebSite\",\"@id\":\"https:\/\/www.alfetec.com.br\/site\/#website\",\"url\":\"https:\/\/www.alfetec.com.br\/site\/\",\"name\":\"Alfetec\",\"description\":\"Entregamos a solu\u00e7\u00e3o para facilitar sua m\u00e3o de obra\",\"potentialAction\":[{\"@type\":\"SearchAction\",\"target\":{\"@type\":\"EntryPoint\",\"urlTemplate\":\"https:\/\/www.alfetec.com.br\/site\/?s={search_term_string}\"},\"query-input\":{\"@type\":\"PropertyValueSpecification\",\"valueRequired\":true,\"valueName\":\"search_term_string\"}}],\"inLanguage\":\"pt-BR\"}]}<\/script>\n<!-- \/ Yoast SEO plugin. -->","yoast_head_json":{"title":"JATEADORA PARA VIDRO FLEX F2 - Alfetec","description":"A Jateadora Flex F2 re\u00fane o jateamento autom\u00e1tico e manual na mesma m\u00e1quina.Conta com sistema autom\u00e1tico de f\u00e1cil opera\u00e7\u00e3o, controlado por PLC instalado no painel de comando da m\u00e1quina.","robots":{"index":"index","follow":"follow","max-snippet":"max-snippet:-1","max-image-preview":"max-image-preview:large","max-video-preview":"max-video-preview:-1"},"canonical":"https:\/\/www.alfetec.com.br\/site\/es\/product\/esmeriladora-flex-f2\/","og_locale":"pt_BR","og_type":"article","og_title":"JATEADORA PARA VIDRO FLEX F2 - Alfetec","og_description":"A Jateadora Flex F2 re\u00fane o jateamento autom\u00e1tico e manual na mesma m\u00e1quina.Conta com sistema autom\u00e1tico de f\u00e1cil opera\u00e7\u00e3o, controlado por PLC instalado no painel de comando da m\u00e1quina.","og_url":"https:\/\/www.alfetec.com.br\/site\/es\/product\/esmeriladora-flex-f2\/","og_site_name":"Alfetec","article_publisher":"https:\/\/www.facebook.com\/engenhariaalfetec","article_modified_time":"2025-05-16T10:22:55+00:00","og_image":[{"width":1200,"height":954,"url":"https:\/\/www.alfetec.com.br\/site\/wp-content\/uploads\/2023\/12\/alfetec_10112023__VM77232-Editar.jpg","type":"image\/jpeg"}],"twitter_card":"summary_large_image","twitter_misc":{"Est. tempo de leitura":"1 minuto"},"schema":{"@context":"https:\/\/schema.org","@graph":[{"@type":"WebPage","@id":"https:\/\/www.alfetec.com.br\/site\/es\/product\/esmeriladora-flex-f2\/","url":"https:\/\/www.alfetec.com.br\/site\/es\/product\/esmeriladora-flex-f2\/","name":"JATEADORA PARA VIDRO FLEX F2 - Alfetec","isPartOf":{"@id":"https:\/\/www.alfetec.com.br\/site\/#website"},"primaryImageOfPage":{"@id":"https:\/\/www.alfetec.com.br\/site\/es\/product\/esmeriladora-flex-f2\/#primaryimage"},"image":{"@id":"https:\/\/www.alfetec.com.br\/site\/es\/product\/esmeriladora-flex-f2\/#primaryimage"},"thumbnailUrl":"https:\/\/www.alfetec.com.br\/site\/wp-content\/uploads\/2023\/12\/alfetec_10112023__VM77232-Editar.jpg","datePublished":"2023-12-05T02:00:26+00:00","dateModified":"2025-05-16T10:22:55+00:00","description":"A Jateadora Flex F2 re\u00fane o jateamento autom\u00e1tico e manual na mesma m\u00e1quina.Conta com sistema autom\u00e1tico de f\u00e1cil opera\u00e7\u00e3o, controlado por PLC instalado no painel de comando da m\u00e1quina.","breadcrumb":{"@id":"https:\/\/www.alfetec.com.br\/site\/es\/product\/esmeriladora-flex-f2\/#breadcrumb"},"inLanguage":"pt-BR","potentialAction":[{"@type":"ReadAction","target":["https:\/\/www.alfetec.com.br\/site\/es\/product\/esmeriladora-flex-f2\/"]}]},{"@type":"ImageObject","inLanguage":"pt-BR","@id":"https:\/\/www.alfetec.com.br\/site\/es\/product\/esmeriladora-flex-f2\/#primaryimage","url":"https:\/\/www.alfetec.com.br\/site\/wp-content\/uploads\/2023\/12\/alfetec_10112023__VM77232-Editar.jpg","contentUrl":"https:\/\/www.alfetec.com.br\/site\/wp-content\/uploads\/2023\/12\/alfetec_10112023__VM77232-Editar.jpg","width":1200,"height":954},{"@type":"BreadcrumbList","@id":"https:\/\/www.alfetec.com.br\/site\/es\/product\/esmeriladora-flex-f2\/#breadcrumb","itemListElement":[{"@type":"ListItem","position":1,"name":"In\u00edcio","item":"https:\/\/www.alfetec.com.br\/site\/"},{"@type":"ListItem","position":2,"name":"Produtos","item":"https:\/\/www.alfetec.com.br\/site\/produtos\/"},{"@type":"ListItem","position":3,"name":"JATEADORA PARA VIDRO FLEX F2"}]},{"@type":"WebSite","@id":"https:\/\/www.alfetec.com.br\/site\/#website","url":"https:\/\/www.alfetec.com.br\/site\/","name":"Alfetec","description":"Entregamos a solu\u00e7\u00e3o para facilitar sua m\u00e3o de obra","potentialAction":[{"@type":"SearchAction","target":{"@type":"EntryPoint","urlTemplate":"https:\/\/www.alfetec.com.br\/site\/?s={search_term_string}"},"query-input":{"@type":"PropertyValueSpecification","valueRequired":true,"valueName":"search_term_string"}}],"inLanguage":"pt-BR"}]}},"_links":{"self":[{"href":"https:\/\/www.alfetec.com.br\/site\/wp-json\/wp\/v2\/product\/1006","targetHints":{"allow":["GET"]}}],"collection":[{"href":"https:\/\/www.alfetec.com.br\/site\/wp-json\/wp\/v2\/product"}],"about":[{"href":"https:\/\/www.alfetec.com.br\/site\/wp-json\/wp\/v2\/types\/product"}],"wp:featuredmedia":[{"embeddable":true,"href":"https:\/\/www.alfetec.com.br\/site\/wp-json\/wp\/v2\/media\/1007"}],"wp:attachment":[{"href":"https:\/\/www.alfetec.com.br\/site\/wp-json\/wp\/v2\/media?parent=1006"}],"wp:term":[{"taxonomy":"product_brand","embeddable":true,"href":"https:\/\/www.alfetec.com.br\/site\/wp-json\/wp\/v2\/product_brand?post=1006"},{"taxonomy":"product_cat","embeddable":true,"href":"https:\/\/www.alfetec.com.br\/site\/wp-json\/wp\/v2\/product_cat?post=1006"},{"taxonomy":"product_tag","embeddable":true,"href":"https:\/\/www.alfetec.com.br\/site\/wp-json\/wp\/v2\/product_tag?post=1006"}],"curies":[{"name":"wp","href":"https:\/\/api.w.org\/{rel}","templated":true}]}}