{"id":20,"date":"2018-04-16T09:10:58","date_gmt":"2018-04-16T12:10:58","guid":{"rendered":"http:\/\/localhost\/base\/sitenovo\/home\/"},"modified":"2023-08-22T14:55:18","modified_gmt":"2023-08-22T17:55:18","slug":"jateadora-de-vidros-com-alta-produtividade-rentabilidade-e-erformance","status":"publish","type":"page","link":"https:\/\/www.alfetec.com.br\/site\/","title":{"rendered":"Home"},"content":{"rendered":"\r\n<p>A <strong>Alfetec<\/strong> foi fundada no ano de 2020 pelos engenheiros Andr\u00e9 Macedo e Wagner Xavier para atender a demanda nacional de <strong>m\u00e1quinas de jateamento de vidros.<\/strong><\/p>\r\n\r\n\r\n\r\n<p>Oferecemos solu\u00e7\u00f5es inovadoras para o mercado de<strong> beneficiamento de vidro<\/strong> com uma ampla linha de m\u00e1quinas jateadoras autom\u00e1ticas, semiautom\u00e1ticas e manuais, al\u00e9m da linha de m\u00e1quinas lapidadoras de vidro.<\/p>\r\n","protected":false},"excerpt":{"rendered":"<p>A Alfetec foi fundada no ano de 2020 pelos engenheiros Andr\u00e9 Macedo e Wagner Xavier para atender a demanda nacional de m\u00e1quinas de jateamento de vidros. Oferecemos solu\u00e7\u00f5es inovadoras para o mercado de beneficiamento de vidro com uma ampla linha de m\u00e1quinas jateadoras autom\u00e1ticas, semiautom\u00e1ticas e manuais, al\u00e9m da linha de m\u00e1quinas lapidadoras de vidro.<\/p>\n","protected":false},"author":3,"featured_media":0,"parent":0,"menu_order":-1,"comment_status":"closed","ping_status":"closed","template":"page-home.php","meta":{"_acf_changed":false,"_pt_post_content":"<!-- wp:paragraph -->\r\n<p>A <strong>Alfetec<\/strong> foi fundada no ano de 2020 pelos engenheiros Andr\u00e9 Macedo e Wagner Xavier para atender a demanda nacional de <strong>m\u00e1quinas de jateamento de vidros.<\/strong><\/p>\r\n<!-- \/wp:paragraph -->\r\n\r\n<!-- wp:paragraph -->\r\n<p>Oferecemos solu\u00e7\u00f5es inovadoras para o mercado de<strong> beneficiamento de vidro<\/strong> com uma ampla linha de m\u00e1quinas jateadoras autom\u00e1ticas, semiautom\u00e1ticas e manuais, al\u00e9m da linha de m\u00e1quinas lapidadoras de vidro.<\/p>\r\n<!-- \/wp:paragraph -->","_pt_post_name":"jateadora-de-vidros-com-alta-produtividade-rentabilidade-e-erformance","_pt_post_excerpt":"","_pt_post_title":"Home","_es_post_content":"<p><strong>Alfetec<\/strong> fue fundada en el a\u00f1o 2020 por los ingenieros Andr\u00e9 Macedo y Wagner Xavier para atender la demanda nacional de <strong>m\u00e1quinas esmeriladoras de vidrio. <\/strong><\/p>\r\n<p>Ofrecemos soluciones innovadoras para la<strong> industria del vidrio<\/strong> con nuestra amplia l\u00ednea de m\u00e1quinas esmeriladoras autom\u00e1ticas, semiautom\u00e1ticas y manuales, adem\u00e1s de la l\u00ednea de m\u00e1quinas canteadoras de vidrio.<\/p>","_es_post_name":"jateadora-de-vidros-com-alta-produtividade-rentabilidade-e-erformance","_es_post_excerpt":"","_es_post_title":"","edit_language":"pt","footnotes":""},"class_list":["post-20","page","type-page","status-publish","hentry"],"acf":[],"yoast_head":"<!-- This site is optimized with the Yoast SEO plugin v27.2 - https:\/\/yoast.com\/product\/yoast-seo-wordpress\/ -->\n<title>Alfetec - Entregamos a solu\u00e7\u00e3o para facilitar sua m\u00e3o de obra<\/title>\n<meta name=\"description\" content=\"Cria\u00e7\u00e3o e desenvolvimento de m\u00e1quinas e equipamentos: jateadoras autom\u00e1ticas, semiautom\u00e1ticas e manuais para vidros, pedras e metais.\" \/>\n<meta name=\"robots\" content=\"index, follow, max-snippet:-1, max-image-preview:large, max-video-preview:-1\" \/>\n<link rel=\"canonical\" href=\"https:\/\/www.alfetec.com.br\/site\/\" \/>\n<meta property=\"og:locale\" content=\"pt_BR\" \/>\n<meta property=\"og:type\" content=\"article\" \/>\n<meta property=\"og:title\" content=\"https:\/\/www.facebook.com\/Alfetec\/\" \/>\n<meta property=\"og:description\" content=\"Com mais de 20 anos de experi\u00eancia em engenharia mec\u00e2nica e em desenvolvimento de equipamentos de alta performance, os empreendedores Andr\u00e9 Macedo e Wagner Xavier iniciaram a produ\u00e7\u00e3o de m\u00e1quinas de jateamento de vidros e pedras nas configura\u00e7\u00f5es autom\u00e1tica, semiautom\u00e1tica e manual.\" \/>\n<meta property=\"og:url\" content=\"https:\/\/www.alfetec.com.br\/site\/\" \/>\n<meta property=\"og:site_name\" content=\"Alfetec\" \/>\n<meta property=\"article:publisher\" content=\"https:\/\/www.facebook.com\/engenhariaalfetec\" \/>\n<meta property=\"article:modified_time\" content=\"2023-08-22T17:55:18+00:00\" \/>\n<meta property=\"og:image\" content=\"https:\/\/www.alfetec.com.br\/site\/wp-content\/uploads\/2022\/05\/Alfetec-2022-Avatar-PF.png\" \/>\n\t<meta property=\"og:image:width\" content=\"180\" \/>\n\t<meta property=\"og:image:height\" content=\"180\" \/>\n\t<meta property=\"og:image:type\" content=\"image\/png\" \/>\n<meta name=\"twitter:card\" content=\"summary_large_image\" \/>\n<meta name=\"twitter:label1\" content=\"Est. tempo de leitura\" \/>\n\t<meta name=\"twitter:data1\" content=\"1 minuto\" \/>\n<script type=\"application\/ld+json\" class=\"yoast-schema-graph\">{\"@context\":\"https:\/\/schema.org\",\"@graph\":[{\"@type\":\"WebPage\",\"@id\":\"https:\/\/www.alfetec.com.br\/site\/\",\"url\":\"https:\/\/www.alfetec.com.br\/site\/\",\"name\":\"Alfetec - Entregamos a solu\u00e7\u00e3o para facilitar sua m\u00e3o de obra\",\"isPartOf\":{\"@id\":\"https:\/\/www.alfetec.com.br\/site\/#website\"},\"datePublished\":\"2018-04-16T12:10:58+00:00\",\"dateModified\":\"2023-08-22T17:55:18+00:00\",\"description\":\"Cria\u00e7\u00e3o e desenvolvimento de m\u00e1quinas e equipamentos: jateadoras autom\u00e1ticas, semiautom\u00e1ticas e manuais para vidros, pedras e metais.\",\"breadcrumb\":{\"@id\":\"https:\/\/www.alfetec.com.br\/site\/#breadcrumb\"},\"inLanguage\":\"pt-BR\",\"potentialAction\":[{\"@type\":\"ReadAction\",\"target\":[\"https:\/\/www.alfetec.com.br\/site\/\"]}]},{\"@type\":\"BreadcrumbList\",\"@id\":\"https:\/\/www.alfetec.com.br\/site\/#breadcrumb\",\"itemListElement\":[{\"@type\":\"ListItem\",\"position\":1,\"name\":\"In\u00edcio\",\"item\":\"https:\/\/www.alfetec.com.br\/site\/\"},{\"@type\":\"ListItem\",\"position\":2,\"name\":\"Home\"}]},{\"@type\":\"WebSite\",\"@id\":\"https:\/\/www.alfetec.com.br\/site\/#website\",\"url\":\"https:\/\/www.alfetec.com.br\/site\/\",\"name\":\"Alfetec\",\"description\":\"Entregamos a solu\u00e7\u00e3o para facilitar sua m\u00e3o de obra\",\"potentialAction\":[{\"@type\":\"SearchAction\",\"target\":{\"@type\":\"EntryPoint\",\"urlTemplate\":\"https:\/\/www.alfetec.com.br\/site\/?s={search_term_string}\"},\"query-input\":{\"@type\":\"PropertyValueSpecification\",\"valueRequired\":true,\"valueName\":\"search_term_string\"}}],\"inLanguage\":\"pt-BR\"}]}<\/script>\n<!-- \/ Yoast SEO plugin. -->","yoast_head_json":{"title":"Alfetec - Entregamos a solu\u00e7\u00e3o para facilitar sua m\u00e3o de obra","description":"Cria\u00e7\u00e3o e desenvolvimento de m\u00e1quinas e equipamentos: jateadoras autom\u00e1ticas, semiautom\u00e1ticas e manuais para vidros, pedras e metais.","robots":{"index":"index","follow":"follow","max-snippet":"max-snippet:-1","max-image-preview":"max-image-preview:large","max-video-preview":"max-video-preview:-1"},"canonical":"https:\/\/www.alfetec.com.br\/site\/","og_locale":"pt_BR","og_type":"article","og_title":"https:\/\/www.facebook.com\/Alfetec\/","og_description":"Com mais de 20 anos de experi\u00eancia em engenharia mec\u00e2nica e em desenvolvimento de equipamentos de alta performance, os empreendedores Andr\u00e9 Macedo e Wagner Xavier iniciaram a produ\u00e7\u00e3o de m\u00e1quinas de jateamento de vidros e pedras nas configura\u00e7\u00f5es autom\u00e1tica, semiautom\u00e1tica e manual.","og_url":"https:\/\/www.alfetec.com.br\/site\/","og_site_name":"Alfetec","article_publisher":"https:\/\/www.facebook.com\/engenhariaalfetec","article_modified_time":"2023-08-22T17:55:18+00:00","og_image":[{"width":180,"height":180,"url":"https:\/\/www.alfetec.com.br\/site\/wp-content\/uploads\/2022\/05\/Alfetec-2022-Avatar-PF.png","type":"image\/png"}],"twitter_card":"summary_large_image","twitter_misc":{"Est. tempo de leitura":"1 minuto"},"schema":{"@context":"https:\/\/schema.org","@graph":[{"@type":"WebPage","@id":"https:\/\/www.alfetec.com.br\/site\/","url":"https:\/\/www.alfetec.com.br\/site\/","name":"Alfetec - Entregamos a solu\u00e7\u00e3o para facilitar sua m\u00e3o de obra","isPartOf":{"@id":"https:\/\/www.alfetec.com.br\/site\/#website"},"datePublished":"2018-04-16T12:10:58+00:00","dateModified":"2023-08-22T17:55:18+00:00","description":"Cria\u00e7\u00e3o e desenvolvimento de m\u00e1quinas e equipamentos: jateadoras autom\u00e1ticas, semiautom\u00e1ticas e manuais para vidros, pedras e metais.","breadcrumb":{"@id":"https:\/\/www.alfetec.com.br\/site\/#breadcrumb"},"inLanguage":"pt-BR","potentialAction":[{"@type":"ReadAction","target":["https:\/\/www.alfetec.com.br\/site\/"]}]},{"@type":"BreadcrumbList","@id":"https:\/\/www.alfetec.com.br\/site\/#breadcrumb","itemListElement":[{"@type":"ListItem","position":1,"name":"In\u00edcio","item":"https:\/\/www.alfetec.com.br\/site\/"},{"@type":"ListItem","position":2,"name":"Home"}]},{"@type":"WebSite","@id":"https:\/\/www.alfetec.com.br\/site\/#website","url":"https:\/\/www.alfetec.com.br\/site\/","name":"Alfetec","description":"Entregamos a solu\u00e7\u00e3o para facilitar sua m\u00e3o de obra","potentialAction":[{"@type":"SearchAction","target":{"@type":"EntryPoint","urlTemplate":"https:\/\/www.alfetec.com.br\/site\/?s={search_term_string}"},"query-input":{"@type":"PropertyValueSpecification","valueRequired":true,"valueName":"search_term_string"}}],"inLanguage":"pt-BR"}]}},"_links":{"self":[{"href":"https:\/\/www.alfetec.com.br\/site\/wp-json\/wp\/v2\/pages\/20","targetHints":{"allow":["GET"]}}],"collection":[{"href":"https:\/\/www.alfetec.com.br\/site\/wp-json\/wp\/v2\/pages"}],"about":[{"href":"https:\/\/www.alfetec.com.br\/site\/wp-json\/wp\/v2\/types\/page"}],"author":[{"embeddable":true,"href":"https:\/\/www.alfetec.com.br\/site\/wp-json\/wp\/v2\/users\/3"}],"replies":[{"embeddable":true,"href":"https:\/\/www.alfetec.com.br\/site\/wp-json\/wp\/v2\/comments?post=20"}],"version-history":[{"count":33,"href":"https:\/\/www.alfetec.com.br\/site\/wp-json\/wp\/v2\/pages\/20\/revisions"}],"predecessor-version":[{"id":957,"href":"https:\/\/www.alfetec.com.br\/site\/wp-json\/wp\/v2\/pages\/20\/revisions\/957"}],"wp:attachment":[{"href":"https:\/\/www.alfetec.com.br\/site\/wp-json\/wp\/v2\/media?parent=20"}],"curies":[{"name":"wp","href":"https:\/\/api.w.org\/{rel}","templated":true}]}}