{"id":13,"date":"2018-04-16T08:50:09","date_gmt":"2018-04-16T11:50:09","guid":{"rendered":"http:\/\/localhost\/base\/sitenovo\/?page_id=13"},"modified":"2024-10-25T09:42:20","modified_gmt":"2024-10-25T12:42:20","slug":"maquinas-para-beneficiamento-de-vidros","status":"publish","type":"page","link":"https:\/\/www.alfetec.com.br\/site\/maquinas-para-beneficiamento-de-vidros\/","title":{"rendered":"Empresa"},"content":{"rendered":"\r\n<p>A Alfetec foi fundada no ano de 2020 pelos engenheiros Andr\u00e9 Macedo e Wagner Xavier para atender a demanda nacional de <b>M\u00e1quinas para beneficiamento de vidro<\/b>.<\/p>\r\n\r\n\r\n\r\n<p>Instalada em Alfenas, sul de Minas Gerais, Brasil, a Alfetec produz m\u00e1quinas 100% nacionais, reduzindo assim os custos elevados para o consumidor final e aumentando a qualidade para nossos clientes.<\/p>\r\n\r\n\r\n\r\n<p>Projetamos, fabricamos e comercializamos solu\u00e7\u00f5es inovadoras para o mercado de beneficiamento de vidros com uma ampla linha de m\u00e1quinas jateadoras autom\u00e1ticas, semiautom\u00e1ticas e manuais, al\u00e9m da linha de m\u00e1quinas lapidadoras de vidro.\u00a0<\/p>\r\n\r\n\r\n\r\n<p>Temos mais de 130 m\u00e1quinas distribu\u00eddas por todo o Brasil e buscamos sempre a excel\u00eancia no atendimento \u00e0s necessidades dos nossos clientes.<\/p>\r\n\r\n\r\n\r\n<p>Atualmente, continuamos nossa expans\u00e3o para atender todo o territ\u00f3rio brasileiro e o mercado internacional.<\/p>\r\n\r\n\r\n\r\n<div class=\"wp-block-spacer\" style=\"height: 50px;\" aria-hidden=\"true\">\u00a0<\/div>\r\n\r\n\r\n\r\n<h2 class=\"wp-block-heading\" id=\"missao\"><strong>Miss\u00e3o<\/strong><\/h2>\r\n\r\n\r\n\r\n<p>Oferecer qualidade, baixo custo, inova\u00e7\u00e3o e rentabilidade a nossos clientes, ampliando o mercado de equipamentos de beneficiamento de vidros e fortalecendo a ind\u00fastria nacional.<\/p>\r\n\r\n\r\n\r\n<p><strong>Responsabilidade ambiental<\/strong><\/p>\r\n\r\n\r\n\r\n<p>A Alfetec se compromete com resultados sustent\u00e1veis ao oferecer um ambiente de trabalho seguro e saud\u00e1vel e minimizar o impacto ambiental de seus produtos e processos. Com esse fim, desenvolvemos e patenteamos um sistema eficiente de dupla filtragem, respons\u00e1vel pela redu\u00e7\u00e3o de p\u00f3 no ambiente de trabalho, em conformidade com as normas nacionais para a redu\u00e7\u00e3o de poeira (NR34), o cuidado com a sa\u00fade dos colaboradores (NR7) e a preserva\u00e7\u00e3o do meio ambiente (NR15).<\/p>\r\n","protected":false},"excerpt":{"rendered":"<p>A Alfetec foi fundada no ano de 2020 pelos engenheiros Andr\u00e9 Macedo e Wagner Xavier para atender a demanda nacional de M\u00e1quinas para beneficiamento de vidro. Instalada em Alfenas, sul de Minas Gerais, Brasil, a Alfetec produz m\u00e1quinas 100% nacionais, reduzindo assim os custos elevados para o consumidor final e aumentando a qualidade para nossos &hellip; <a href=\"https:\/\/www.alfetec.com.br\/site\/maquinas-para-beneficiamento-de-vidros\/\">Continua<\/a><\/p>\n","protected":false},"author":3,"featured_media":0,"parent":0,"menu_order":0,"comment_status":"closed","ping_status":"closed","template":"page-padrao.php","meta":{"_acf_changed":false,"_pt_post_content":"<!-- wp:paragraph -->\r\n<p>A Alfetec foi fundada no ano de 2020 pelos engenheiros Andr\u00e9 Macedo e Wagner Xavier para atender a demanda nacional de <b>M\u00e1quinas para beneficiamento de vidro<\/b>.<\/p>\r\n<!-- \/wp:paragraph -->\r\n\r\n<!-- wp:paragraph -->\r\n<p>Instalada em Alfenas, sul de Minas Gerais, Brasil, a Alfetec produz m\u00e1quinas 100% nacionais, reduzindo assim os custos elevados para o consumidor final e aumentando a qualidade para nossos clientes.<\/p>\r\n<!-- \/wp:paragraph -->\r\n\r\n<!-- wp:paragraph -->\r\n<p>Projetamos, fabricamos e comercializamos solu\u00e7\u00f5es inovadoras para o mercado de beneficiamento de vidros com uma ampla linha de m\u00e1quinas jateadoras autom\u00e1ticas, semiautom\u00e1ticas e manuais, al\u00e9m da linha de m\u00e1quinas lapidadoras de vidro.\u00a0<\/p>\r\n<!-- \/wp:paragraph -->\r\n\r\n<!-- wp:paragraph -->\r\n<p>Temos mais de 130 m\u00e1quinas distribu\u00eddas por todo o Brasil e buscamos sempre a excel\u00eancia no atendimento \u00e0s necessidades dos nossos clientes.<\/p>\r\n<!-- \/wp:paragraph -->\r\n\r\n<!-- wp:paragraph -->\r\n<p>Atualmente, continuamos nossa expans\u00e3o para atender todo o territ\u00f3rio brasileiro e o mercado internacional.<\/p>\r\n<!-- \/wp:paragraph -->\r\n\r\n<!-- wp:spacer {\"height\":\"50px\"} -->\r\n<div class=\"wp-block-spacer\" style=\"height: 50px;\" aria-hidden=\"true\">\u00a0<\/div>\r\n<!-- \/wp:spacer -->\r\n\r\n<!-- wp:heading -->\r\n<h2 id=\"missao\"><strong>Miss\u00e3o<\/strong><\/h2>\r\n<!-- \/wp:heading -->\r\n\r\n<!-- wp:paragraph -->\r\n<p>Oferecer qualidade, baixo custo, inova\u00e7\u00e3o e rentabilidade a nossos clientes, ampliando o mercado de equipamentos de beneficiamento de vidros e fortalecendo a ind\u00fastria nacional.<\/p>\r\n<!-- \/wp:paragraph -->\r\n\r\n<!-- wp:paragraph -->\r\n<p><strong>Responsabilidade ambiental<\/strong><\/p>\r\n<!-- \/wp:paragraph -->\r\n\r\n<!-- wp:paragraph -->\r\n<p>A Alfetec se compromete com resultados sustent\u00e1veis ao oferecer um ambiente de trabalho seguro e saud\u00e1vel e minimizar o impacto ambiental de seus produtos e processos. Com esse fim, desenvolvemos e patenteamos um sistema eficiente de dupla filtragem, respons\u00e1vel pela redu\u00e7\u00e3o de p\u00f3 no ambiente de trabalho, em conformidade com as normas nacionais para a redu\u00e7\u00e3o de poeira (NR34), o cuidado com a sa\u00fade dos colaboradores (NR7) e a preserva\u00e7\u00e3o do meio ambiente (NR15).<\/p>\r\n<!-- \/wp:paragraph -->","_pt_post_name":"maquinas-para-beneficiamento-de-vidros","_pt_post_excerpt":"","_pt_post_title":"Empresa","_es_post_content":"<p><strong>Alfetec<\/strong> fue fundada en el a\u00f1o 2020 por los ingenieros Andr\u00e9 Macedo y Wagner Xavier para atender la demanda nacional de m\u00e1quinas esmeriladoras de vidrio.<\/p>\r\n<p>Instalada en la ciudad de Alfenas, Brasil, Alfetec produce m\u00e1quinas 100% nacionales, reduciendo as\u00ed los costos para el consumidor final y aumentando la rentabilidad en el mercado del tratamiento de vidrio.<\/p>\r\n<p>Proyectamos, fabricamos y comercializamos soluciones innovadoras, con una amplia l\u00ednea de m\u00e1quinas esmeriladoras autom\u00e1ticas, semiautom\u00e1ticas y manuales, adem\u00e1s de la l\u00ednea de m\u00e1quinas lapidadoras de vidrio.<\/p>\r\n<p>Contamos con m\u00e1s de 100 m\u00e1quinas instaladas por todo Brasil y buscamos siempre la excelencia al atender las necesidades de nuestros clientes.<\/p>\r\n<p>Actualmente, continuamos con nuestra expansi\u00f3n para atender a todo el territorio brasile\u00f1o y el mercado internacional.<\/p>\r\n<h2 id=\"missao\"><strong>Misi\u00f3n<\/strong><\/h2>\r\n<p>Ofrecer calidad, bajo costo, innovaci\u00f3n y rentabilidad, ampliando el mercado de m\u00e1quinas para el procesamiento del vidrio y fortaleciendo la industria nacional.<\/p>\r\n<p><strong>Responsabilidad ambiental<\/strong><\/p>\r\n<p>Alfetec se compromete a proporcionar resultados sostenibles, ofreciendo un ambiente de trabajo seguro y saludable, minimizando el impacto ambiental de sus produtos y procesos. Con ese objetivo, desarrollamos y patentamos un sistema eficiente de doble filtrado, responsable por la reducci\u00f3n del polvo en el ambiente de trabajo, de acuerdo con las normas nacionales para la reducci\u00f3n del polvo en suspensi\u00f3n (NR34), el cuidado de la salud de los trabajadores (NR7) y la preservaci\u00f3n del medio ambiente (NR15).<\/p>","_es_post_name":"empresa","_es_post_excerpt":"","_es_post_title":"La empresa","edit_language":"pt","footnotes":""},"class_list":["post-13","page","type-page","status-publish","hentry"],"acf":[],"yoast_head":"<!-- This site is optimized with the Yoast SEO plugin v27.2 - https:\/\/yoast.com\/product\/yoast-seo-wordpress\/ -->\n<title>Alfetec - M\u00e1quinas para beneficiamento de vidro<\/title>\n<meta name=\"description\" content=\"Projetamos, fabricamos e comercializamos solu\u00e7\u00f5es inovadoras para o mercado de m\u00e1quinas para beneficiamento de vidros com uma ampla linha de m\u00e1quinas jateadoras autom\u00e1ticas, semiautom\u00e1ticas e manuais, al\u00e9m da linha de m\u00e1quinas lapidadoras de vidro.\u00a0 Fa\u00e7a cota\u00e7\u00e3o\" \/>\n<meta name=\"robots\" content=\"index, follow, max-snippet:-1, max-image-preview:large, max-video-preview:-1\" \/>\n<link rel=\"canonical\" href=\"https:\/\/www.alfetec.com.br\/site\/maquinas-para-beneficiamento-de-vidros\/\" \/>\n<meta property=\"og:locale\" content=\"pt_BR\" \/>\n<meta property=\"og:type\" content=\"article\" \/>\n<meta property=\"og:title\" content=\"Alfetec - M\u00e1quinas para beneficiamento de vidro\" \/>\n<meta property=\"og:description\" content=\"Projetamos, fabricamos e comercializamos solu\u00e7\u00f5es inovadoras para o mercado de m\u00e1quinas para beneficiamento de vidros com uma ampla linha de m\u00e1quinas jateadoras autom\u00e1ticas, semiautom\u00e1ticas e manuais, al\u00e9m da linha de m\u00e1quinas lapidadoras de vidro.\u00a0 Fa\u00e7a cota\u00e7\u00e3o\" \/>\n<meta property=\"og:url\" content=\"https:\/\/www.alfetec.com.br\/site\/maquinas-para-beneficiamento-de-vidros\/\" \/>\n<meta property=\"og:site_name\" content=\"Alfetec\" \/>\n<meta property=\"article:publisher\" content=\"https:\/\/www.facebook.com\/engenhariaalfetec\" \/>\n<meta property=\"article:modified_time\" content=\"2024-10-25T12:42:20+00:00\" \/>\n<meta name=\"twitter:card\" content=\"summary_large_image\" \/>\n<meta name=\"twitter:label1\" content=\"Est. tempo de leitura\" \/>\n\t<meta name=\"twitter:data1\" content=\"2 minutos\" \/>\n<script type=\"application\/ld+json\" class=\"yoast-schema-graph\">{\"@context\":\"https:\/\/schema.org\",\"@graph\":[{\"@type\":\"WebPage\",\"@id\":\"https:\/\/www.alfetec.com.br\/site\/maquinas-para-beneficiamento-de-vidros\/\",\"url\":\"https:\/\/www.alfetec.com.br\/site\/maquinas-para-beneficiamento-de-vidros\/\",\"name\":\"Alfetec - M\u00e1quinas para beneficiamento de vidro\",\"isPartOf\":{\"@id\":\"https:\/\/www.alfetec.com.br\/site\/#website\"},\"datePublished\":\"2018-04-16T11:50:09+00:00\",\"dateModified\":\"2024-10-25T12:42:20+00:00\",\"description\":\"Projetamos, fabricamos e comercializamos solu\u00e7\u00f5es inovadoras para o mercado de m\u00e1quinas para beneficiamento de vidros com uma ampla linha de m\u00e1quinas jateadoras autom\u00e1ticas, semiautom\u00e1ticas e manuais, al\u00e9m da linha de m\u00e1quinas lapidadoras de vidro.\u00a0 Fa\u00e7a cota\u00e7\u00e3o\",\"breadcrumb\":{\"@id\":\"https:\/\/www.alfetec.com.br\/site\/maquinas-para-beneficiamento-de-vidros\/#breadcrumb\"},\"inLanguage\":\"pt-BR\",\"potentialAction\":[{\"@type\":\"ReadAction\",\"target\":[\"https:\/\/www.alfetec.com.br\/site\/maquinas-para-beneficiamento-de-vidros\/\"]}]},{\"@type\":\"BreadcrumbList\",\"@id\":\"https:\/\/www.alfetec.com.br\/site\/maquinas-para-beneficiamento-de-vidros\/#breadcrumb\",\"itemListElement\":[{\"@type\":\"ListItem\",\"position\":1,\"name\":\"In\u00edcio\",\"item\":\"https:\/\/www.alfetec.com.br\/site\/\"},{\"@type\":\"ListItem\",\"position\":2,\"name\":\"Empresa\"}]},{\"@type\":\"WebSite\",\"@id\":\"https:\/\/www.alfetec.com.br\/site\/#website\",\"url\":\"https:\/\/www.alfetec.com.br\/site\/\",\"name\":\"Alfetec\",\"description\":\"Entregamos a solu\u00e7\u00e3o para facilitar sua m\u00e3o de obra\",\"potentialAction\":[{\"@type\":\"SearchAction\",\"target\":{\"@type\":\"EntryPoint\",\"urlTemplate\":\"https:\/\/www.alfetec.com.br\/site\/?s={search_term_string}\"},\"query-input\":{\"@type\":\"PropertyValueSpecification\",\"valueRequired\":true,\"valueName\":\"search_term_string\"}}],\"inLanguage\":\"pt-BR\"}]}<\/script>\n<!-- \/ Yoast SEO plugin. -->","yoast_head_json":{"title":"Alfetec - M\u00e1quinas para beneficiamento de vidro","description":"Projetamos, fabricamos e comercializamos solu\u00e7\u00f5es inovadoras para o mercado de m\u00e1quinas para beneficiamento de vidros com uma ampla linha de m\u00e1quinas jateadoras autom\u00e1ticas, semiautom\u00e1ticas e manuais, al\u00e9m da linha de m\u00e1quinas lapidadoras de vidro.\u00a0 Fa\u00e7a cota\u00e7\u00e3o","robots":{"index":"index","follow":"follow","max-snippet":"max-snippet:-1","max-image-preview":"max-image-preview:large","max-video-preview":"max-video-preview:-1"},"canonical":"https:\/\/www.alfetec.com.br\/site\/maquinas-para-beneficiamento-de-vidros\/","og_locale":"pt_BR","og_type":"article","og_title":"Alfetec - M\u00e1quinas para beneficiamento de vidro","og_description":"Projetamos, fabricamos e comercializamos solu\u00e7\u00f5es inovadoras para o mercado de m\u00e1quinas para beneficiamento de vidros com uma ampla linha de m\u00e1quinas jateadoras autom\u00e1ticas, semiautom\u00e1ticas e manuais, al\u00e9m da linha de m\u00e1quinas lapidadoras de vidro.\u00a0 Fa\u00e7a cota\u00e7\u00e3o","og_url":"https:\/\/www.alfetec.com.br\/site\/maquinas-para-beneficiamento-de-vidros\/","og_site_name":"Alfetec","article_publisher":"https:\/\/www.facebook.com\/engenhariaalfetec","article_modified_time":"2024-10-25T12:42:20+00:00","twitter_card":"summary_large_image","twitter_misc":{"Est. tempo de leitura":"2 minutos"},"schema":{"@context":"https:\/\/schema.org","@graph":[{"@type":"WebPage","@id":"https:\/\/www.alfetec.com.br\/site\/maquinas-para-beneficiamento-de-vidros\/","url":"https:\/\/www.alfetec.com.br\/site\/maquinas-para-beneficiamento-de-vidros\/","name":"Alfetec - M\u00e1quinas para beneficiamento de vidro","isPartOf":{"@id":"https:\/\/www.alfetec.com.br\/site\/#website"},"datePublished":"2018-04-16T11:50:09+00:00","dateModified":"2024-10-25T12:42:20+00:00","description":"Projetamos, fabricamos e comercializamos solu\u00e7\u00f5es inovadoras para o mercado de m\u00e1quinas para beneficiamento de vidros com uma ampla linha de m\u00e1quinas jateadoras autom\u00e1ticas, semiautom\u00e1ticas e manuais, al\u00e9m da linha de m\u00e1quinas lapidadoras de vidro.\u00a0 Fa\u00e7a cota\u00e7\u00e3o","breadcrumb":{"@id":"https:\/\/www.alfetec.com.br\/site\/maquinas-para-beneficiamento-de-vidros\/#breadcrumb"},"inLanguage":"pt-BR","potentialAction":[{"@type":"ReadAction","target":["https:\/\/www.alfetec.com.br\/site\/maquinas-para-beneficiamento-de-vidros\/"]}]},{"@type":"BreadcrumbList","@id":"https:\/\/www.alfetec.com.br\/site\/maquinas-para-beneficiamento-de-vidros\/#breadcrumb","itemListElement":[{"@type":"ListItem","position":1,"name":"In\u00edcio","item":"https:\/\/www.alfetec.com.br\/site\/"},{"@type":"ListItem","position":2,"name":"Empresa"}]},{"@type":"WebSite","@id":"https:\/\/www.alfetec.com.br\/site\/#website","url":"https:\/\/www.alfetec.com.br\/site\/","name":"Alfetec","description":"Entregamos a solu\u00e7\u00e3o para facilitar sua m\u00e3o de obra","potentialAction":[{"@type":"SearchAction","target":{"@type":"EntryPoint","urlTemplate":"https:\/\/www.alfetec.com.br\/site\/?s={search_term_string}"},"query-input":{"@type":"PropertyValueSpecification","valueRequired":true,"valueName":"search_term_string"}}],"inLanguage":"pt-BR"}]}},"_links":{"self":[{"href":"https:\/\/www.alfetec.com.br\/site\/wp-json\/wp\/v2\/pages\/13","targetHints":{"allow":["GET"]}}],"collection":[{"href":"https:\/\/www.alfetec.com.br\/site\/wp-json\/wp\/v2\/pages"}],"about":[{"href":"https:\/\/www.alfetec.com.br\/site\/wp-json\/wp\/v2\/types\/page"}],"author":[{"embeddable":true,"href":"https:\/\/www.alfetec.com.br\/site\/wp-json\/wp\/v2\/users\/3"}],"replies":[{"embeddable":true,"href":"https:\/\/www.alfetec.com.br\/site\/wp-json\/wp\/v2\/comments?post=13"}],"version-history":[{"count":11,"href":"https:\/\/www.alfetec.com.br\/site\/wp-json\/wp\/v2\/pages\/13\/revisions"}],"predecessor-version":[{"id":1134,"href":"https:\/\/www.alfetec.com.br\/site\/wp-json\/wp\/v2\/pages\/13\/revisions\/1134"}],"wp:attachment":[{"href":"https:\/\/www.alfetec.com.br\/site\/wp-json\/wp\/v2\/media?parent=13"}],"curies":[{"name":"wp","href":"https:\/\/api.w.org\/{rel}","templated":true}]}}