{"id":971,"date":"2023-09-18T09:17:17","date_gmt":"2023-09-18T12:17:17","guid":{"rendered":"https:\/\/www.alfetec.com.br\/site\/?post_type=product&#038;p=971"},"modified":"2025-05-16T07:23:55","modified_gmt":"2025-05-16T10:23:55","slug":"mesa-corte-manual-basculante","status":"publish","type":"product","link":"https:\/\/www.alfetec.com.br\/site\/es\/product\/mesa-corte-manual-basculante\/","title":{"rendered":"Mesa de Corte Manual Basculante Para Vidrio","raw":"Mesa de Corte Manual Basculante Para Vidrio"},"content":{"rendered":"<p dir=\"auto\">Ventilador 550 W, monof\u00e1sico, que produce un colch\u00f3n de aire para facilitar la manipulaci\u00f3n de las placas de vidrio de hasta 19 mm;<br \/>\n\u2013 Posee topes retr\u00e1ctiles para recibir las placas con la mesa basculada en la posici\u00f3n vertical.<\/p>\n<p dir=\"auto\">\u2013 Mesa plana y libre de cualquier deformaci\u00f3n, posibilitando una mayor seguridad y calidad del corte.<br \/>\n\u2013 Sustentada por roldanas para f\u00e1cil locomoci\u00f3n y stops para el bloqueo de la mesa, impidiendo movimientos durante el corte.<\/p>\n<p dir=\"auto\">\u2013 Amortiguadores para el control de velocidad de la mesa durante el basculamiento.<\/p>\n<p dir=\"auto\">\u2013 Bloqueo seguro de la mesa en posici\u00f3n horizontal y vertical.<\/p>\n<p dir=\"auto\">\u2013 Revestida de alfombra para facilitar el desplazamiento de las placas de vidrio.<\/p>\n<p dir=\"auto\">\u2013 Alta productividad.<\/p>\n<p dir=\"auto\">\u2013 Instalaci\u00f3n y capacitaci\u00f3n de uso en toda Sudam\u00e9rica.<\/p>\n<p dir=\"auto\">Largo: 3022 mm.<br \/>\nAncho: 2600 mm.<br \/>\nAltura: 900 a 1000 mm.<br \/>\nPeso: 200 kg.<\/p>\n","protected":false,"raw":"<p dir=\"auto\">Ventilador 550 W, monof\u00e1sico, que produce un colch\u00f3n de aire para facilitar la manipulaci\u00f3n de las placas de vidrio de hasta 19 mm;\r\n\u2013 Posee topes retr\u00e1ctiles para recibir las placas con la mesa basculada en la posici\u00f3n vertical.<\/p>\r\n<p dir=\"auto\">\u2013 Mesa plana y libre de cualquier deformaci\u00f3n, posibilitando una mayor seguridad y calidad del corte.\r\n\u2013 Sustentada por roldanas para f\u00e1cil locomoci\u00f3n y stops para el bloqueo de la mesa, impidiendo movimientos durante el corte.<\/p>\r\n<p dir=\"auto\">\u2013 Amortiguadores para el control de velocidad de la mesa durante el basculamiento.<\/p>\r\n<p dir=\"auto\">\u2013 Bloqueo seguro de la mesa en posici\u00f3n horizontal y vertical.<\/p>\r\n<p dir=\"auto\">\u2013 Revestida de alfombra para facilitar el desplazamiento de las placas de vidrio.<\/p>\r\n<p dir=\"auto\">\u2013 Alta productividad.<\/p>\r\n<p dir=\"auto\">\u2013 Instalaci\u00f3n y capacitaci\u00f3n de uso en toda Sudam\u00e9rica.<\/p>\r\n<p dir=\"auto\">Largo: 3022 mm.\r\nAncho: 2600 mm.\r\nAltura: 900 a 1000 mm.\r\nPeso: 200 kg.<\/p>"},"excerpt":{"rendered":"","protected":false,"raw":""},"featured_media":1011,"template":"","meta":{"_acf_changed":false,"_pt_post_content":"<span id=\"page3R_mcid3\" class=\"markedContent\"><span dir=\"ltr\" role=\"presentation\">-<\/span> <span dir=\"ltr\" role=\"presentation\">Ventilador 550w, monofasico, gerando um colch\u00e3o de ar que permite<\/span> <span dir=\"ltr\" role=\"presentation\">facilmente<\/span> <span dir=\"ltr\" role=\"presentation\">o<\/span><br role=\"presentation\" \/><span dir=\"ltr\" role=\"presentation\">manusueio de chapas de vidros de at\u00e9 19mm.;<\/span><\/span><span id=\"page3R_mcid4\" class=\"markedContent\"><br role=\"presentation\" \/><span dir=\"ltr\" role=\"presentation\">-<\/span> <span dir=\"ltr\" role=\"presentation\">Posssui pinos retrateis para rececber a chapas de vidro com a mesa basculada na<\/span><br role=\"presentation\" \/><span dir=\"ltr\" role=\"presentation\">posi\u00e7\u00e3o vertical<\/span><span dir=\"ltr\" role=\"presentation\">.<\/span><\/span><span id=\"page3R_mcid5\" class=\"markedContent\"><br role=\"presentation\" \/><span dir=\"ltr\" role=\"presentation\">-<\/span> <span dir=\"ltr\" role=\"presentation\">Mesa plana e isenta de qualquer empenamento, possibilitando maior qualidade e<\/span><br role=\"presentation\" \/><span dir=\"ltr\" role=\"presentation\">seguran\u00e7a durante o corte de<\/span> <span dir=\"ltr\" role=\"presentation\">vidro<\/span><span dir=\"ltr\" role=\"presentation\">.<\/span><\/span><span id=\"page3R_mcid6\" class=\"markedContent\"><br role=\"presentation\" \/><span dir=\"ltr\" role=\"presentation\">-<\/span> <span dir=\"ltr\" role=\"presentation\">Sutentada por roladanas, para facil locomo\u00e7\u00e3o<\/span> <span dir=\"ltr\" role=\"presentation\">e stops para<\/span> <span dir=\"ltr\" role=\"presentation\">travamento<\/span> <span dir=\"ltr\" role=\"presentation\">da mesa<\/span><span dir=\"ltr\" role=\"presentation\">,<\/span><br role=\"presentation\" \/><span dir=\"ltr\" role=\"presentation\">onde<\/span> <span dir=\"ltr\" role=\"presentation\">n\u00e3o aja movimentos da mesma durante o corte.<\/span><\/span><span id=\"page3R_mcid7\" class=\"markedContent\"><br role=\"presentation\" \/><span dir=\"ltr\" role=\"presentation\">-<\/span> <span dir=\"ltr\" role=\"presentation\">Amo<\/span><span dir=\"ltr\" role=\"presentation\">r<\/span><span dir=\"ltr\" role=\"presentation\">tecedores para controle de velocidade da mesa no basculamento<\/span><span dir=\"ltr\" role=\"presentation\">.<\/span><\/span><span id=\"page3R_mcid8\" class=\"markedContent\"><br role=\"presentation\" \/><span dir=\"ltr\" role=\"presentation\">-<\/span> <span dir=\"ltr\" role=\"presentation\">Travamento seguro da mesa na posi\u00e7\u00e3o horizontal<\/span> <span dir=\"ltr\" role=\"presentation\">e vertical<\/span> <span dir=\"ltr\" role=\"presentation\">.<\/span><\/span><span id=\"page3R_mcid9\" class=\"markedContent\"><br role=\"presentation\" \/><span dir=\"ltr\" role=\"presentation\">-<\/span> <span dir=\"ltr\" role=\"presentation\">Revestida por carpetes de facil deslizamento da chapa de vidro.<\/span><\/span><span id=\"page3R_mcid10\" class=\"markedContent\"><br role=\"presentation\" \/><span dir=\"ltr\" role=\"presentation\">-<\/span> <span dir=\"ltr\" role=\"presentation\">Alta produtividade.<\/span><\/span><span id=\"page3R_mcid11\" class=\"markedContent\"><br role=\"presentation\" \/><span dir=\"ltr\" role=\"presentation\">-<\/span> <span dir=\"ltr\" role=\"presentation\">Instala\u00e7\u00e3o e Treinamento t\u00e9cnico em todo territ\u00f3rio Sul<\/span><span dir=\"ltr\" role=\"presentation\">-<\/span><span dir=\"ltr\" role=\"presentation\">americano.<\/span><\/span><span id=\"page3R_mcid12\" class=\"markedContent\"><br role=\"presentation\" \/><span dir=\"ltr\" role=\"presentation\">Comprimento: 3<\/span><span dir=\"ltr\" role=\"presentation\">022<\/span><span dir=\"ltr\" role=\"presentation\">mm<\/span><span dir=\"ltr\" role=\"presentation\">.<\/span><\/span><span id=\"page3R_mcid13\" class=\"markedContent\"><br role=\"presentation\" \/><span dir=\"ltr\" role=\"presentation\">Largura:<\/span> <span dir=\"ltr\" role=\"presentation\">2600<\/span><span dir=\"ltr\" role=\"presentation\">mm<\/span><span dir=\"ltr\" role=\"presentation\">.<\/span><\/span><span id=\"page3R_mcid14\" class=\"markedContent\"><br role=\"presentation\" \/><span dir=\"ltr\" role=\"presentation\">Altura<\/span> <span dir=\"ltr\" role=\"presentation\">da mesa: 900 a<\/span> <span dir=\"ltr\" role=\"presentation\">1000<\/span><span dir=\"ltr\" role=\"presentation\">mm.<\/span><\/span><span id=\"page3R_mcid15\" class=\"markedContent\"><br role=\"presentation\" \/><span dir=\"ltr\" role=\"presentation\">Peso:<\/span> <span dir=\"ltr\" role=\"presentation\">200<\/span><span dir=\"ltr\" role=\"presentation\">kg.<\/span><\/span><span id=\"page3R_mcid16\" class=\"markedContent\"><\/span><span id=\"page3R_mcid17\" class=\"markedContent\"><\/span>\r\n<div class=\"endOfContent\"><\/div>","_pt_post_name":"mesa-de-corte-de-vidro-manual-com-basculamento","_pt_post_excerpt":"","_pt_post_title":"MESA DE CORTE MANUAL PARA VIDRO COM BASCULAMENTO","_es_post_content":"<p dir=\"auto\">Ventilador 550 W, monof\u00e1sico, que produce un colch\u00f3n de aire para facilitar la manipulaci\u00f3n de las placas de vidrio de hasta 19 mm;\r\n\u2013 Posee topes retr\u00e1ctiles para recibir las placas con la mesa basculada en la posici\u00f3n vertical.<\/p>\r\n<p dir=\"auto\">\u2013 Mesa plana y libre de cualquier deformaci\u00f3n, posibilitando una mayor seguridad y calidad del corte.\r\n\u2013 Sustentada por roldanas para f\u00e1cil locomoci\u00f3n y stops para el bloqueo de la mesa, impidiendo movimientos durante el corte.<\/p>\r\n<p dir=\"auto\">\u2013 Amortiguadores para el control de velocidad de la mesa durante el basculamiento.<\/p>\r\n<p dir=\"auto\">\u2013 Bloqueo seguro de la mesa en posici\u00f3n horizontal y vertical.<\/p>\r\n<p dir=\"auto\">\u2013 Revestida de alfombra para facilitar el desplazamiento de las placas de vidrio.<\/p>\r\n<p dir=\"auto\">\u2013 Alta productividad.<\/p>\r\n<p dir=\"auto\">\u2013 Instalaci\u00f3n y capacitaci\u00f3n de uso en toda Sudam\u00e9rica.<\/p>\r\n<p dir=\"auto\">Largo: 3022 mm.\r\nAncho: 2600 mm.\r\nAltura: 900 a 1000 mm.\r\nPeso: 200 kg.<\/p>","_es_post_name":"mesa-corte-manual-basculante","_es_post_excerpt":"","_es_post_title":"Mesa de Corte Manual Basculante Para Vidrio","edit_language":"es"},"product_brand":[],"product_cat":[17],"product_tag":[],"class_list":{"0":"post-971","1":"product","2":"type-product","3":"status-publish","4":"has-post-thumbnail","6":"product_cat-sem-categoria","8":"first","9":"instock","10":"shipping-taxable","11":"product-type-simple"},"acf":[],"yoast_head":"<!-- This site is optimized with the Yoast SEO plugin v27.2 - https:\/\/yoast.com\/product\/yoast-seo-wordpress\/ -->\n<title>MESA DE CORTE MANUAL PARA VIDRO COM BASCULAMENTO - Alfetec<\/title>\n<meta name=\"robots\" content=\"index, follow, max-snippet:-1, max-image-preview:large, max-video-preview:-1\" \/>\n<link rel=\"canonical\" href=\"https:\/\/www.alfetec.com.br\/site\/es\/product\/mesa-corte-manual-basculante\/\" \/>\n<meta property=\"og:locale\" content=\"es_ES\" \/>\n<meta property=\"og:type\" content=\"article\" \/>\n<meta property=\"og:title\" content=\"MESA DE CORTE MANUAL PARA VIDRO COM BASCULAMENTO - Alfetec\" \/>\n<meta property=\"og:description\" content=\"Ventilador 550 W, monof\u00e1sico, que produce un colch\u00f3n de aire para facilitar la manipulaci\u00f3n de las placas de vidrio de hasta 19 mm; \u2013 Posee topes retr\u00e1ctiles para recibir las placas con la mesa basculada en la posici\u00f3n vertical. \u2013 Mesa plana y libre de cualquier deformaci\u00f3n, posibilitando una mayor seguridad y calidad del corte. &hellip; Continued\" \/>\n<meta property=\"og:url\" content=\"https:\/\/www.alfetec.com.br\/site\/es\/product\/mesa-corte-manual-basculante\/\" \/>\n<meta property=\"og:site_name\" content=\"Alfetec\" \/>\n<meta property=\"article:publisher\" content=\"https:\/\/www.facebook.com\/engenhariaalfetec\" \/>\n<meta property=\"article:modified_time\" content=\"2025-05-16T10:23:55+00:00\" \/>\n<meta property=\"og:image\" content=\"https:\/\/www.alfetec.com.br\/site\/wp-content\/uploads\/2023\/09\/WhatsApp_Image_2023-11-29_at_2.14.36_PM_2.jpeg\" \/>\n\t<meta property=\"og:image:width\" content=\"1280\" \/>\n\t<meta property=\"og:image:height\" content=\"890\" \/>\n\t<meta property=\"og:image:type\" content=\"image\/jpeg\" \/>\n<meta name=\"twitter:card\" content=\"summary_large_image\" \/>\n<meta name=\"twitter:label1\" content=\"Tiempo de lectura\" \/>\n\t<meta name=\"twitter:data1\" content=\"1 minute\" \/>\n<script type=\"application\/ld+json\" class=\"yoast-schema-graph\">{\"@context\":\"https:\/\/schema.org\",\"@graph\":[{\"@type\":\"WebPage\",\"@id\":\"https:\/\/www.alfetec.com.br\/site\/es\/product\/mesa-corte-manual-basculante\/\",\"url\":\"https:\/\/www.alfetec.com.br\/site\/es\/product\/mesa-corte-manual-basculante\/\",\"name\":\"MESA DE CORTE MANUAL PARA VIDRO COM BASCULAMENTO - Alfetec\",\"isPartOf\":{\"@id\":\"https:\/\/www.alfetec.com.br\/site\/#website\"},\"primaryImageOfPage\":{\"@id\":\"https:\/\/www.alfetec.com.br\/site\/es\/product\/mesa-corte-manual-basculante\/#primaryimage\"},\"image\":{\"@id\":\"https:\/\/www.alfetec.com.br\/site\/es\/product\/mesa-corte-manual-basculante\/#primaryimage\"},\"thumbnailUrl\":\"https:\/\/www.alfetec.com.br\/site\/wp-content\/uploads\/2023\/09\/WhatsApp_Image_2023-11-29_at_2.14.36_PM_2.jpeg\",\"datePublished\":\"2023-09-18T12:17:17+00:00\",\"dateModified\":\"2025-05-16T10:23:55+00:00\",\"breadcrumb\":{\"@id\":\"https:\/\/www.alfetec.com.br\/site\/es\/product\/mesa-corte-manual-basculante\/#breadcrumb\"},\"inLanguage\":\"es-ES\",\"potentialAction\":[{\"@type\":\"ReadAction\",\"target\":[\"https:\/\/www.alfetec.com.br\/site\/es\/product\/mesa-corte-manual-basculante\/\"]}]},{\"@type\":\"ImageObject\",\"inLanguage\":\"es-ES\",\"@id\":\"https:\/\/www.alfetec.com.br\/site\/es\/product\/mesa-corte-manual-basculante\/#primaryimage\",\"url\":\"https:\/\/www.alfetec.com.br\/site\/wp-content\/uploads\/2023\/09\/WhatsApp_Image_2023-11-29_at_2.14.36_PM_2.jpeg\",\"contentUrl\":\"https:\/\/www.alfetec.com.br\/site\/wp-content\/uploads\/2023\/09\/WhatsApp_Image_2023-11-29_at_2.14.36_PM_2.jpeg\",\"width\":1280,\"height\":890},{\"@type\":\"BreadcrumbList\",\"@id\":\"https:\/\/www.alfetec.com.br\/site\/es\/product\/mesa-corte-manual-basculante\/#breadcrumb\",\"itemListElement\":[{\"@type\":\"ListItem\",\"position\":1,\"name\":\"In\u00edcio\",\"item\":\"https:\/\/www.alfetec.com.br\/site\/\"},{\"@type\":\"ListItem\",\"position\":2,\"name\":\"Produtos\",\"item\":\"https:\/\/www.alfetec.com.br\/site\/produtos\/\"},{\"@type\":\"ListItem\",\"position\":3,\"name\":\"MESA DE CORTE MANUAL PARA VIDRO COM BASCULAMENTO\"}]},{\"@type\":\"WebSite\",\"@id\":\"https:\/\/www.alfetec.com.br\/site\/#website\",\"url\":\"https:\/\/www.alfetec.com.br\/site\/\",\"name\":\"Alfetec\",\"description\":\"Entregamos a solu\u00e7\u00e3o para facilitar sua m\u00e3o de obra\",\"potentialAction\":[{\"@type\":\"SearchAction\",\"target\":{\"@type\":\"EntryPoint\",\"urlTemplate\":\"https:\/\/www.alfetec.com.br\/site\/?s={search_term_string}\"},\"query-input\":{\"@type\":\"PropertyValueSpecification\",\"valueRequired\":true,\"valueName\":\"search_term_string\"}}],\"inLanguage\":\"es-ES\"}]}<\/script>\n<!-- \/ Yoast SEO plugin. -->","yoast_head_json":{"title":"MESA DE CORTE MANUAL PARA VIDRO COM BASCULAMENTO - Alfetec","robots":{"index":"index","follow":"follow","max-snippet":"max-snippet:-1","max-image-preview":"max-image-preview:large","max-video-preview":"max-video-preview:-1"},"canonical":"https:\/\/www.alfetec.com.br\/site\/es\/product\/mesa-corte-manual-basculante\/","og_locale":"es_ES","og_type":"article","og_title":"MESA DE CORTE MANUAL PARA VIDRO COM BASCULAMENTO - Alfetec","og_description":"Ventilador 550 W, monof\u00e1sico, que produce un colch\u00f3n de aire para facilitar la manipulaci\u00f3n de las placas de vidrio de hasta 19 mm; \u2013 Posee topes retr\u00e1ctiles para recibir las placas con la mesa basculada en la posici\u00f3n vertical. \u2013 Mesa plana y libre de cualquier deformaci\u00f3n, posibilitando una mayor seguridad y calidad del corte. &hellip; Continued","og_url":"https:\/\/www.alfetec.com.br\/site\/es\/product\/mesa-corte-manual-basculante\/","og_site_name":"Alfetec","article_publisher":"https:\/\/www.facebook.com\/engenhariaalfetec","article_modified_time":"2025-05-16T10:23:55+00:00","og_image":[{"width":1280,"height":890,"url":"https:\/\/www.alfetec.com.br\/site\/wp-content\/uploads\/2023\/09\/WhatsApp_Image_2023-11-29_at_2.14.36_PM_2.jpeg","type":"image\/jpeg"}],"twitter_card":"summary_large_image","twitter_misc":{"Tiempo de lectura":"1 minute"},"schema":{"@context":"https:\/\/schema.org","@graph":[{"@type":"WebPage","@id":"https:\/\/www.alfetec.com.br\/site\/es\/product\/mesa-corte-manual-basculante\/","url":"https:\/\/www.alfetec.com.br\/site\/es\/product\/mesa-corte-manual-basculante\/","name":"MESA DE CORTE MANUAL PARA VIDRO COM BASCULAMENTO - Alfetec","isPartOf":{"@id":"https:\/\/www.alfetec.com.br\/site\/#website"},"primaryImageOfPage":{"@id":"https:\/\/www.alfetec.com.br\/site\/es\/product\/mesa-corte-manual-basculante\/#primaryimage"},"image":{"@id":"https:\/\/www.alfetec.com.br\/site\/es\/product\/mesa-corte-manual-basculante\/#primaryimage"},"thumbnailUrl":"https:\/\/www.alfetec.com.br\/site\/wp-content\/uploads\/2023\/09\/WhatsApp_Image_2023-11-29_at_2.14.36_PM_2.jpeg","datePublished":"2023-09-18T12:17:17+00:00","dateModified":"2025-05-16T10:23:55+00:00","breadcrumb":{"@id":"https:\/\/www.alfetec.com.br\/site\/es\/product\/mesa-corte-manual-basculante\/#breadcrumb"},"inLanguage":"es-ES","potentialAction":[{"@type":"ReadAction","target":["https:\/\/www.alfetec.com.br\/site\/es\/product\/mesa-corte-manual-basculante\/"]}]},{"@type":"ImageObject","inLanguage":"es-ES","@id":"https:\/\/www.alfetec.com.br\/site\/es\/product\/mesa-corte-manual-basculante\/#primaryimage","url":"https:\/\/www.alfetec.com.br\/site\/wp-content\/uploads\/2023\/09\/WhatsApp_Image_2023-11-29_at_2.14.36_PM_2.jpeg","contentUrl":"https:\/\/www.alfetec.com.br\/site\/wp-content\/uploads\/2023\/09\/WhatsApp_Image_2023-11-29_at_2.14.36_PM_2.jpeg","width":1280,"height":890},{"@type":"BreadcrumbList","@id":"https:\/\/www.alfetec.com.br\/site\/es\/product\/mesa-corte-manual-basculante\/#breadcrumb","itemListElement":[{"@type":"ListItem","position":1,"name":"In\u00edcio","item":"https:\/\/www.alfetec.com.br\/site\/"},{"@type":"ListItem","position":2,"name":"Produtos","item":"https:\/\/www.alfetec.com.br\/site\/produtos\/"},{"@type":"ListItem","position":3,"name":"MESA DE CORTE MANUAL PARA VIDRO COM BASCULAMENTO"}]},{"@type":"WebSite","@id":"https:\/\/www.alfetec.com.br\/site\/#website","url":"https:\/\/www.alfetec.com.br\/site\/","name":"Alfetec","description":"Entregamos a solu\u00e7\u00e3o para facilitar sua m\u00e3o de obra","potentialAction":[{"@type":"SearchAction","target":{"@type":"EntryPoint","urlTemplate":"https:\/\/www.alfetec.com.br\/site\/?s={search_term_string}"},"query-input":{"@type":"PropertyValueSpecification","valueRequired":true,"valueName":"search_term_string"}}],"inLanguage":"es-ES"}]}},"_links":{"self":[{"href":"https:\/\/www.alfetec.com.br\/site\/es\/wp-json\/wp\/v2\/product\/971","targetHints":{"allow":["GET"]}}],"collection":[{"href":"https:\/\/www.alfetec.com.br\/site\/es\/wp-json\/wp\/v2\/product"}],"about":[{"href":"https:\/\/www.alfetec.com.br\/site\/es\/wp-json\/wp\/v2\/types\/product"}],"wp:featuredmedia":[{"embeddable":true,"href":"https:\/\/www.alfetec.com.br\/site\/es\/wp-json\/wp\/v2\/media\/1011"}],"wp:attachment":[{"href":"https:\/\/www.alfetec.com.br\/site\/es\/wp-json\/wp\/v2\/media?parent=971"}],"wp:term":[{"taxonomy":"product_brand","embeddable":true,"href":"https:\/\/www.alfetec.com.br\/site\/es\/wp-json\/wp\/v2\/product_brand?post=971"},{"taxonomy":"product_cat","embeddable":true,"href":"https:\/\/www.alfetec.com.br\/site\/es\/wp-json\/wp\/v2\/product_cat?post=971"},{"taxonomy":"product_tag","embeddable":true,"href":"https:\/\/www.alfetec.com.br\/site\/es\/wp-json\/wp\/v2\/product_tag?post=971"}],"curies":[{"name":"wp","href":"https:\/\/api.w.org\/{rel}","templated":true}]}}