{"id":951,"date":"2023-08-21T13:59:49","date_gmt":"2023-08-21T16:59:49","guid":{"rendered":"https:\/\/www.alfetec.com.br\/site\/?post_type=product&#038;p=951"},"modified":"2025-05-16T07:24:19","modified_gmt":"2025-05-16T10:24:19","slug":"lapidadora-multiglass","status":"publish","type":"product","link":"https:\/\/www.alfetec.com.br\/site\/es\/product\/lapidadora-multiglass\/","title":{"rendered":"Canteadora Multiglass Para Vidrio","raw":"Canteadora Multiglass Para Vidrio"},"content":{"rendered":"<p><span style=\"font-weight: 400;\">La Canteadora Multiglass realiza un perfecto pulido y canteado en vidrios rectos, redondos y ovalados; con punta recta o curva. Fija fuertemente el vidrio por medio de ventosas y soportes revestidos de goma.\u00a0<\/span><\/p>\n<p><span style=\"font-weight: 400;\">Estas caracter\u00edsticas diferenciales permiten obtener una mayor uniformidad de canteado a lo largo del vidrio y una operaci\u00f3n segura, r\u00e1pida y autom\u00e1tica<\/span><\/p>\n","protected":false,"raw":"<span style=\"font-weight: 400;\">La Canteadora Multiglass realiza un perfecto pulido y canteado en vidrios rectos, redondos y ovalados; con punta recta o curva. Fija fuertemente el vidrio por medio de ventosas y soportes revestidos de goma.\u00a0<\/span>\r\n\r\n<span style=\"font-weight: 400;\">Estas caracter\u00edsticas diferenciales permiten obtener una mayor uniformidad de canteado a lo largo del vidrio y una operaci\u00f3n segura, r\u00e1pida y autom\u00e1tica<\/span>"},"excerpt":{"rendered":"","protected":false,"raw":""},"featured_media":1019,"template":"","meta":{"_acf_changed":false,"_pt_post_content":"<span style=\"font-weight: 400;\">A Lapidadora Multiglass permite uma perfeita lapida\u00e7\u00e3o e polimento em vidros retos, redondos, modelados, e nos cantos moeda. Possui alta fixa\u00e7\u00e3o do vidro por ventosas e batentes revestidos de borracha.<\/span>\r\n\r\n<span style=\"font-weight: 400;\">Essas caracter\u00edsticas diferenciais permitem uma maior uniformidade na lapida\u00e7\u00e3o em todo o comprimento do vidro e possibilitam uma opera\u00e7\u00e3o segura, r\u00e1pida e autom\u00e1tica.<\/span>","_pt_post_name":"lapidadora-multiglass","_pt_post_excerpt":"","_pt_post_title":"LAPIDADORA PARA VIDRO MULTIGLASS","_es_post_content":"<span style=\"font-weight: 400;\">La Canteadora Multiglass realiza un perfecto pulido y canteado en vidrios rectos, redondos y ovalados; con punta recta o curva. Fija fuertemente el vidrio por medio de ventosas y soportes revestidos de goma.\u00a0<\/span>\r\n\r\n<span style=\"font-weight: 400;\">Estas caracter\u00edsticas diferenciales permiten obtener una mayor uniformidad de canteado a lo largo del vidrio y una operaci\u00f3n segura, r\u00e1pida y autom\u00e1tica<\/span>","_es_post_name":"lapidadora-multiglass","_es_post_excerpt":"","_es_post_title":"Canteadora Multiglass Para Vidrio","edit_language":"es"},"product_brand":[],"product_cat":[17],"product_tag":[],"class_list":{"0":"post-951","1":"product","2":"type-product","3":"status-publish","4":"has-post-thumbnail","6":"product_cat-sem-categoria","8":"first","9":"instock","10":"shipping-taxable","11":"product-type-simple"},"acf":[],"yoast_head":"<!-- This site is optimized with the Yoast SEO plugin v27.2 - https:\/\/yoast.com\/product\/yoast-seo-wordpress\/ -->\n<title>LAPIDADORA PARA VIDRO MULTIGLASS - Alfetec<\/title>\n<meta name=\"robots\" content=\"index, follow, max-snippet:-1, max-image-preview:large, max-video-preview:-1\" \/>\n<link rel=\"canonical\" href=\"https:\/\/www.alfetec.com.br\/site\/es\/product\/lapidadora-multiglass\/\" \/>\n<meta property=\"og:locale\" content=\"es_ES\" \/>\n<meta property=\"og:type\" content=\"article\" \/>\n<meta property=\"og:title\" content=\"LAPIDADORA PARA VIDRO MULTIGLASS - Alfetec\" \/>\n<meta property=\"og:description\" content=\"La Canteadora Multiglass realiza un perfecto pulido y canteado en vidrios rectos, redondos y ovalados; con punta recta o curva. Fija fuertemente el vidrio por medio de ventosas y soportes revestidos de goma.\u00a0 Estas caracter\u00edsticas diferenciales permiten obtener una mayor uniformidad de canteado a lo largo del vidrio y una operaci\u00f3n segura, r\u00e1pida y autom\u00e1tica\" \/>\n<meta property=\"og:url\" content=\"https:\/\/www.alfetec.com.br\/site\/es\/product\/lapidadora-multiglass\/\" \/>\n<meta property=\"og:site_name\" content=\"Alfetec\" \/>\n<meta property=\"article:publisher\" content=\"https:\/\/www.facebook.com\/engenhariaalfetec\" \/>\n<meta property=\"article:modified_time\" content=\"2025-05-16T10:24:19+00:00\" \/>\n<meta property=\"og:image\" content=\"https:\/\/www.alfetec.com.br\/site\/wp-content\/uploads\/2023\/08\/alfetec_06122023__VM71575-Editar-2.jpg\" \/>\n\t<meta property=\"og:image:width\" content=\"1199\" \/>\n\t<meta property=\"og:image:height\" content=\"858\" \/>\n\t<meta property=\"og:image:type\" content=\"image\/jpeg\" \/>\n<meta name=\"twitter:card\" content=\"summary_large_image\" \/>\n<meta name=\"twitter:label1\" content=\"Tiempo de lectura\" \/>\n\t<meta name=\"twitter:data1\" content=\"1 minute\" \/>\n<script type=\"application\/ld+json\" class=\"yoast-schema-graph\">{\"@context\":\"https:\/\/schema.org\",\"@graph\":[{\"@type\":\"WebPage\",\"@id\":\"https:\/\/www.alfetec.com.br\/site\/es\/product\/lapidadora-multiglass\/\",\"url\":\"https:\/\/www.alfetec.com.br\/site\/es\/product\/lapidadora-multiglass\/\",\"name\":\"LAPIDADORA PARA VIDRO MULTIGLASS - Alfetec\",\"isPartOf\":{\"@id\":\"https:\/\/www.alfetec.com.br\/site\/#website\"},\"primaryImageOfPage\":{\"@id\":\"https:\/\/www.alfetec.com.br\/site\/es\/product\/lapidadora-multiglass\/#primaryimage\"},\"image\":{\"@id\":\"https:\/\/www.alfetec.com.br\/site\/es\/product\/lapidadora-multiglass\/#primaryimage\"},\"thumbnailUrl\":\"https:\/\/www.alfetec.com.br\/site\/wp-content\/uploads\/2023\/08\/alfetec_06122023__VM71575-Editar-2.jpg\",\"datePublished\":\"2023-08-21T16:59:49+00:00\",\"dateModified\":\"2025-05-16T10:24:19+00:00\",\"breadcrumb\":{\"@id\":\"https:\/\/www.alfetec.com.br\/site\/es\/product\/lapidadora-multiglass\/#breadcrumb\"},\"inLanguage\":\"es-ES\",\"potentialAction\":[{\"@type\":\"ReadAction\",\"target\":[\"https:\/\/www.alfetec.com.br\/site\/es\/product\/lapidadora-multiglass\/\"]}]},{\"@type\":\"ImageObject\",\"inLanguage\":\"es-ES\",\"@id\":\"https:\/\/www.alfetec.com.br\/site\/es\/product\/lapidadora-multiglass\/#primaryimage\",\"url\":\"https:\/\/www.alfetec.com.br\/site\/wp-content\/uploads\/2023\/08\/alfetec_06122023__VM71575-Editar-2.jpg\",\"contentUrl\":\"https:\/\/www.alfetec.com.br\/site\/wp-content\/uploads\/2023\/08\/alfetec_06122023__VM71575-Editar-2.jpg\",\"width\":1199,\"height\":858},{\"@type\":\"BreadcrumbList\",\"@id\":\"https:\/\/www.alfetec.com.br\/site\/es\/product\/lapidadora-multiglass\/#breadcrumb\",\"itemListElement\":[{\"@type\":\"ListItem\",\"position\":1,\"name\":\"In\u00edcio\",\"item\":\"https:\/\/www.alfetec.com.br\/site\/\"},{\"@type\":\"ListItem\",\"position\":2,\"name\":\"Produtos\",\"item\":\"https:\/\/www.alfetec.com.br\/site\/produtos\/\"},{\"@type\":\"ListItem\",\"position\":3,\"name\":\"LAPIDADORA PARA VIDRO MULTIGLASS\"}]},{\"@type\":\"WebSite\",\"@id\":\"https:\/\/www.alfetec.com.br\/site\/#website\",\"url\":\"https:\/\/www.alfetec.com.br\/site\/\",\"name\":\"Alfetec\",\"description\":\"Entregamos a solu\u00e7\u00e3o para facilitar sua m\u00e3o de obra\",\"potentialAction\":[{\"@type\":\"SearchAction\",\"target\":{\"@type\":\"EntryPoint\",\"urlTemplate\":\"https:\/\/www.alfetec.com.br\/site\/?s={search_term_string}\"},\"query-input\":{\"@type\":\"PropertyValueSpecification\",\"valueRequired\":true,\"valueName\":\"search_term_string\"}}],\"inLanguage\":\"es-ES\"}]}<\/script>\n<!-- \/ Yoast SEO plugin. -->","yoast_head_json":{"title":"LAPIDADORA PARA VIDRO MULTIGLASS - Alfetec","robots":{"index":"index","follow":"follow","max-snippet":"max-snippet:-1","max-image-preview":"max-image-preview:large","max-video-preview":"max-video-preview:-1"},"canonical":"https:\/\/www.alfetec.com.br\/site\/es\/product\/lapidadora-multiglass\/","og_locale":"es_ES","og_type":"article","og_title":"LAPIDADORA PARA VIDRO MULTIGLASS - Alfetec","og_description":"La Canteadora Multiglass realiza un perfecto pulido y canteado en vidrios rectos, redondos y ovalados; con punta recta o curva. Fija fuertemente el vidrio por medio de ventosas y soportes revestidos de goma.\u00a0 Estas caracter\u00edsticas diferenciales permiten obtener una mayor uniformidad de canteado a lo largo del vidrio y una operaci\u00f3n segura, r\u00e1pida y autom\u00e1tica","og_url":"https:\/\/www.alfetec.com.br\/site\/es\/product\/lapidadora-multiglass\/","og_site_name":"Alfetec","article_publisher":"https:\/\/www.facebook.com\/engenhariaalfetec","article_modified_time":"2025-05-16T10:24:19+00:00","og_image":[{"width":1199,"height":858,"url":"https:\/\/www.alfetec.com.br\/site\/wp-content\/uploads\/2023\/08\/alfetec_06122023__VM71575-Editar-2.jpg","type":"image\/jpeg"}],"twitter_card":"summary_large_image","twitter_misc":{"Tiempo de lectura":"1 minute"},"schema":{"@context":"https:\/\/schema.org","@graph":[{"@type":"WebPage","@id":"https:\/\/www.alfetec.com.br\/site\/es\/product\/lapidadora-multiglass\/","url":"https:\/\/www.alfetec.com.br\/site\/es\/product\/lapidadora-multiglass\/","name":"LAPIDADORA PARA VIDRO MULTIGLASS - Alfetec","isPartOf":{"@id":"https:\/\/www.alfetec.com.br\/site\/#website"},"primaryImageOfPage":{"@id":"https:\/\/www.alfetec.com.br\/site\/es\/product\/lapidadora-multiglass\/#primaryimage"},"image":{"@id":"https:\/\/www.alfetec.com.br\/site\/es\/product\/lapidadora-multiglass\/#primaryimage"},"thumbnailUrl":"https:\/\/www.alfetec.com.br\/site\/wp-content\/uploads\/2023\/08\/alfetec_06122023__VM71575-Editar-2.jpg","datePublished":"2023-08-21T16:59:49+00:00","dateModified":"2025-05-16T10:24:19+00:00","breadcrumb":{"@id":"https:\/\/www.alfetec.com.br\/site\/es\/product\/lapidadora-multiglass\/#breadcrumb"},"inLanguage":"es-ES","potentialAction":[{"@type":"ReadAction","target":["https:\/\/www.alfetec.com.br\/site\/es\/product\/lapidadora-multiglass\/"]}]},{"@type":"ImageObject","inLanguage":"es-ES","@id":"https:\/\/www.alfetec.com.br\/site\/es\/product\/lapidadora-multiglass\/#primaryimage","url":"https:\/\/www.alfetec.com.br\/site\/wp-content\/uploads\/2023\/08\/alfetec_06122023__VM71575-Editar-2.jpg","contentUrl":"https:\/\/www.alfetec.com.br\/site\/wp-content\/uploads\/2023\/08\/alfetec_06122023__VM71575-Editar-2.jpg","width":1199,"height":858},{"@type":"BreadcrumbList","@id":"https:\/\/www.alfetec.com.br\/site\/es\/product\/lapidadora-multiglass\/#breadcrumb","itemListElement":[{"@type":"ListItem","position":1,"name":"In\u00edcio","item":"https:\/\/www.alfetec.com.br\/site\/"},{"@type":"ListItem","position":2,"name":"Produtos","item":"https:\/\/www.alfetec.com.br\/site\/produtos\/"},{"@type":"ListItem","position":3,"name":"LAPIDADORA PARA VIDRO MULTIGLASS"}]},{"@type":"WebSite","@id":"https:\/\/www.alfetec.com.br\/site\/#website","url":"https:\/\/www.alfetec.com.br\/site\/","name":"Alfetec","description":"Entregamos a solu\u00e7\u00e3o para facilitar sua m\u00e3o de obra","potentialAction":[{"@type":"SearchAction","target":{"@type":"EntryPoint","urlTemplate":"https:\/\/www.alfetec.com.br\/site\/?s={search_term_string}"},"query-input":{"@type":"PropertyValueSpecification","valueRequired":true,"valueName":"search_term_string"}}],"inLanguage":"es-ES"}]}},"_links":{"self":[{"href":"https:\/\/www.alfetec.com.br\/site\/es\/wp-json\/wp\/v2\/product\/951","targetHints":{"allow":["GET"]}}],"collection":[{"href":"https:\/\/www.alfetec.com.br\/site\/es\/wp-json\/wp\/v2\/product"}],"about":[{"href":"https:\/\/www.alfetec.com.br\/site\/es\/wp-json\/wp\/v2\/types\/product"}],"wp:featuredmedia":[{"embeddable":true,"href":"https:\/\/www.alfetec.com.br\/site\/es\/wp-json\/wp\/v2\/media\/1019"}],"wp:attachment":[{"href":"https:\/\/www.alfetec.com.br\/site\/es\/wp-json\/wp\/v2\/media?parent=951"}],"wp:term":[{"taxonomy":"product_brand","embeddable":true,"href":"https:\/\/www.alfetec.com.br\/site\/es\/wp-json\/wp\/v2\/product_brand?post=951"},{"taxonomy":"product_cat","embeddable":true,"href":"https:\/\/www.alfetec.com.br\/site\/es\/wp-json\/wp\/v2\/product_cat?post=951"},{"taxonomy":"product_tag","embeddable":true,"href":"https:\/\/www.alfetec.com.br\/site\/es\/wp-json\/wp\/v2\/product_tag?post=951"}],"curies":[{"name":"wp","href":"https:\/\/api.w.org\/{rel}","templated":true}]}}