{"id":946,"date":"2023-08-21T13:50:36","date_gmt":"2023-08-21T16:50:36","guid":{"rendered":"https:\/\/www.alfetec.com.br\/site\/?post_type=product&#038;p=946"},"modified":"2025-05-07T11:46:03","modified_gmt":"2025-05-07T14:46:03","slug":"sbm-seal-brush-machine","status":"publish","type":"product","link":"https:\/\/www.alfetec.com.br\/site\/es\/product\/sbm-seal-brush-machine\/","title":{"rendered":"SBM \u2013 Seal Brush Machine","raw":"SBM \u2013 Seal Brush Machine"},"content":{"rendered":"<p><span style=\"font-weight: 400;\">M\u00e1quina para colocar autom\u00e1ticamente las felpas aislantes en perfiles de aluminio. \u00a1Automatice el proceso y difer\u00e9nciese de la competencia con m\u00e1s eficiencia y rentablidad!<\/span><\/p>\n<p><span style=\"font-weight: 400;\">\u2705 <\/span><b>Alta productividad:<\/b><span style=\"font-weight: 400;\"> la capacidad m\u00e1xima de felpa aislante colocada por ciclo es de 8 unidades, permitiendo la colocaci\u00f3n de felpas hasta en 8 perfiles de una vez, de acuerdo con el n\u00famero de felpas del modelo del perfil (esta capacidad puede ser aumentada seg\u00fan el requerimiento del cliente).<\/span><\/p>\n<p><span style=\"font-weight: 400;\">\u2705 <\/span><b>Compartimiento de almacenamiento de perfiles:<\/b><span style=\"font-weight: 400;\"> para perfiles con y sin felpas, favoreciendo un mayor rendimiento del proceso de la m\u00e1quina.<\/span><\/p>\n<p><span style=\"font-weight: 400;\">\u00a1La SBM tambi\u00e9n puede colocar la tapa del riel inferior simult\u00e1neamente con las felpas aislantes!<\/span><\/p>\n","protected":false,"raw":"<span style=\"font-weight: 400;\">M\u00e1quina para colocar autom\u00e1ticamente las felpas aislantes en perfiles de aluminio. \u00a1Automatice el proceso y difer\u00e9nciese de la competencia con m\u00e1s eficiencia y rentablidad!<\/span>\r\n\r\n<span style=\"font-weight: 400;\">\u2705 <\/span><b>Alta productividad:<\/b><span style=\"font-weight: 400;\"> la capacidad m\u00e1xima de felpa aislante colocada por ciclo es de 8 unidades, permitiendo la colocaci\u00f3n de felpas hasta en 8 perfiles de una vez, de acuerdo con el n\u00famero de felpas del modelo del perfil (esta capacidad puede ser aumentada seg\u00fan el requerimiento del cliente).<\/span>\r\n\r\n<span style=\"font-weight: 400;\">\u2705 <\/span><b>Compartimiento de almacenamiento de perfiles:<\/b><span style=\"font-weight: 400;\"> para perfiles con y sin felpas, favoreciendo un mayor rendimiento del proceso de la m\u00e1quina.<\/span>\r\n\r\n<span style=\"font-weight: 400;\">\u00a1La SBM tambi\u00e9n puede colocar la tapa del riel inferior simult\u00e1neamente con las felpas aislantes!<\/span>"},"excerpt":{"rendered":"","protected":false,"raw":""},"featured_media":948,"template":"","meta":{"_acf_changed":false,"_pt_post_content":"<span style=\"font-weight: 400;\">M\u00e1quina para a coloca\u00e7\u00e3o autom\u00e1tica de escova de veda\u00e7\u00e3o em perfis de alum\u00ednio. Automatize o processo e saia na frente da concorr\u00eancia com mais efici\u00eancia e rentabilidade!<\/span>\r\n\r\n<span style=\"font-weight: 400;\">\u2705<\/span><b>Alta produtividade:<\/b><span style=\"font-weight: 400;\"> capacidade m\u00e1xima de escova de veda\u00e7\u00e3o colocadas por ciclo s\u00e3o de 8 unidades, possibilitando a coloca\u00e7\u00e3o das escovas de veda\u00e7\u00e3o em at\u00e9 8 perfis de uma s\u00f3 vez de acordo com o n\u00famero de escovas contida no modelo de perfil (segundo \u00e0 demanda do cliente esta capacidade pode ser aumentada).<\/span><span style=\"font-weight: 400;\">\r\n<\/span><span style=\"font-weight: 400;\">\r\n<\/span><span style=\"font-weight: 400;\">\u2705<\/span><b>Compartimento de estocagem de perfis:<\/b><span style=\"font-weight: 400;\"> para perfis sem e com escovinhas, favorecendo maior rendimento ao processo da m\u00e1quina.<\/span><span style=\"font-weight: 400;\">\r\n<\/span><span style=\"font-weight: 400;\">\r\n<\/span><span style=\"font-weight: 400;\">A SBM tamb\u00e9m pode colocar a tapa canal no trilho inferior simultaneamente com as escovas de veda\u00e7\u00e3o!<\/span>","_pt_post_name":"sbm-seal-brush-machine","_pt_post_excerpt":"","_pt_post_title":"SBM \u2013 SEAL BRUSH MACHINE","_es_post_content":"<span style=\"font-weight: 400;\">M\u00e1quina para colocar autom\u00e1ticamente las felpas aislantes en perfiles de aluminio. \u00a1Automatice el proceso y difer\u00e9nciese de la competencia con m\u00e1s eficiencia y rentablidad!<\/span>\r\n\r\n<span style=\"font-weight: 400;\">\u2705 <\/span><b>Alta productividad:<\/b><span style=\"font-weight: 400;\"> la capacidad m\u00e1xima de felpa aislante colocada por ciclo es de 8 unidades, permitiendo la colocaci\u00f3n de felpas hasta en 8 perfiles de una vez, de acuerdo con el n\u00famero de felpas del modelo del perfil (esta capacidad puede ser aumentada seg\u00fan el requerimiento del cliente).<\/span>\r\n\r\n<span style=\"font-weight: 400;\">\u2705 <\/span><b>Compartimiento de almacenamiento de perfiles:<\/b><span style=\"font-weight: 400;\"> para perfiles con y sin felpas, favoreciendo un mayor rendimiento del proceso de la m\u00e1quina.<\/span>\r\n\r\n<span style=\"font-weight: 400;\">\u00a1La SBM tambi\u00e9n puede colocar la tapa del riel inferior simult\u00e1neamente con las felpas aislantes!<\/span>","_es_post_name":"sbm-seal-brush-machine","_es_post_excerpt":"","_es_post_title":"SBM \u2013 Seal Brush Machine","edit_language":"es"},"product_brand":[],"product_cat":[17],"product_tag":[],"class_list":{"0":"post-946","1":"product","2":"type-product","3":"status-publish","4":"has-post-thumbnail","6":"product_cat-sem-categoria","8":"first","9":"instock","10":"shipping-taxable","11":"product-type-simple"},"acf":[],"yoast_head":"<!-- This site is optimized with the Yoast SEO plugin v27.2 - https:\/\/yoast.com\/product\/yoast-seo-wordpress\/ -->\n<title>SBM \u2013 SEAL BRUSH MACHINE - Alfetec<\/title>\n<meta name=\"robots\" content=\"index, follow, max-snippet:-1, max-image-preview:large, max-video-preview:-1\" \/>\n<link rel=\"canonical\" href=\"https:\/\/www.alfetec.com.br\/site\/product\/sbm-seal-brush-machine\/\" \/>\n<meta property=\"og:locale\" content=\"es_ES\" \/>\n<meta property=\"og:type\" content=\"article\" \/>\n<meta property=\"og:title\" content=\"SBM \u2013 SEAL BRUSH MACHINE - Alfetec\" \/>\n<meta property=\"og:description\" content=\"M\u00e1quina para colocar autom\u00e1ticamente las felpas aislantes en perfiles de aluminio. \u00a1Automatice el proceso y difer\u00e9nciese de la competencia con m\u00e1s eficiencia y rentablidad! \u2705 Alta productividad: la capacidad m\u00e1xima de felpa aislante colocada por ciclo es de 8 unidades, permitiendo la colocaci\u00f3n de felpas hasta en 8 perfiles de una vez, de acuerdo con &hellip; Continued\" \/>\n<meta property=\"og:url\" content=\"https:\/\/www.alfetec.com.br\/site\/product\/sbm-seal-brush-machine\/\" \/>\n<meta property=\"og:site_name\" content=\"Alfetec\" \/>\n<meta property=\"article:publisher\" content=\"https:\/\/www.facebook.com\/engenhariaalfetec\" \/>\n<meta property=\"article:modified_time\" content=\"2025-05-07T14:46:03+00:00\" \/>\n<meta property=\"og:image\" content=\"https:\/\/www.alfetec.com.br\/site\/wp-content\/uploads\/2023\/08\/WhatsApp-Image-2023-08-07-at-10.54.19-AM-1.jpeg\" \/>\n\t<meta property=\"og:image:width\" content=\"1600\" \/>\n\t<meta property=\"og:image:height\" content=\"1066\" \/>\n\t<meta property=\"og:image:type\" content=\"image\/jpeg\" \/>\n<meta name=\"twitter:card\" content=\"summary_large_image\" \/>\n<meta name=\"twitter:label1\" content=\"Tiempo de lectura\" \/>\n\t<meta name=\"twitter:data1\" content=\"1 minute\" \/>\n<script type=\"application\/ld+json\" class=\"yoast-schema-graph\">{\"@context\":\"https:\/\/schema.org\",\"@graph\":[{\"@type\":\"WebPage\",\"@id\":\"https:\/\/www.alfetec.com.br\/site\/product\/sbm-seal-brush-machine\/\",\"url\":\"https:\/\/www.alfetec.com.br\/site\/product\/sbm-seal-brush-machine\/\",\"name\":\"SBM \u2013 SEAL BRUSH MACHINE - Alfetec\",\"isPartOf\":{\"@id\":\"https:\/\/www.alfetec.com.br\/site\/#website\"},\"primaryImageOfPage\":{\"@id\":\"https:\/\/www.alfetec.com.br\/site\/product\/sbm-seal-brush-machine\/#primaryimage\"},\"image\":{\"@id\":\"https:\/\/www.alfetec.com.br\/site\/product\/sbm-seal-brush-machine\/#primaryimage\"},\"thumbnailUrl\":\"https:\/\/www.alfetec.com.br\/site\/wp-content\/uploads\/2023\/08\/WhatsApp-Image-2023-08-07-at-10.54.19-AM-1.jpeg\",\"datePublished\":\"2023-08-21T16:50:36+00:00\",\"dateModified\":\"2025-05-07T14:46:03+00:00\",\"breadcrumb\":{\"@id\":\"https:\/\/www.alfetec.com.br\/site\/product\/sbm-seal-brush-machine\/#breadcrumb\"},\"inLanguage\":\"es-ES\",\"potentialAction\":[{\"@type\":\"ReadAction\",\"target\":[\"https:\/\/www.alfetec.com.br\/site\/product\/sbm-seal-brush-machine\/\"]}]},{\"@type\":\"ImageObject\",\"inLanguage\":\"es-ES\",\"@id\":\"https:\/\/www.alfetec.com.br\/site\/product\/sbm-seal-brush-machine\/#primaryimage\",\"url\":\"https:\/\/www.alfetec.com.br\/site\/wp-content\/uploads\/2023\/08\/WhatsApp-Image-2023-08-07-at-10.54.19-AM-1.jpeg\",\"contentUrl\":\"https:\/\/www.alfetec.com.br\/site\/wp-content\/uploads\/2023\/08\/WhatsApp-Image-2023-08-07-at-10.54.19-AM-1.jpeg\",\"width\":1600,\"height\":1066},{\"@type\":\"BreadcrumbList\",\"@id\":\"https:\/\/www.alfetec.com.br\/site\/product\/sbm-seal-brush-machine\/#breadcrumb\",\"itemListElement\":[{\"@type\":\"ListItem\",\"position\":1,\"name\":\"In\u00edcio\",\"item\":\"https:\/\/www.alfetec.com.br\/site\/\"},{\"@type\":\"ListItem\",\"position\":2,\"name\":\"Produtos\",\"item\":\"https:\/\/www.alfetec.com.br\/site\/produtos\/\"},{\"@type\":\"ListItem\",\"position\":3,\"name\":\"SBM \u2013 SEAL BRUSH MACHINE\"}]},{\"@type\":\"WebSite\",\"@id\":\"https:\/\/www.alfetec.com.br\/site\/#website\",\"url\":\"https:\/\/www.alfetec.com.br\/site\/\",\"name\":\"Alfetec\",\"description\":\"Entregamos a solu\u00e7\u00e3o para facilitar sua m\u00e3o de obra\",\"potentialAction\":[{\"@type\":\"SearchAction\",\"target\":{\"@type\":\"EntryPoint\",\"urlTemplate\":\"https:\/\/www.alfetec.com.br\/site\/?s={search_term_string}\"},\"query-input\":{\"@type\":\"PropertyValueSpecification\",\"valueRequired\":true,\"valueName\":\"search_term_string\"}}],\"inLanguage\":\"es-ES\"}]}<\/script>\n<!-- \/ Yoast SEO plugin. -->","yoast_head_json":{"title":"SBM \u2013 SEAL BRUSH MACHINE - Alfetec","robots":{"index":"index","follow":"follow","max-snippet":"max-snippet:-1","max-image-preview":"max-image-preview:large","max-video-preview":"max-video-preview:-1"},"canonical":"https:\/\/www.alfetec.com.br\/site\/product\/sbm-seal-brush-machine\/","og_locale":"es_ES","og_type":"article","og_title":"SBM \u2013 SEAL BRUSH MACHINE - Alfetec","og_description":"M\u00e1quina para colocar autom\u00e1ticamente las felpas aislantes en perfiles de aluminio. \u00a1Automatice el proceso y difer\u00e9nciese de la competencia con m\u00e1s eficiencia y rentablidad! \u2705 Alta productividad: la capacidad m\u00e1xima de felpa aislante colocada por ciclo es de 8 unidades, permitiendo la colocaci\u00f3n de felpas hasta en 8 perfiles de una vez, de acuerdo con &hellip; Continued","og_url":"https:\/\/www.alfetec.com.br\/site\/product\/sbm-seal-brush-machine\/","og_site_name":"Alfetec","article_publisher":"https:\/\/www.facebook.com\/engenhariaalfetec","article_modified_time":"2025-05-07T14:46:03+00:00","og_image":[{"width":1600,"height":1066,"url":"https:\/\/www.alfetec.com.br\/site\/wp-content\/uploads\/2023\/08\/WhatsApp-Image-2023-08-07-at-10.54.19-AM-1.jpeg","type":"image\/jpeg"}],"twitter_card":"summary_large_image","twitter_misc":{"Tiempo de lectura":"1 minute"},"schema":{"@context":"https:\/\/schema.org","@graph":[{"@type":"WebPage","@id":"https:\/\/www.alfetec.com.br\/site\/product\/sbm-seal-brush-machine\/","url":"https:\/\/www.alfetec.com.br\/site\/product\/sbm-seal-brush-machine\/","name":"SBM \u2013 SEAL BRUSH MACHINE - Alfetec","isPartOf":{"@id":"https:\/\/www.alfetec.com.br\/site\/#website"},"primaryImageOfPage":{"@id":"https:\/\/www.alfetec.com.br\/site\/product\/sbm-seal-brush-machine\/#primaryimage"},"image":{"@id":"https:\/\/www.alfetec.com.br\/site\/product\/sbm-seal-brush-machine\/#primaryimage"},"thumbnailUrl":"https:\/\/www.alfetec.com.br\/site\/wp-content\/uploads\/2023\/08\/WhatsApp-Image-2023-08-07-at-10.54.19-AM-1.jpeg","datePublished":"2023-08-21T16:50:36+00:00","dateModified":"2025-05-07T14:46:03+00:00","breadcrumb":{"@id":"https:\/\/www.alfetec.com.br\/site\/product\/sbm-seal-brush-machine\/#breadcrumb"},"inLanguage":"es-ES","potentialAction":[{"@type":"ReadAction","target":["https:\/\/www.alfetec.com.br\/site\/product\/sbm-seal-brush-machine\/"]}]},{"@type":"ImageObject","inLanguage":"es-ES","@id":"https:\/\/www.alfetec.com.br\/site\/product\/sbm-seal-brush-machine\/#primaryimage","url":"https:\/\/www.alfetec.com.br\/site\/wp-content\/uploads\/2023\/08\/WhatsApp-Image-2023-08-07-at-10.54.19-AM-1.jpeg","contentUrl":"https:\/\/www.alfetec.com.br\/site\/wp-content\/uploads\/2023\/08\/WhatsApp-Image-2023-08-07-at-10.54.19-AM-1.jpeg","width":1600,"height":1066},{"@type":"BreadcrumbList","@id":"https:\/\/www.alfetec.com.br\/site\/product\/sbm-seal-brush-machine\/#breadcrumb","itemListElement":[{"@type":"ListItem","position":1,"name":"In\u00edcio","item":"https:\/\/www.alfetec.com.br\/site\/"},{"@type":"ListItem","position":2,"name":"Produtos","item":"https:\/\/www.alfetec.com.br\/site\/produtos\/"},{"@type":"ListItem","position":3,"name":"SBM \u2013 SEAL BRUSH MACHINE"}]},{"@type":"WebSite","@id":"https:\/\/www.alfetec.com.br\/site\/#website","url":"https:\/\/www.alfetec.com.br\/site\/","name":"Alfetec","description":"Entregamos a solu\u00e7\u00e3o para facilitar sua m\u00e3o de obra","potentialAction":[{"@type":"SearchAction","target":{"@type":"EntryPoint","urlTemplate":"https:\/\/www.alfetec.com.br\/site\/?s={search_term_string}"},"query-input":{"@type":"PropertyValueSpecification","valueRequired":true,"valueName":"search_term_string"}}],"inLanguage":"es-ES"}]}},"_links":{"self":[{"href":"https:\/\/www.alfetec.com.br\/site\/es\/wp-json\/wp\/v2\/product\/946","targetHints":{"allow":["GET"]}}],"collection":[{"href":"https:\/\/www.alfetec.com.br\/site\/es\/wp-json\/wp\/v2\/product"}],"about":[{"href":"https:\/\/www.alfetec.com.br\/site\/es\/wp-json\/wp\/v2\/types\/product"}],"wp:featuredmedia":[{"embeddable":true,"href":"https:\/\/www.alfetec.com.br\/site\/es\/wp-json\/wp\/v2\/media\/948"}],"wp:attachment":[{"href":"https:\/\/www.alfetec.com.br\/site\/es\/wp-json\/wp\/v2\/media?parent=946"}],"wp:term":[{"taxonomy":"product_brand","embeddable":true,"href":"https:\/\/www.alfetec.com.br\/site\/es\/wp-json\/wp\/v2\/product_brand?post=946"},{"taxonomy":"product_cat","embeddable":true,"href":"https:\/\/www.alfetec.com.br\/site\/es\/wp-json\/wp\/v2\/product_cat?post=946"},{"taxonomy":"product_tag","embeddable":true,"href":"https:\/\/www.alfetec.com.br\/site\/es\/wp-json\/wp\/v2\/product_tag?post=946"}],"curies":[{"name":"wp","href":"https:\/\/api.w.org\/{rel}","templated":true}]}}