{"id":189,"date":"2022-02-18T10:22:48","date_gmt":"2022-02-18T13:22:48","guid":{"rendered":"https:\/\/www.alfetec.com.br\/site\/?post_type=product&#038;p=189"},"modified":"2025-05-16T07:26:21","modified_gmt":"2025-05-16T10:26:21","slug":"canteadora-giroalf","status":"publish","type":"product","link":"https:\/\/www.alfetec.com.br\/site\/es\/product\/canteadora-giroalf\/","title":{"rendered":"Canteadora Giroalf Para Vidrio","raw":"Canteadora Giroalf Para Vidrio"},"content":{"rendered":"<p>La Canteadora Giroalf permite un perfecto pulido de cantos en vidrios circulares.<\/p>\n<p><strong>#Caracter\u00edsticas<\/strong><\/p>\n<p>Cuenta con un sistema de reaprovechamiento de agua, motores trif\u00e1sicos, panel el\u00e9ctrico de acuerdo con las normas y pintura ep\u00f3xica de alta resistencia.<\/p>\n<p>Sus medidas son: 2,06 m x 0,70 m x 1,72 m (alto x ancho x largo).<\/p>\n<p><strong>#Operaci\u00f3n<\/strong><\/p>\n<p>La Lapidadora Giroalf opera con vidrios circulares de 3 a 12 mm de espesor y dimensiones de 300 a 1800 mm. Cuenta con rueda para cantear de 175 mm y rueda para pulir de 200 mm. Su potencia m\u00e1xima instalada es de 3,5 HP.<\/p>\n","protected":false,"raw":"La Canteadora Giroalf permite un perfecto pulido de cantos en vidrios circulares.\r\n\r\n<strong>#Caracter\u00edsticas<\/strong>\r\n\r\nCuenta con un sistema de reaprovechamiento de agua, motores trif\u00e1sicos, panel el\u00e9ctrico de acuerdo con las normas y pintura ep\u00f3xica de alta resistencia.\r\n\r\nSus medidas son: 2,06 m x 0,70 m x 1,72 m (alto x ancho x largo).\r\n\r\n<strong>#Operaci\u00f3n<\/strong>\r\n\r\nLa Lapidadora Giroalf opera con vidrios circulares de 3 a 12 mm de espesor y dimensiones de 300 a 1800 mm. Cuenta con rueda para cantear de 175 mm y rueda para pulir de 200 mm. Su potencia m\u00e1xima instalada es de 3,5 HP."},"excerpt":{"rendered":"","protected":false,"raw":""},"featured_media":1014,"template":"","meta":{"_acf_changed":false,"_pt_post_content":"<hr \/>\r\n\r\nA <b>Lapidadora <\/b><b>Giroalf<\/b> permite uma perfeita lapida\u00e7\u00e3o e polimento em vidros circulares.\r\n\r\n&nbsp;\r\n\r\n<b>#Caracter\u00edsticas<\/b>\r\n\r\nPossui sistema de reaproveitamento de \u00e1gua, motores trif\u00e1sicos, painel el\u00e9trico de acordo com as normas e pintura em ep\u00f3xi de alta resist\u00eancia.\r\n\r\nSuas dimens\u00f5es s\u00e3o de 2,06m x 0,70m x 1,72m (A x L x C).\r\n\r\n&nbsp;\r\n\r\n<b>#Opera\u00e7\u00e3o<\/b>\r\n\r\nA Lapidadora Giroalf opera vidros circulares com espessuras de 3mm a 12mm e dimens\u00f5es de 300mm a 1800mm. Rebolo para lapidar de 175mm e rebolo para polir de 200mm. Pot\u00eancia m\u00e1xima instalada \u00e9 de 3,5 CV.","_pt_post_name":"lapidadora-giroalf","_pt_post_excerpt":"","_pt_post_title":"LAPIDADORA PARA VIDRO GIROALF","_es_post_content":"La Canteadora Giroalf permite un perfecto pulido de cantos en vidrios circulares.\r\n\r\n<strong>#Caracter\u00edsticas<\/strong>\r\n\r\nCuenta con un sistema de reaprovechamiento de agua, motores trif\u00e1sicos, panel el\u00e9ctrico de acuerdo con las normas y pintura ep\u00f3xica de alta resistencia.\r\n\r\nSus medidas son: 2,06 m x 0,70 m x 1,72 m (alto x ancho x largo).\r\n\r\n<strong>#Operaci\u00f3n<\/strong>\r\n\r\nLa Lapidadora Giroalf opera con vidrios circulares de 3 a 12 mm de espesor y dimensiones de 300 a 1800 mm. Cuenta con rueda para cantear de 175 mm y rueda para pulir de 200 mm. Su potencia m\u00e1xima instalada es de 3,5 HP.","_es_post_name":"canteadora-giroalf","_es_post_excerpt":"","_es_post_title":"Canteadora Giroalf Para Vidrio","edit_language":"es"},"product_brand":[],"product_cat":[17],"product_tag":[],"class_list":{"0":"post-189","1":"product","2":"type-product","3":"status-publish","4":"has-post-thumbnail","6":"product_cat-sem-categoria","8":"first","9":"instock","10":"shipping-taxable","11":"product-type-simple"},"acf":[],"yoast_head":"<!-- This site is optimized with the Yoast SEO plugin v27.2 - https:\/\/yoast.com\/product\/yoast-seo-wordpress\/ -->\n<title>LAPIDADORA PARA VIDRO GIROALF - Alfetec<\/title>\n<meta name=\"robots\" content=\"index, follow, max-snippet:-1, max-image-preview:large, max-video-preview:-1\" \/>\n<link rel=\"canonical\" href=\"https:\/\/www.alfetec.com.br\/site\/es\/product\/canteadora-giroalf\/\" \/>\n<meta property=\"og:locale\" content=\"es_ES\" \/>\n<meta property=\"og:type\" content=\"article\" \/>\n<meta property=\"og:title\" content=\"LAPIDADORA PARA VIDRO GIROALF - Alfetec\" \/>\n<meta property=\"og:description\" content=\"La Canteadora Giroalf permite un perfecto pulido de cantos en vidrios circulares. #Caracter\u00edsticas Cuenta con un sistema de reaprovechamiento de agua, motores trif\u00e1sicos, panel el\u00e9ctrico de acuerdo con las normas y pintura ep\u00f3xica de alta resistencia. Sus medidas son: 2,06 m x 0,70 m x 1,72 m (alto x ancho x largo). #Operaci\u00f3n La Lapidadora &hellip; Continued\" \/>\n<meta property=\"og:url\" content=\"https:\/\/www.alfetec.com.br\/site\/es\/product\/canteadora-giroalf\/\" \/>\n<meta property=\"og:site_name\" content=\"Alfetec\" \/>\n<meta property=\"article:publisher\" content=\"https:\/\/www.facebook.com\/engenhariaalfetec\" \/>\n<meta property=\"article:modified_time\" content=\"2025-05-16T10:26:21+00:00\" \/>\n<meta property=\"og:image\" content=\"https:\/\/www.alfetec.com.br\/site\/wp-content\/uploads\/2022\/02\/alfetec_10112023__VM77211-Editar.jpg\" \/>\n\t<meta property=\"og:image:width\" content=\"1200\" \/>\n\t<meta property=\"og:image:height\" content=\"1587\" \/>\n\t<meta property=\"og:image:type\" content=\"image\/jpeg\" \/>\n<meta name=\"twitter:card\" content=\"summary_large_image\" \/>\n<meta name=\"twitter:label1\" content=\"Tiempo de lectura\" \/>\n\t<meta name=\"twitter:data1\" content=\"1 minute\" \/>\n<script type=\"application\/ld+json\" class=\"yoast-schema-graph\">{\"@context\":\"https:\/\/schema.org\",\"@graph\":[{\"@type\":\"WebPage\",\"@id\":\"https:\/\/www.alfetec.com.br\/site\/es\/product\/canteadora-giroalf\/\",\"url\":\"https:\/\/www.alfetec.com.br\/site\/es\/product\/canteadora-giroalf\/\",\"name\":\"LAPIDADORA PARA VIDRO GIROALF - Alfetec\",\"isPartOf\":{\"@id\":\"https:\/\/www.alfetec.com.br\/site\/#website\"},\"primaryImageOfPage\":{\"@id\":\"https:\/\/www.alfetec.com.br\/site\/es\/product\/canteadora-giroalf\/#primaryimage\"},\"image\":{\"@id\":\"https:\/\/www.alfetec.com.br\/site\/es\/product\/canteadora-giroalf\/#primaryimage\"},\"thumbnailUrl\":\"https:\/\/www.alfetec.com.br\/site\/wp-content\/uploads\/2022\/02\/alfetec_10112023__VM77211-Editar.jpg\",\"datePublished\":\"2022-02-18T13:22:48+00:00\",\"dateModified\":\"2025-05-16T10:26:21+00:00\",\"breadcrumb\":{\"@id\":\"https:\/\/www.alfetec.com.br\/site\/es\/product\/canteadora-giroalf\/#breadcrumb\"},\"inLanguage\":\"es-ES\",\"potentialAction\":[{\"@type\":\"ReadAction\",\"target\":[\"https:\/\/www.alfetec.com.br\/site\/es\/product\/canteadora-giroalf\/\"]}]},{\"@type\":\"ImageObject\",\"inLanguage\":\"es-ES\",\"@id\":\"https:\/\/www.alfetec.com.br\/site\/es\/product\/canteadora-giroalf\/#primaryimage\",\"url\":\"https:\/\/www.alfetec.com.br\/site\/wp-content\/uploads\/2022\/02\/alfetec_10112023__VM77211-Editar.jpg\",\"contentUrl\":\"https:\/\/www.alfetec.com.br\/site\/wp-content\/uploads\/2022\/02\/alfetec_10112023__VM77211-Editar.jpg\",\"width\":1200,\"height\":1587},{\"@type\":\"BreadcrumbList\",\"@id\":\"https:\/\/www.alfetec.com.br\/site\/es\/product\/canteadora-giroalf\/#breadcrumb\",\"itemListElement\":[{\"@type\":\"ListItem\",\"position\":1,\"name\":\"In\u00edcio\",\"item\":\"https:\/\/www.alfetec.com.br\/site\/\"},{\"@type\":\"ListItem\",\"position\":2,\"name\":\"Produtos\",\"item\":\"https:\/\/www.alfetec.com.br\/site\/produtos\/\"},{\"@type\":\"ListItem\",\"position\":3,\"name\":\"LAPIDADORA PARA VIDRO GIROALF\"}]},{\"@type\":\"WebSite\",\"@id\":\"https:\/\/www.alfetec.com.br\/site\/#website\",\"url\":\"https:\/\/www.alfetec.com.br\/site\/\",\"name\":\"Alfetec\",\"description\":\"Entregamos a solu\u00e7\u00e3o para facilitar sua m\u00e3o de obra\",\"potentialAction\":[{\"@type\":\"SearchAction\",\"target\":{\"@type\":\"EntryPoint\",\"urlTemplate\":\"https:\/\/www.alfetec.com.br\/site\/?s={search_term_string}\"},\"query-input\":{\"@type\":\"PropertyValueSpecification\",\"valueRequired\":true,\"valueName\":\"search_term_string\"}}],\"inLanguage\":\"es-ES\"}]}<\/script>\n<!-- \/ Yoast SEO plugin. -->","yoast_head_json":{"title":"LAPIDADORA PARA VIDRO GIROALF - Alfetec","robots":{"index":"index","follow":"follow","max-snippet":"max-snippet:-1","max-image-preview":"max-image-preview:large","max-video-preview":"max-video-preview:-1"},"canonical":"https:\/\/www.alfetec.com.br\/site\/es\/product\/canteadora-giroalf\/","og_locale":"es_ES","og_type":"article","og_title":"LAPIDADORA PARA VIDRO GIROALF - Alfetec","og_description":"La Canteadora Giroalf permite un perfecto pulido de cantos en vidrios circulares. #Caracter\u00edsticas Cuenta con un sistema de reaprovechamiento de agua, motores trif\u00e1sicos, panel el\u00e9ctrico de acuerdo con las normas y pintura ep\u00f3xica de alta resistencia. Sus medidas son: 2,06 m x 0,70 m x 1,72 m (alto x ancho x largo). #Operaci\u00f3n La Lapidadora &hellip; Continued","og_url":"https:\/\/www.alfetec.com.br\/site\/es\/product\/canteadora-giroalf\/","og_site_name":"Alfetec","article_publisher":"https:\/\/www.facebook.com\/engenhariaalfetec","article_modified_time":"2025-05-16T10:26:21+00:00","og_image":[{"width":1200,"height":1587,"url":"https:\/\/www.alfetec.com.br\/site\/wp-content\/uploads\/2022\/02\/alfetec_10112023__VM77211-Editar.jpg","type":"image\/jpeg"}],"twitter_card":"summary_large_image","twitter_misc":{"Tiempo de lectura":"1 minute"},"schema":{"@context":"https:\/\/schema.org","@graph":[{"@type":"WebPage","@id":"https:\/\/www.alfetec.com.br\/site\/es\/product\/canteadora-giroalf\/","url":"https:\/\/www.alfetec.com.br\/site\/es\/product\/canteadora-giroalf\/","name":"LAPIDADORA PARA VIDRO GIROALF - Alfetec","isPartOf":{"@id":"https:\/\/www.alfetec.com.br\/site\/#website"},"primaryImageOfPage":{"@id":"https:\/\/www.alfetec.com.br\/site\/es\/product\/canteadora-giroalf\/#primaryimage"},"image":{"@id":"https:\/\/www.alfetec.com.br\/site\/es\/product\/canteadora-giroalf\/#primaryimage"},"thumbnailUrl":"https:\/\/www.alfetec.com.br\/site\/wp-content\/uploads\/2022\/02\/alfetec_10112023__VM77211-Editar.jpg","datePublished":"2022-02-18T13:22:48+00:00","dateModified":"2025-05-16T10:26:21+00:00","breadcrumb":{"@id":"https:\/\/www.alfetec.com.br\/site\/es\/product\/canteadora-giroalf\/#breadcrumb"},"inLanguage":"es-ES","potentialAction":[{"@type":"ReadAction","target":["https:\/\/www.alfetec.com.br\/site\/es\/product\/canteadora-giroalf\/"]}]},{"@type":"ImageObject","inLanguage":"es-ES","@id":"https:\/\/www.alfetec.com.br\/site\/es\/product\/canteadora-giroalf\/#primaryimage","url":"https:\/\/www.alfetec.com.br\/site\/wp-content\/uploads\/2022\/02\/alfetec_10112023__VM77211-Editar.jpg","contentUrl":"https:\/\/www.alfetec.com.br\/site\/wp-content\/uploads\/2022\/02\/alfetec_10112023__VM77211-Editar.jpg","width":1200,"height":1587},{"@type":"BreadcrumbList","@id":"https:\/\/www.alfetec.com.br\/site\/es\/product\/canteadora-giroalf\/#breadcrumb","itemListElement":[{"@type":"ListItem","position":1,"name":"In\u00edcio","item":"https:\/\/www.alfetec.com.br\/site\/"},{"@type":"ListItem","position":2,"name":"Produtos","item":"https:\/\/www.alfetec.com.br\/site\/produtos\/"},{"@type":"ListItem","position":3,"name":"LAPIDADORA PARA VIDRO GIROALF"}]},{"@type":"WebSite","@id":"https:\/\/www.alfetec.com.br\/site\/#website","url":"https:\/\/www.alfetec.com.br\/site\/","name":"Alfetec","description":"Entregamos a solu\u00e7\u00e3o para facilitar sua m\u00e3o de obra","potentialAction":[{"@type":"SearchAction","target":{"@type":"EntryPoint","urlTemplate":"https:\/\/www.alfetec.com.br\/site\/?s={search_term_string}"},"query-input":{"@type":"PropertyValueSpecification","valueRequired":true,"valueName":"search_term_string"}}],"inLanguage":"es-ES"}]}},"_links":{"self":[{"href":"https:\/\/www.alfetec.com.br\/site\/es\/wp-json\/wp\/v2\/product\/189","targetHints":{"allow":["GET"]}}],"collection":[{"href":"https:\/\/www.alfetec.com.br\/site\/es\/wp-json\/wp\/v2\/product"}],"about":[{"href":"https:\/\/www.alfetec.com.br\/site\/es\/wp-json\/wp\/v2\/types\/product"}],"wp:featuredmedia":[{"embeddable":true,"href":"https:\/\/www.alfetec.com.br\/site\/es\/wp-json\/wp\/v2\/media\/1014"}],"wp:attachment":[{"href":"https:\/\/www.alfetec.com.br\/site\/es\/wp-json\/wp\/v2\/media?parent=189"}],"wp:term":[{"taxonomy":"product_brand","embeddable":true,"href":"https:\/\/www.alfetec.com.br\/site\/es\/wp-json\/wp\/v2\/product_brand?post=189"},{"taxonomy":"product_cat","embeddable":true,"href":"https:\/\/www.alfetec.com.br\/site\/es\/wp-json\/wp\/v2\/product_cat?post=189"},{"taxonomy":"product_tag","embeddable":true,"href":"https:\/\/www.alfetec.com.br\/site\/es\/wp-json\/wp\/v2\/product_tag?post=189"}],"curies":[{"name":"wp","href":"https:\/\/api.w.org\/{rel}","templated":true}]}}