{"id":187,"date":"2022-02-18T10:20:16","date_gmt":"2022-02-18T13:20:16","guid":{"rendered":"https:\/\/www.alfetec.com.br\/site\/?post_type=product&#038;p=187"},"modified":"2025-05-16T07:27:10","modified_gmt":"2025-05-16T10:27:10","slug":"esmeriladora-automatica-m2","status":"publish","type":"product","link":"https:\/\/www.alfetec.com.br\/site\/es\/product\/esmeriladora-automatica-m2\/","title":{"rendered":"Esmeriladora Para Vidrio autom\u00e1tica M2","raw":"Esmeriladora Para Vidrio autom\u00e1tica M2"},"content":{"rendered":"<p>La esmeriladora autom\u00e1tica M2 es una m\u00e1quina compacta, con sistema autom\u00e1tico de f\u00e1cil operaci\u00f3n, controlado por PLC instalado en el panel de control de la m\u00e1quina. Est\u00e1 equipada con dos pistolas de soplado de alto desempe\u00f1o. Produce hasta 13 m\u00b2 por hora en vidrios con un tama\u00f1o m\u00e1ximo de 1.30 x 3.50 metros.<\/p>\n<p><strong>#Caracter\u00edsticas<\/strong><\/p>\n<p>Se trata de un modelo eficiente, que destaca por su gran desempe\u00f1o, generando altas ganancias por su productividad diaria, est\u00e1ndar de calidad y protecci\u00f3n del medio ambiente, adem\u00e1s de la posibilidad de tratar diferentes materiales con una sola m\u00e1quina. Destaca por su altura reducida en comparaci\u00f3n del modelo M1, pudiendo ser instalada en un local con altura 2,5 m de piso a cielo. Utiliza un compresor de menor potencia (en comparaci\u00f3n con el modelo M1), reduciendo as\u00ed el costo total de la inversi\u00f3n.<\/p>\n<p>Produce hasta 13m\u00b2 de esmerilado por hora, con funciones totalmente autom\u00e1ticas. Est\u00e1 equipada con dos pistolas de soplado de alta producci\u00f3n, con boquillas de material altamente resistente, lo que aumenta su vida \u00fatil.<\/p>\n<p>La esmeriladora autom\u00e1tica M2 permite un trabajo simplificado, bajo mantenimiento y resultado uniforme con un perfecto esmerilado.<\/p>\n<p><strong>#Opera\u00e7\u00e3o<\/strong><\/p>\n<p>Se coloca el vidrio en el caballete de entrada, se indica su altura y luego se selecciona la opci\u00f3n autom\u00e1tica en el panel de control. Tras ello, el vidrio se desplaza automaticamente hacia la cabina de esmerilado, donde la pistola expele a alta velocidad el abrasivo succionado desde el dep\u00f3sito. Durante la operaci\u00f3n, el \u00f3xido de alum\u00ednio depositado al fondo del gabinete es nuevamente succionado por las pistolas de soplado, de manera cont\u00ednua y constante. Terminado el proceso, la pieza de vidrio se desplaza hacia el caballete de salida con el esmerilado listo.<\/p>\n<p>La m\u00e1quina funciona de forma r\u00e1pida, es de f\u00e1cil operaci\u00f3n y amiga del m\u00e9dio ambiente, pues cuenta con un sistema de extracci\u00f3n que resulta pr\u00e1cticamente en la ausencia de polvo en suspensi\u00f3n en el ambiente de trabajo.<\/p>\n<p><strong>#Recomenda\u00e7\u00f5es<\/strong><\/p>\n<p>Alfetec recomienda el uso del \u00f3xido de aluminio, como material abrasivo, pues este cumple con los requisitos de calidad y de la legislaci\u00f3n ambiental definidos por las normas NR7 (salud del trabajador), NR15 (determinaci\u00f3n de la cantidad m\u00e1xima de polvo) y NR32 (definiciones sobre el proceso de esmerilado).<\/p>\n<p>Para el perfecto funcionamiento de la m\u00e1quina, se recomienda el uso de:<\/p>\n<ul>\n<li>Un compresor de aire de 15 HP \/ 60 pies (no incluido)<\/li>\n<li>Un post filtro, instalado en la l\u00ednea de aire que alimenta la m\u00e1quina, para retener la humedad (no incluido)<\/li>\n<li>Un regulador de presi\u00f3n de \u00be de pulgada, ya que la m\u00e1quina trabaja con una presi\u00f3n constante de 6 bar (no incluido)<\/li>\n<\/ul>\n","protected":false,"raw":"La esmeriladora autom\u00e1tica M2 es una m\u00e1quina compacta, con sistema autom\u00e1tico de f\u00e1cil operaci\u00f3n, controlado por PLC instalado en el panel de control de la m\u00e1quina. Est\u00e1 equipada con dos pistolas de soplado de alto desempe\u00f1o. Produce hasta 13 m\u00b2 por hora en vidrios con un tama\u00f1o m\u00e1ximo de 1.30 x 3.50 metros.\r\n\r\n<strong>#Caracter\u00edsticas<\/strong>\r\n\r\nSe trata de un modelo eficiente, que destaca por su gran desempe\u00f1o, generando altas ganancias por su productividad diaria, est\u00e1ndar de calidad y protecci\u00f3n del medio ambiente, adem\u00e1s de la posibilidad de tratar diferentes materiales con una sola m\u00e1quina. Destaca por su altura reducida en comparaci\u00f3n del modelo M1, pudiendo ser instalada en un local con altura 2,5 m de piso a cielo. Utiliza un compresor de menor potencia (en comparaci\u00f3n con el modelo M1), reduciendo as\u00ed el costo total de la inversi\u00f3n.\r\n\r\nProduce hasta 13m\u00b2 de esmerilado por hora, con funciones totalmente autom\u00e1ticas. Est\u00e1 equipada con dos pistolas de soplado de alta producci\u00f3n, con boquillas de material altamente resistente, lo que aumenta su vida \u00fatil.\r\n\r\nLa esmeriladora autom\u00e1tica M2 permite un trabajo simplificado, bajo mantenimiento y resultado uniforme con un perfecto esmerilado.\r\n\r\n<strong>#Opera\u00e7\u00e3o<\/strong>\r\n\r\nSe coloca el vidrio en el caballete de entrada, se indica su altura y luego se selecciona la opci\u00f3n autom\u00e1tica en el panel de control. Tras ello, el vidrio se desplaza automaticamente hacia la cabina de esmerilado, donde la pistola expele a alta velocidad el abrasivo succionado desde el dep\u00f3sito. Durante la operaci\u00f3n, el \u00f3xido de alum\u00ednio depositado al fondo del gabinete es nuevamente succionado por las pistolas de soplado, de manera cont\u00ednua y constante. Terminado el proceso, la pieza de vidrio se desplaza hacia el caballete de salida con el esmerilado listo.\r\n\r\nLa m\u00e1quina funciona de forma r\u00e1pida, es de f\u00e1cil operaci\u00f3n y amiga del m\u00e9dio ambiente, pues cuenta con un sistema de extracci\u00f3n que resulta pr\u00e1cticamente en la ausencia de polvo en suspensi\u00f3n en el ambiente de trabajo.\r\n\r\n<strong>#Recomenda\u00e7\u00f5es<\/strong>\r\n\r\nAlfetec recomienda el uso del \u00f3xido de aluminio, como material abrasivo, pues este cumple con los requisitos de calidad y de la legislaci\u00f3n ambiental definidos por las normas NR7 (salud del trabajador), NR15 (determinaci\u00f3n de la cantidad m\u00e1xima de polvo) y NR32 (definiciones sobre el proceso de esmerilado).\r\n\r\nPara el perfecto funcionamiento de la m\u00e1quina, se recomienda el uso de:\r\n<ul>\r\n \t<li>Un compresor de aire de 15 HP \/ 60 pies (no incluido)<\/li>\r\n \t<li>Un post filtro, instalado en la l\u00ednea de aire que alimenta la m\u00e1quina, para retener la humedad (no incluido)<\/li>\r\n \t<li>Un regulador de presi\u00f3n de \u00be de pulgada, ya que la m\u00e1quina trabaja con una presi\u00f3n constante de 6 bar (no incluido)<\/li>\r\n<\/ul>"},"excerpt":{"rendered":"","protected":false,"raw":""},"featured_media":246,"template":"","meta":{"_acf_changed":false,"_pt_post_content":"A <b>Jateadora Autom\u00e1tica M2<\/b> \u00e9 uma m\u00e1quina compacta, com sistema autom\u00e1tico de f\u00e1cil opera\u00e7\u00e3o, controlado por PLC instalado no painel de comando da m\u00e1quina. Equipada com duas pistolas de jateamento, produz at\u00e9 13m\u00b2 por hora, em vidros com dimens\u00e3o m\u00e1xima de 1.30 x 3.50 metros.\r\n\r\n<b>#Caracter\u00edsticas<\/b>\r\n\r\nModelo de jateadora eficiente, que se destaca pela performance, levando em conta os ganhos gerados pela produtividade di\u00e1ria, o padr\u00e3o de qualidade e a prote\u00e7\u00e3o do meio ambiente, al\u00e9m da possibilidade de jateamento de diferentes materiais com um s\u00f3 equipamento. Destaca-se tamb\u00e9m pela altura reduzida: pode ser instalada em local com o p\u00e9 direito de 2,50m. Utiliza compressor de pot\u00eancia menor em rela\u00e7\u00e3o ao modelo M1 (15cv), reduzindo assim o custo total do investimento.\r\n\r\nProduz at\u00e9 13m\u00b2 por hora, com fun\u00e7\u00f5es totalmente autom\u00e1ticas; equipada com 2 pistolas de jateamento, seus bicos s\u00e3o fabricados com material especial que aumenta sua vida \u00fatil.\r\n\r\nA <b>Jateadora<\/b><b> autom\u00e1tica M2<\/b> possibilita trabalho simplificado, baixa manuten\u00e7\u00e3o, resultado padronizado com jateamento perfeito.\r\n\r\n<b>#Opera\u00e7\u00e3o<\/b>\r\n\r\nColoca-se o vidro no cavalete de entrada, indicando a sua altura e selecionando a op\u00e7\u00e3o autom\u00e1tica no painel de controle. O vidro passa pela cabine de jateamento, onde a pistola expele em alta velocidade o abrasivo succionado desde o dep\u00f3sito. Durante a opera\u00e7\u00e3o, o \u00f3xido de alum\u00ednio depositado no fundo do gabinete \u00e9 novamente succionado pelas pistolas de jato de forma cont\u00ednua, constante e padronizada. Terminado o processo, a pe\u00e7a de vidro \u00e9 direcionada ao cavalete de sa\u00edda, com o vidro jateado e pronto.\r\n\r\nA m\u00e1quina funciona de forma r\u00e1pida, \u00e9 de f\u00e1cil opera\u00e7\u00e3o e amiga do meio ambiente, pois conta com sistema de exaust\u00e3o para o tratamento do p\u00f3, que resulta em p\u00f3 praticamente zero no local.\r\n\r\n<b>#Recomenda\u00e7\u00f5es<\/b>\r\n\r\nA Alfetec indica preferencialmente o abrasivo\u00a0\u00f3xido de alum\u00ednio, que atende os requisitos de qualidade e legisla\u00e7\u00e3o ambiental definidos pelas\u00a0NR7\u00a0(sa\u00fade do operador), NR15 (determina\u00e7\u00e3o da quantidade m\u00e1xima de p\u00f3) e\u00a0NR32\u00a0(defini\u00e7\u00f5es de jateamento).\r\n\r\nPara o perfeito funcionamento, recomenda-se o uso de\r\n<ul>\r\n \t<li>um compressor de ar de 15 CV \/ 60 p\u00e9s (n\u00e3o incluso)<\/li>\r\n \t<li>um p\u00f3s-filtro, instalado na linha de ar que alimenta a m\u00e1quina, para reter a umidade (n\u00e3o incluso)<\/li>\r\n \t<li>um regulador de press\u00e3o de \u00be de polegada, pois a m\u00e1quina trabalha com press\u00e3o constante de 6 bar (n\u00e3o incluso)<\/li>\r\n<\/ul>","_pt_post_name":"jateadora-automatica-serie-m2","_pt_post_excerpt":"","_pt_post_title":"JATEADORA PARA VIDRO AUTOM\u00c1TICA M2","_es_post_content":"La esmeriladora autom\u00e1tica M2 es una m\u00e1quina compacta, con sistema autom\u00e1tico de f\u00e1cil operaci\u00f3n, controlado por PLC instalado en el panel de control de la m\u00e1quina. Est\u00e1 equipada con dos pistolas de soplado de alto desempe\u00f1o. Produce hasta 13 m\u00b2 por hora en vidrios con un tama\u00f1o m\u00e1ximo de 1.30 x 3.50 metros.\r\n\r\n<strong>#Caracter\u00edsticas<\/strong>\r\n\r\nSe trata de un modelo eficiente, que destaca por su gran desempe\u00f1o, generando altas ganancias por su productividad diaria, est\u00e1ndar de calidad y protecci\u00f3n del medio ambiente, adem\u00e1s de la posibilidad de tratar diferentes materiales con una sola m\u00e1quina. Destaca por su altura reducida en comparaci\u00f3n del modelo M1, pudiendo ser instalada en un local con altura 2,5 m de piso a cielo. Utiliza un compresor de menor potencia (en comparaci\u00f3n con el modelo M1), reduciendo as\u00ed el costo total de la inversi\u00f3n.\r\n\r\nProduce hasta 13m\u00b2 de esmerilado por hora, con funciones totalmente autom\u00e1ticas. Est\u00e1 equipada con dos pistolas de soplado de alta producci\u00f3n, con boquillas de material altamente resistente, lo que aumenta su vida \u00fatil.\r\n\r\nLa esmeriladora autom\u00e1tica M2 permite un trabajo simplificado, bajo mantenimiento y resultado uniforme con un perfecto esmerilado.\r\n\r\n<strong>#Opera\u00e7\u00e3o<\/strong>\r\n\r\nSe coloca el vidrio en el caballete de entrada, se indica su altura y luego se selecciona la opci\u00f3n autom\u00e1tica en el panel de control. Tras ello, el vidrio se desplaza automaticamente hacia la cabina de esmerilado, donde la pistola expele a alta velocidad el abrasivo succionado desde el dep\u00f3sito. Durante la operaci\u00f3n, el \u00f3xido de alum\u00ednio depositado al fondo del gabinete es nuevamente succionado por las pistolas de soplado, de manera cont\u00ednua y constante. Terminado el proceso, la pieza de vidrio se desplaza hacia el caballete de salida con el esmerilado listo.\r\n\r\nLa m\u00e1quina funciona de forma r\u00e1pida, es de f\u00e1cil operaci\u00f3n y amiga del m\u00e9dio ambiente, pues cuenta con un sistema de extracci\u00f3n que resulta pr\u00e1cticamente en la ausencia de polvo en suspensi\u00f3n en el ambiente de trabajo.\r\n\r\n<strong>#Recomenda\u00e7\u00f5es<\/strong>\r\n\r\nAlfetec recomienda el uso del \u00f3xido de aluminio, como material abrasivo, pues este cumple con los requisitos de calidad y de la legislaci\u00f3n ambiental definidos por las normas NR7 (salud del trabajador), NR15 (determinaci\u00f3n de la cantidad m\u00e1xima de polvo) y NR32 (definiciones sobre el proceso de esmerilado).\r\n\r\nPara el perfecto funcionamiento de la m\u00e1quina, se recomienda el uso de:\r\n<ul>\r\n \t<li>Un compresor de aire de 15 HP \/ 60 pies (no incluido)<\/li>\r\n \t<li>Un post filtro, instalado en la l\u00ednea de aire que alimenta la m\u00e1quina, para retener la humedad (no incluido)<\/li>\r\n \t<li>Un regulador de presi\u00f3n de \u00be de pulgada, ya que la m\u00e1quina trabaja con una presi\u00f3n constante de 6 bar (no incluido)<\/li>\r\n<\/ul>","_es_post_name":"esmeriladora-automatica-m2","_es_post_excerpt":"","_es_post_title":"Esmeriladora Para Vidrio autom\u00e1tica M2","edit_language":"es"},"product_brand":[],"product_cat":[17],"product_tag":[],"class_list":{"0":"post-187","1":"product","2":"type-product","3":"status-publish","4":"has-post-thumbnail","6":"product_cat-sem-categoria","8":"first","9":"instock","10":"shipping-taxable","11":"product-type-simple"},"acf":[],"yoast_head":"<!-- This site is optimized with the Yoast SEO plugin v27.2 - https:\/\/yoast.com\/product\/yoast-seo-wordpress\/ -->\n<title>JATEADORA PARA VIDRO AUTOM\u00c1TICA M2 - Alfetec<\/title>\n<meta name=\"robots\" content=\"index, follow, max-snippet:-1, max-image-preview:large, max-video-preview:-1\" \/>\n<link rel=\"canonical\" href=\"https:\/\/www.alfetec.com.br\/site\/es\/product\/esmeriladora-automatica-m2\/\" \/>\n<meta property=\"og:locale\" content=\"es_ES\" \/>\n<meta property=\"og:type\" content=\"article\" \/>\n<meta property=\"og:title\" content=\"JATEADORA PARA VIDRO AUTOM\u00c1TICA M2 - Alfetec\" \/>\n<meta property=\"og:description\" content=\"La esmeriladora autom\u00e1tica M2 es una m\u00e1quina compacta, con sistema autom\u00e1tico de f\u00e1cil operaci\u00f3n, controlado por PLC instalado en el panel de control de la m\u00e1quina. Est\u00e1 equipada con dos pistolas de soplado de alto desempe\u00f1o. Produce hasta 13 m\u00b2 por hora en vidrios con un tama\u00f1o m\u00e1ximo de 1.30 x 3.50 metros. #Caracter\u00edsticas Se &hellip; Continued\" \/>\n<meta property=\"og:url\" content=\"https:\/\/www.alfetec.com.br\/site\/es\/product\/esmeriladora-automatica-m2\/\" \/>\n<meta property=\"og:site_name\" content=\"Alfetec\" \/>\n<meta property=\"article:publisher\" content=\"https:\/\/www.facebook.com\/engenhariaalfetec\" \/>\n<meta property=\"article:modified_time\" content=\"2025-05-16T10:27:10+00:00\" \/>\n<meta property=\"og:image\" content=\"https:\/\/www.alfetec.com.br\/site\/wp-content\/uploads\/2022\/02\/VMZ2474-ValterMoraes2022.jpg\" \/>\n\t<meta property=\"og:image:width\" content=\"2000\" \/>\n\t<meta property=\"og:image:height\" content=\"1423\" \/>\n\t<meta property=\"og:image:type\" content=\"image\/jpeg\" \/>\n<meta name=\"twitter:card\" content=\"summary_large_image\" \/>\n<meta name=\"twitter:label1\" content=\"Tiempo de lectura\" \/>\n\t<meta name=\"twitter:data1\" content=\"3 minutes\" \/>\n<script type=\"application\/ld+json\" class=\"yoast-schema-graph\">{\"@context\":\"https:\/\/schema.org\",\"@graph\":[{\"@type\":\"WebPage\",\"@id\":\"https:\/\/www.alfetec.com.br\/site\/es\/product\/esmeriladora-automatica-m2\/\",\"url\":\"https:\/\/www.alfetec.com.br\/site\/es\/product\/esmeriladora-automatica-m2\/\",\"name\":\"JATEADORA PARA VIDRO AUTOM\u00c1TICA M2 - Alfetec\",\"isPartOf\":{\"@id\":\"https:\/\/www.alfetec.com.br\/site\/#website\"},\"primaryImageOfPage\":{\"@id\":\"https:\/\/www.alfetec.com.br\/site\/es\/product\/esmeriladora-automatica-m2\/#primaryimage\"},\"image\":{\"@id\":\"https:\/\/www.alfetec.com.br\/site\/es\/product\/esmeriladora-automatica-m2\/#primaryimage\"},\"thumbnailUrl\":\"https:\/\/www.alfetec.com.br\/site\/wp-content\/uploads\/2022\/02\/VMZ2474-ValterMoraes2022.jpg\",\"datePublished\":\"2022-02-18T13:20:16+00:00\",\"dateModified\":\"2025-05-16T10:27:10+00:00\",\"breadcrumb\":{\"@id\":\"https:\/\/www.alfetec.com.br\/site\/es\/product\/esmeriladora-automatica-m2\/#breadcrumb\"},\"inLanguage\":\"es-ES\",\"potentialAction\":[{\"@type\":\"ReadAction\",\"target\":[\"https:\/\/www.alfetec.com.br\/site\/es\/product\/esmeriladora-automatica-m2\/\"]}]},{\"@type\":\"ImageObject\",\"inLanguage\":\"es-ES\",\"@id\":\"https:\/\/www.alfetec.com.br\/site\/es\/product\/esmeriladora-automatica-m2\/#primaryimage\",\"url\":\"https:\/\/www.alfetec.com.br\/site\/wp-content\/uploads\/2022\/02\/VMZ2474-ValterMoraes2022.jpg\",\"contentUrl\":\"https:\/\/www.alfetec.com.br\/site\/wp-content\/uploads\/2022\/02\/VMZ2474-ValterMoraes2022.jpg\",\"width\":2000,\"height\":1423},{\"@type\":\"BreadcrumbList\",\"@id\":\"https:\/\/www.alfetec.com.br\/site\/es\/product\/esmeriladora-automatica-m2\/#breadcrumb\",\"itemListElement\":[{\"@type\":\"ListItem\",\"position\":1,\"name\":\"In\u00edcio\",\"item\":\"https:\/\/www.alfetec.com.br\/site\/\"},{\"@type\":\"ListItem\",\"position\":2,\"name\":\"Produtos\",\"item\":\"https:\/\/www.alfetec.com.br\/site\/produtos\/\"},{\"@type\":\"ListItem\",\"position\":3,\"name\":\"JATEADORA PARA VIDRO AUTOM\u00c1TICA M2\"}]},{\"@type\":\"WebSite\",\"@id\":\"https:\/\/www.alfetec.com.br\/site\/#website\",\"url\":\"https:\/\/www.alfetec.com.br\/site\/\",\"name\":\"Alfetec\",\"description\":\"Entregamos a solu\u00e7\u00e3o para facilitar sua m\u00e3o de obra\",\"potentialAction\":[{\"@type\":\"SearchAction\",\"target\":{\"@type\":\"EntryPoint\",\"urlTemplate\":\"https:\/\/www.alfetec.com.br\/site\/?s={search_term_string}\"},\"query-input\":{\"@type\":\"PropertyValueSpecification\",\"valueRequired\":true,\"valueName\":\"search_term_string\"}}],\"inLanguage\":\"es-ES\"}]}<\/script>\n<!-- \/ Yoast SEO plugin. -->","yoast_head_json":{"title":"JATEADORA PARA VIDRO AUTOM\u00c1TICA M2 - Alfetec","robots":{"index":"index","follow":"follow","max-snippet":"max-snippet:-1","max-image-preview":"max-image-preview:large","max-video-preview":"max-video-preview:-1"},"canonical":"https:\/\/www.alfetec.com.br\/site\/es\/product\/esmeriladora-automatica-m2\/","og_locale":"es_ES","og_type":"article","og_title":"JATEADORA PARA VIDRO AUTOM\u00c1TICA M2 - Alfetec","og_description":"La esmeriladora autom\u00e1tica M2 es una m\u00e1quina compacta, con sistema autom\u00e1tico de f\u00e1cil operaci\u00f3n, controlado por PLC instalado en el panel de control de la m\u00e1quina. Est\u00e1 equipada con dos pistolas de soplado de alto desempe\u00f1o. Produce hasta 13 m\u00b2 por hora en vidrios con un tama\u00f1o m\u00e1ximo de 1.30 x 3.50 metros. #Caracter\u00edsticas Se &hellip; Continued","og_url":"https:\/\/www.alfetec.com.br\/site\/es\/product\/esmeriladora-automatica-m2\/","og_site_name":"Alfetec","article_publisher":"https:\/\/www.facebook.com\/engenhariaalfetec","article_modified_time":"2025-05-16T10:27:10+00:00","og_image":[{"width":2000,"height":1423,"url":"https:\/\/www.alfetec.com.br\/site\/wp-content\/uploads\/2022\/02\/VMZ2474-ValterMoraes2022.jpg","type":"image\/jpeg"}],"twitter_card":"summary_large_image","twitter_misc":{"Tiempo de lectura":"3 minutes"},"schema":{"@context":"https:\/\/schema.org","@graph":[{"@type":"WebPage","@id":"https:\/\/www.alfetec.com.br\/site\/es\/product\/esmeriladora-automatica-m2\/","url":"https:\/\/www.alfetec.com.br\/site\/es\/product\/esmeriladora-automatica-m2\/","name":"JATEADORA PARA VIDRO AUTOM\u00c1TICA M2 - Alfetec","isPartOf":{"@id":"https:\/\/www.alfetec.com.br\/site\/#website"},"primaryImageOfPage":{"@id":"https:\/\/www.alfetec.com.br\/site\/es\/product\/esmeriladora-automatica-m2\/#primaryimage"},"image":{"@id":"https:\/\/www.alfetec.com.br\/site\/es\/product\/esmeriladora-automatica-m2\/#primaryimage"},"thumbnailUrl":"https:\/\/www.alfetec.com.br\/site\/wp-content\/uploads\/2022\/02\/VMZ2474-ValterMoraes2022.jpg","datePublished":"2022-02-18T13:20:16+00:00","dateModified":"2025-05-16T10:27:10+00:00","breadcrumb":{"@id":"https:\/\/www.alfetec.com.br\/site\/es\/product\/esmeriladora-automatica-m2\/#breadcrumb"},"inLanguage":"es-ES","potentialAction":[{"@type":"ReadAction","target":["https:\/\/www.alfetec.com.br\/site\/es\/product\/esmeriladora-automatica-m2\/"]}]},{"@type":"ImageObject","inLanguage":"es-ES","@id":"https:\/\/www.alfetec.com.br\/site\/es\/product\/esmeriladora-automatica-m2\/#primaryimage","url":"https:\/\/www.alfetec.com.br\/site\/wp-content\/uploads\/2022\/02\/VMZ2474-ValterMoraes2022.jpg","contentUrl":"https:\/\/www.alfetec.com.br\/site\/wp-content\/uploads\/2022\/02\/VMZ2474-ValterMoraes2022.jpg","width":2000,"height":1423},{"@type":"BreadcrumbList","@id":"https:\/\/www.alfetec.com.br\/site\/es\/product\/esmeriladora-automatica-m2\/#breadcrumb","itemListElement":[{"@type":"ListItem","position":1,"name":"In\u00edcio","item":"https:\/\/www.alfetec.com.br\/site\/"},{"@type":"ListItem","position":2,"name":"Produtos","item":"https:\/\/www.alfetec.com.br\/site\/produtos\/"},{"@type":"ListItem","position":3,"name":"JATEADORA PARA VIDRO AUTOM\u00c1TICA M2"}]},{"@type":"WebSite","@id":"https:\/\/www.alfetec.com.br\/site\/#website","url":"https:\/\/www.alfetec.com.br\/site\/","name":"Alfetec","description":"Entregamos a solu\u00e7\u00e3o para facilitar sua m\u00e3o de obra","potentialAction":[{"@type":"SearchAction","target":{"@type":"EntryPoint","urlTemplate":"https:\/\/www.alfetec.com.br\/site\/?s={search_term_string}"},"query-input":{"@type":"PropertyValueSpecification","valueRequired":true,"valueName":"search_term_string"}}],"inLanguage":"es-ES"}]}},"_links":{"self":[{"href":"https:\/\/www.alfetec.com.br\/site\/es\/wp-json\/wp\/v2\/product\/187","targetHints":{"allow":["GET"]}}],"collection":[{"href":"https:\/\/www.alfetec.com.br\/site\/es\/wp-json\/wp\/v2\/product"}],"about":[{"href":"https:\/\/www.alfetec.com.br\/site\/es\/wp-json\/wp\/v2\/types\/product"}],"wp:featuredmedia":[{"embeddable":true,"href":"https:\/\/www.alfetec.com.br\/site\/es\/wp-json\/wp\/v2\/media\/246"}],"wp:attachment":[{"href":"https:\/\/www.alfetec.com.br\/site\/es\/wp-json\/wp\/v2\/media?parent=187"}],"wp:term":[{"taxonomy":"product_brand","embeddable":true,"href":"https:\/\/www.alfetec.com.br\/site\/es\/wp-json\/wp\/v2\/product_brand?post=187"},{"taxonomy":"product_cat","embeddable":true,"href":"https:\/\/www.alfetec.com.br\/site\/es\/wp-json\/wp\/v2\/product_cat?post=187"},{"taxonomy":"product_tag","embeddable":true,"href":"https:\/\/www.alfetec.com.br\/site\/es\/wp-json\/wp\/v2\/product_tag?post=187"}],"curies":[{"name":"wp","href":"https:\/\/api.w.org\/{rel}","templated":true}]}}