{"id":1101,"date":"2024-08-14T10:30:39","date_gmt":"2024-08-14T13:30:39","guid":{"rendered":"https:\/\/www.alfetec.com.br\/site\/?post_type=product&#038;p=1101"},"modified":"2024-08-14T15:27:38","modified_gmt":"2024-08-14T18:27:38","slug":"","status":"publish","type":"product","link":"https:\/\/www.alfetec.com.br\/site\/es\/product\/ponte-rolante-e-porticos\/","title":{"rendered":"","raw":""},"content":{"rendered":"","protected":false,"raw":""},"excerpt":{"rendered":"","protected":false,"raw":""},"featured_media":1098,"template":"","meta":{"_acf_changed":false,"_pt_post_content":"<strong><b>CARACTERISTICAS T\u00c9CNICAS DO EQUIPAMENTO:<\/b><\/strong>\r\n\r\nPonte rolante para transporte de chapas e colares de vidro, dimensionada de acordo com a nescessidade do cliente, podendo ser fabricada no modelo a\u00e9reo, p\u00f3rtico ou semi-p\u00f3rtico seguindo as normas NBR-8400; 9974; 9967 e NR12\r\n\r\n- Motores de acionamento com freios.\r\n\r\n- Controle de acelera\u00e7\u00e3o e desacelera\u00e7\u00e3o.\r\n\r\n- Sistema anti balan\u00e7o.\r\n\r\n- Velocidades controladas por inversores de frequ\u00eancia.\r\n\r\n- Rel\u00ea de seguran\u00e7a para monitoramento de seguran\u00e7a.\r\n\r\n- Controle de acionamento dos comandos sem cabo, permitindo maior seguran\u00e7a na opera\u00e7\u00e3o.\r\n\r\n- Entrega em todo pais.\r\n\r\n&nbsp;","_pt_post_name":"ponte-rolante-e-porticos","_pt_post_excerpt":"","_pt_post_title":"PONTE ROLANTE E PORTICOS","_es_post_content":"","_es_post_name":"","_es_post_excerpt":"","_es_post_title":"","edit_language":"es"},"product_brand":[],"product_cat":[20],"product_tag":[],"class_list":{"0":"post-1101","1":"product","2":"type-product","3":"status-publish","4":"has-post-thumbnail","6":"product_cat-maquina","8":"first","9":"instock","10":"shipping-taxable","11":"product-type-simple"},"acf":[],"yoast_head":"<!-- This site is optimized with the Yoast SEO plugin v27.2 - https:\/\/yoast.com\/product\/yoast-seo-wordpress\/ -->\n<title>PONTE ROLANTE E PORTICOS - Alfetec<\/title>\n<meta name=\"robots\" content=\"index, follow, max-snippet:-1, max-image-preview:large, max-video-preview:-1\" \/>\n<link rel=\"canonical\" href=\"https:\/\/www.alfetec.com.br\/site\/product\/ponte-rolante-e-porticos\/\" \/>\n<meta property=\"og:locale\" content=\"es_ES\" \/>\n<meta property=\"og:type\" content=\"article\" \/>\n<meta property=\"og:title\" content=\"PONTE ROLANTE E PORTICOS - Alfetec\" \/>\n<meta property=\"og:description\" content=\"CARACTERISTICAS T\u00c9CNICAS DO EQUIPAMENTO: Ponte rolante para transporte de chapas e colares de vidro, dimensionada de acordo com a nescessidade do cliente, podendo ser fabricada no modelo a\u00e9reo, p\u00f3rtico ou semi-p\u00f3rtico seguindo as normas NBR-8400; 9974; 9967 e NR12 &#8211; Motores de acionamento com freios. &#8211; Controle de acelera\u00e7\u00e3o e desacelera\u00e7\u00e3o. &#8211; Sistema anti balan\u00e7o. &hellip; Continued\" \/>\n<meta property=\"og:url\" content=\"https:\/\/www.alfetec.com.br\/site\/product\/ponte-rolante-e-porticos\/\" \/>\n<meta property=\"og:site_name\" content=\"Alfetec\" \/>\n<meta property=\"article:publisher\" content=\"https:\/\/www.facebook.com\/engenhariaalfetec\" \/>\n<meta property=\"article:modified_time\" content=\"2024-08-14T18:27:38+00:00\" \/>\n<meta property=\"og:image\" content=\"https:\/\/www.alfetec.com.br\/site\/wp-content\/uploads\/2024\/08\/PONTE-ROLANTE_IMAGEM-5.jpg\" \/>\n\t<meta property=\"og:image:width\" content=\"1912\" \/>\n\t<meta property=\"og:image:height\" content=\"886\" \/>\n\t<meta property=\"og:image:type\" content=\"image\/jpeg\" \/>\n<meta name=\"twitter:card\" content=\"summary_large_image\" \/>\n<meta name=\"twitter:label1\" content=\"Tiempo de lectura\" \/>\n\t<meta name=\"twitter:data1\" content=\"1 minute\" \/>\n<script type=\"application\/ld+json\" class=\"yoast-schema-graph\">{\"@context\":\"https:\/\/schema.org\",\"@graph\":[{\"@type\":\"WebPage\",\"@id\":\"https:\/\/www.alfetec.com.br\/site\/product\/ponte-rolante-e-porticos\/\",\"url\":\"https:\/\/www.alfetec.com.br\/site\/product\/ponte-rolante-e-porticos\/\",\"name\":\"PONTE ROLANTE E PORTICOS - Alfetec\",\"isPartOf\":{\"@id\":\"https:\/\/www.alfetec.com.br\/site\/#website\"},\"primaryImageOfPage\":{\"@id\":\"https:\/\/www.alfetec.com.br\/site\/product\/ponte-rolante-e-porticos\/#primaryimage\"},\"image\":{\"@id\":\"https:\/\/www.alfetec.com.br\/site\/product\/ponte-rolante-e-porticos\/#primaryimage\"},\"thumbnailUrl\":\"https:\/\/www.alfetec.com.br\/site\/wp-content\/uploads\/2024\/08\/PONTE-ROLANTE_IMAGEM-5.jpg\",\"datePublished\":\"2024-08-14T13:30:39+00:00\",\"dateModified\":\"2024-08-14T18:27:38+00:00\",\"breadcrumb\":{\"@id\":\"https:\/\/www.alfetec.com.br\/site\/product\/ponte-rolante-e-porticos\/#breadcrumb\"},\"inLanguage\":\"es-ES\",\"potentialAction\":[{\"@type\":\"ReadAction\",\"target\":[\"https:\/\/www.alfetec.com.br\/site\/product\/ponte-rolante-e-porticos\/\"]}]},{\"@type\":\"ImageObject\",\"inLanguage\":\"es-ES\",\"@id\":\"https:\/\/www.alfetec.com.br\/site\/product\/ponte-rolante-e-porticos\/#primaryimage\",\"url\":\"https:\/\/www.alfetec.com.br\/site\/wp-content\/uploads\/2024\/08\/PONTE-ROLANTE_IMAGEM-5.jpg\",\"contentUrl\":\"https:\/\/www.alfetec.com.br\/site\/wp-content\/uploads\/2024\/08\/PONTE-ROLANTE_IMAGEM-5.jpg\",\"width\":1912,\"height\":886},{\"@type\":\"BreadcrumbList\",\"@id\":\"https:\/\/www.alfetec.com.br\/site\/product\/ponte-rolante-e-porticos\/#breadcrumb\",\"itemListElement\":[{\"@type\":\"ListItem\",\"position\":1,\"name\":\"In\u00edcio\",\"item\":\"https:\/\/www.alfetec.com.br\/site\/\"},{\"@type\":\"ListItem\",\"position\":2,\"name\":\"Produtos\",\"item\":\"https:\/\/www.alfetec.com.br\/site\/produtos\/\"},{\"@type\":\"ListItem\",\"position\":3,\"name\":\"PONTE ROLANTE E PORTICOS\"}]},{\"@type\":\"WebSite\",\"@id\":\"https:\/\/www.alfetec.com.br\/site\/#website\",\"url\":\"https:\/\/www.alfetec.com.br\/site\/\",\"name\":\"Alfetec\",\"description\":\"Entregamos a solu\u00e7\u00e3o para facilitar sua m\u00e3o de obra\",\"potentialAction\":[{\"@type\":\"SearchAction\",\"target\":{\"@type\":\"EntryPoint\",\"urlTemplate\":\"https:\/\/www.alfetec.com.br\/site\/?s={search_term_string}\"},\"query-input\":{\"@type\":\"PropertyValueSpecification\",\"valueRequired\":true,\"valueName\":\"search_term_string\"}}],\"inLanguage\":\"es-ES\"}]}<\/script>\n<!-- \/ Yoast SEO plugin. -->","yoast_head_json":{"title":"PONTE ROLANTE E PORTICOS - Alfetec","robots":{"index":"index","follow":"follow","max-snippet":"max-snippet:-1","max-image-preview":"max-image-preview:large","max-video-preview":"max-video-preview:-1"},"canonical":"https:\/\/www.alfetec.com.br\/site\/product\/ponte-rolante-e-porticos\/","og_locale":"es_ES","og_type":"article","og_title":"PONTE ROLANTE E PORTICOS - Alfetec","og_description":"CARACTERISTICAS T\u00c9CNICAS DO EQUIPAMENTO: Ponte rolante para transporte de chapas e colares de vidro, dimensionada de acordo com a nescessidade do cliente, podendo ser fabricada no modelo a\u00e9reo, p\u00f3rtico ou semi-p\u00f3rtico seguindo as normas NBR-8400; 9974; 9967 e NR12 &#8211; Motores de acionamento com freios. &#8211; Controle de acelera\u00e7\u00e3o e desacelera\u00e7\u00e3o. &#8211; Sistema anti balan\u00e7o. &hellip; Continued","og_url":"https:\/\/www.alfetec.com.br\/site\/product\/ponte-rolante-e-porticos\/","og_site_name":"Alfetec","article_publisher":"https:\/\/www.facebook.com\/engenhariaalfetec","article_modified_time":"2024-08-14T18:27:38+00:00","og_image":[{"width":1912,"height":886,"url":"https:\/\/www.alfetec.com.br\/site\/wp-content\/uploads\/2024\/08\/PONTE-ROLANTE_IMAGEM-5.jpg","type":"image\/jpeg"}],"twitter_card":"summary_large_image","twitter_misc":{"Tiempo de lectura":"1 minute"},"schema":{"@context":"https:\/\/schema.org","@graph":[{"@type":"WebPage","@id":"https:\/\/www.alfetec.com.br\/site\/product\/ponte-rolante-e-porticos\/","url":"https:\/\/www.alfetec.com.br\/site\/product\/ponte-rolante-e-porticos\/","name":"PONTE ROLANTE E PORTICOS - Alfetec","isPartOf":{"@id":"https:\/\/www.alfetec.com.br\/site\/#website"},"primaryImageOfPage":{"@id":"https:\/\/www.alfetec.com.br\/site\/product\/ponte-rolante-e-porticos\/#primaryimage"},"image":{"@id":"https:\/\/www.alfetec.com.br\/site\/product\/ponte-rolante-e-porticos\/#primaryimage"},"thumbnailUrl":"https:\/\/www.alfetec.com.br\/site\/wp-content\/uploads\/2024\/08\/PONTE-ROLANTE_IMAGEM-5.jpg","datePublished":"2024-08-14T13:30:39+00:00","dateModified":"2024-08-14T18:27:38+00:00","breadcrumb":{"@id":"https:\/\/www.alfetec.com.br\/site\/product\/ponte-rolante-e-porticos\/#breadcrumb"},"inLanguage":"es-ES","potentialAction":[{"@type":"ReadAction","target":["https:\/\/www.alfetec.com.br\/site\/product\/ponte-rolante-e-porticos\/"]}]},{"@type":"ImageObject","inLanguage":"es-ES","@id":"https:\/\/www.alfetec.com.br\/site\/product\/ponte-rolante-e-porticos\/#primaryimage","url":"https:\/\/www.alfetec.com.br\/site\/wp-content\/uploads\/2024\/08\/PONTE-ROLANTE_IMAGEM-5.jpg","contentUrl":"https:\/\/www.alfetec.com.br\/site\/wp-content\/uploads\/2024\/08\/PONTE-ROLANTE_IMAGEM-5.jpg","width":1912,"height":886},{"@type":"BreadcrumbList","@id":"https:\/\/www.alfetec.com.br\/site\/product\/ponte-rolante-e-porticos\/#breadcrumb","itemListElement":[{"@type":"ListItem","position":1,"name":"In\u00edcio","item":"https:\/\/www.alfetec.com.br\/site\/"},{"@type":"ListItem","position":2,"name":"Produtos","item":"https:\/\/www.alfetec.com.br\/site\/produtos\/"},{"@type":"ListItem","position":3,"name":"PONTE ROLANTE E PORTICOS"}]},{"@type":"WebSite","@id":"https:\/\/www.alfetec.com.br\/site\/#website","url":"https:\/\/www.alfetec.com.br\/site\/","name":"Alfetec","description":"Entregamos a solu\u00e7\u00e3o para facilitar sua m\u00e3o de obra","potentialAction":[{"@type":"SearchAction","target":{"@type":"EntryPoint","urlTemplate":"https:\/\/www.alfetec.com.br\/site\/?s={search_term_string}"},"query-input":{"@type":"PropertyValueSpecification","valueRequired":true,"valueName":"search_term_string"}}],"inLanguage":"es-ES"}]}},"_links":{"self":[{"href":"https:\/\/www.alfetec.com.br\/site\/es\/wp-json\/wp\/v2\/product\/1101","targetHints":{"allow":["GET"]}}],"collection":[{"href":"https:\/\/www.alfetec.com.br\/site\/es\/wp-json\/wp\/v2\/product"}],"about":[{"href":"https:\/\/www.alfetec.com.br\/site\/es\/wp-json\/wp\/v2\/types\/product"}],"wp:featuredmedia":[{"embeddable":true,"href":"https:\/\/www.alfetec.com.br\/site\/es\/wp-json\/wp\/v2\/media\/1098"}],"wp:attachment":[{"href":"https:\/\/www.alfetec.com.br\/site\/es\/wp-json\/wp\/v2\/media?parent=1101"}],"wp:term":[{"taxonomy":"product_brand","embeddable":true,"href":"https:\/\/www.alfetec.com.br\/site\/es\/wp-json\/wp\/v2\/product_brand?post=1101"},{"taxonomy":"product_cat","embeddable":true,"href":"https:\/\/www.alfetec.com.br\/site\/es\/wp-json\/wp\/v2\/product_cat?post=1101"},{"taxonomy":"product_tag","embeddable":true,"href":"https:\/\/www.alfetec.com.br\/site\/es\/wp-json\/wp\/v2\/product_tag?post=1101"}],"curies":[{"name":"wp","href":"https:\/\/api.w.org\/{rel}","templated":true}]}}