{"id":1100,"date":"2024-08-14T10:29:44","date_gmt":"2024-08-14T13:29:44","guid":{"rendered":"https:\/\/www.alfetec.com.br\/site\/?post_type=product&#038;p=1100"},"modified":"2025-05-16T07:20:05","modified_gmt":"2025-05-16T10:20:05","slug":"pinza-para-transporte-de-laminas-de-vidrio","status":"publish","type":"product","link":"https:\/\/www.alfetec.com.br\/site\/es\/product\/pinza-para-transporte-de-laminas-de-vidrio\/","title":{"rendered":"PINZA PARA TRANSPORTE DE L\u00c1MINAS DE VIDRIO","raw":"PINZA PARA TRANSPORTE DE L\u00c1MINAS DE VIDRIO"},"content":{"rendered":"","protected":false,"raw":""},"excerpt":{"rendered":"","protected":false,"raw":""},"featured_media":1097,"template":"","meta":{"_acf_changed":false,"_pt_post_content":"<strong><b>CARACTERISTICAS T\u00c9CNICAS DO EQUIPAMENTO:<\/b><\/strong>\r\n\r\n- Capacidade de carga 500kg.\r\n\r\n- Alta fixa\u00e7\u00e3o na chapa de vidro.\r\n\r\n- Facil movimenta\u00e7\u00e3o e seguran\u00e7a no manuseio com a chapa de vidro.\r\n\r\n- Entrega em todo pais.\r\n\r\nComprimento: 490mm.\r\n\r\nLargura interna do v\u00e3o: 270mm.\r\n\r\nAltura: 700mm.\r\n\r\nPeso: 45kg.","_pt_post_name":"pinca-para-transporte-de-chapa-de-vidros","_pt_post_excerpt":"","_pt_post_title":"PIN\u00c7A PARA TRANSPORTE DE CHAPA DE VIDROS.","_es_post_content":"","_es_post_name":"pinza-para-transporte-de-laminas-de-vidrio","_es_post_excerpt":"","_es_post_title":"PINZA PARA TRANSPORTE DE L\u00c1MINAS DE VIDRIO","edit_language":"es"},"product_brand":[],"product_cat":[20],"product_tag":[],"class_list":{"0":"post-1100","1":"product","2":"type-product","3":"status-publish","4":"has-post-thumbnail","6":"product_cat-maquina","8":"first","9":"instock","10":"shipping-taxable","11":"product-type-simple"},"acf":[],"yoast_head":"<!-- This site is optimized with the Yoast SEO plugin v27.2 - https:\/\/yoast.com\/product\/yoast-seo-wordpress\/ -->\n<title>PIN\u00c7A PARA TRANSPORTE DE CHAPA DE VIDROS. - Alfetec<\/title>\n<meta name=\"robots\" content=\"index, follow, max-snippet:-1, max-image-preview:large, max-video-preview:-1\" \/>\n<link rel=\"canonical\" href=\"https:\/\/www.alfetec.com.br\/site\/es\/product\/pinza-para-transporte-de-laminas-de-vidrio\/\" \/>\n<meta property=\"og:locale\" content=\"es_ES\" \/>\n<meta property=\"og:type\" content=\"article\" \/>\n<meta property=\"og:title\" content=\"PIN\u00c7A PARA TRANSPORTE DE CHAPA DE VIDROS. - Alfetec\" \/>\n<meta property=\"og:description\" content=\"CARACTERISTICAS T\u00c9CNICAS DO EQUIPAMENTO: &#8211; Capacidade de carga 500kg. &#8211; Alta fixa\u00e7\u00e3o na chapa de vidro. &#8211; Facil movimenta\u00e7\u00e3o e seguran\u00e7a no manuseio com a chapa de vidro. &#8211; Entrega em todo pais. Comprimento: 490mm. Largura interna do v\u00e3o: 270mm. Altura: 700mm. Peso: 45kg.\" \/>\n<meta property=\"og:url\" content=\"https:\/\/www.alfetec.com.br\/site\/es\/product\/pinza-para-transporte-de-laminas-de-vidrio\/\" \/>\n<meta property=\"og:site_name\" content=\"Alfetec\" \/>\n<meta property=\"article:publisher\" content=\"https:\/\/www.facebook.com\/engenhariaalfetec\" \/>\n<meta property=\"article:modified_time\" content=\"2025-05-16T10:20:05+00:00\" \/>\n<meta property=\"og:image\" content=\"https:\/\/www.alfetec.com.br\/site\/wp-content\/uploads\/2024\/08\/IMAGEM_PINCA.jpg\" \/>\n\t<meta property=\"og:image:width\" content=\"1920\" \/>\n\t<meta property=\"og:image:height\" content=\"890\" \/>\n\t<meta property=\"og:image:type\" content=\"image\/jpeg\" \/>\n<meta name=\"twitter:card\" content=\"summary_large_image\" \/>\n<meta name=\"twitter:label1\" content=\"Tiempo de lectura\" \/>\n\t<meta name=\"twitter:data1\" content=\"1 minute\" \/>\n<script type=\"application\/ld+json\" class=\"yoast-schema-graph\">{\"@context\":\"https:\/\/schema.org\",\"@graph\":[{\"@type\":\"WebPage\",\"@id\":\"https:\/\/www.alfetec.com.br\/site\/es\/product\/pinza-para-transporte-de-laminas-de-vidrio\/\",\"url\":\"https:\/\/www.alfetec.com.br\/site\/es\/product\/pinza-para-transporte-de-laminas-de-vidrio\/\",\"name\":\"PIN\u00c7A PARA TRANSPORTE DE CHAPA DE VIDROS. - Alfetec\",\"isPartOf\":{\"@id\":\"https:\/\/www.alfetec.com.br\/site\/#website\"},\"primaryImageOfPage\":{\"@id\":\"https:\/\/www.alfetec.com.br\/site\/es\/product\/pinza-para-transporte-de-laminas-de-vidrio\/#primaryimage\"},\"image\":{\"@id\":\"https:\/\/www.alfetec.com.br\/site\/es\/product\/pinza-para-transporte-de-laminas-de-vidrio\/#primaryimage\"},\"thumbnailUrl\":\"https:\/\/www.alfetec.com.br\/site\/wp-content\/uploads\/2024\/08\/IMAGEM_PINCA.jpg\",\"datePublished\":\"2024-08-14T13:29:44+00:00\",\"dateModified\":\"2025-05-16T10:20:05+00:00\",\"breadcrumb\":{\"@id\":\"https:\/\/www.alfetec.com.br\/site\/es\/product\/pinza-para-transporte-de-laminas-de-vidrio\/#breadcrumb\"},\"inLanguage\":\"es-ES\",\"potentialAction\":[{\"@type\":\"ReadAction\",\"target\":[\"https:\/\/www.alfetec.com.br\/site\/es\/product\/pinza-para-transporte-de-laminas-de-vidrio\/\"]}]},{\"@type\":\"ImageObject\",\"inLanguage\":\"es-ES\",\"@id\":\"https:\/\/www.alfetec.com.br\/site\/es\/product\/pinza-para-transporte-de-laminas-de-vidrio\/#primaryimage\",\"url\":\"https:\/\/www.alfetec.com.br\/site\/wp-content\/uploads\/2024\/08\/IMAGEM_PINCA.jpg\",\"contentUrl\":\"https:\/\/www.alfetec.com.br\/site\/wp-content\/uploads\/2024\/08\/IMAGEM_PINCA.jpg\",\"width\":1920,\"height\":890},{\"@type\":\"BreadcrumbList\",\"@id\":\"https:\/\/www.alfetec.com.br\/site\/es\/product\/pinza-para-transporte-de-laminas-de-vidrio\/#breadcrumb\",\"itemListElement\":[{\"@type\":\"ListItem\",\"position\":1,\"name\":\"In\u00edcio\",\"item\":\"https:\/\/www.alfetec.com.br\/site\/\"},{\"@type\":\"ListItem\",\"position\":2,\"name\":\"Produtos\",\"item\":\"https:\/\/www.alfetec.com.br\/site\/produtos\/\"},{\"@type\":\"ListItem\",\"position\":3,\"name\":\"PIN\u00c7A PARA TRANSPORTE DE CHAPA DE VIDROS.\"}]},{\"@type\":\"WebSite\",\"@id\":\"https:\/\/www.alfetec.com.br\/site\/#website\",\"url\":\"https:\/\/www.alfetec.com.br\/site\/\",\"name\":\"Alfetec\",\"description\":\"Entregamos a solu\u00e7\u00e3o para facilitar sua m\u00e3o de obra\",\"potentialAction\":[{\"@type\":\"SearchAction\",\"target\":{\"@type\":\"EntryPoint\",\"urlTemplate\":\"https:\/\/www.alfetec.com.br\/site\/?s={search_term_string}\"},\"query-input\":{\"@type\":\"PropertyValueSpecification\",\"valueRequired\":true,\"valueName\":\"search_term_string\"}}],\"inLanguage\":\"es-ES\"}]}<\/script>\n<!-- \/ Yoast SEO plugin. -->","yoast_head_json":{"title":"PIN\u00c7A PARA TRANSPORTE DE CHAPA DE VIDROS. - Alfetec","robots":{"index":"index","follow":"follow","max-snippet":"max-snippet:-1","max-image-preview":"max-image-preview:large","max-video-preview":"max-video-preview:-1"},"canonical":"https:\/\/www.alfetec.com.br\/site\/es\/product\/pinza-para-transporte-de-laminas-de-vidrio\/","og_locale":"es_ES","og_type":"article","og_title":"PIN\u00c7A PARA TRANSPORTE DE CHAPA DE VIDROS. - Alfetec","og_description":"CARACTERISTICAS T\u00c9CNICAS DO EQUIPAMENTO: &#8211; Capacidade de carga 500kg. &#8211; Alta fixa\u00e7\u00e3o na chapa de vidro. &#8211; Facil movimenta\u00e7\u00e3o e seguran\u00e7a no manuseio com a chapa de vidro. &#8211; Entrega em todo pais. Comprimento: 490mm. Largura interna do v\u00e3o: 270mm. Altura: 700mm. Peso: 45kg.","og_url":"https:\/\/www.alfetec.com.br\/site\/es\/product\/pinza-para-transporte-de-laminas-de-vidrio\/","og_site_name":"Alfetec","article_publisher":"https:\/\/www.facebook.com\/engenhariaalfetec","article_modified_time":"2025-05-16T10:20:05+00:00","og_image":[{"width":1920,"height":890,"url":"https:\/\/www.alfetec.com.br\/site\/wp-content\/uploads\/2024\/08\/IMAGEM_PINCA.jpg","type":"image\/jpeg"}],"twitter_card":"summary_large_image","twitter_misc":{"Tiempo de lectura":"1 minute"},"schema":{"@context":"https:\/\/schema.org","@graph":[{"@type":"WebPage","@id":"https:\/\/www.alfetec.com.br\/site\/es\/product\/pinza-para-transporte-de-laminas-de-vidrio\/","url":"https:\/\/www.alfetec.com.br\/site\/es\/product\/pinza-para-transporte-de-laminas-de-vidrio\/","name":"PIN\u00c7A PARA TRANSPORTE DE CHAPA DE VIDROS. - Alfetec","isPartOf":{"@id":"https:\/\/www.alfetec.com.br\/site\/#website"},"primaryImageOfPage":{"@id":"https:\/\/www.alfetec.com.br\/site\/es\/product\/pinza-para-transporte-de-laminas-de-vidrio\/#primaryimage"},"image":{"@id":"https:\/\/www.alfetec.com.br\/site\/es\/product\/pinza-para-transporte-de-laminas-de-vidrio\/#primaryimage"},"thumbnailUrl":"https:\/\/www.alfetec.com.br\/site\/wp-content\/uploads\/2024\/08\/IMAGEM_PINCA.jpg","datePublished":"2024-08-14T13:29:44+00:00","dateModified":"2025-05-16T10:20:05+00:00","breadcrumb":{"@id":"https:\/\/www.alfetec.com.br\/site\/es\/product\/pinza-para-transporte-de-laminas-de-vidrio\/#breadcrumb"},"inLanguage":"es-ES","potentialAction":[{"@type":"ReadAction","target":["https:\/\/www.alfetec.com.br\/site\/es\/product\/pinza-para-transporte-de-laminas-de-vidrio\/"]}]},{"@type":"ImageObject","inLanguage":"es-ES","@id":"https:\/\/www.alfetec.com.br\/site\/es\/product\/pinza-para-transporte-de-laminas-de-vidrio\/#primaryimage","url":"https:\/\/www.alfetec.com.br\/site\/wp-content\/uploads\/2024\/08\/IMAGEM_PINCA.jpg","contentUrl":"https:\/\/www.alfetec.com.br\/site\/wp-content\/uploads\/2024\/08\/IMAGEM_PINCA.jpg","width":1920,"height":890},{"@type":"BreadcrumbList","@id":"https:\/\/www.alfetec.com.br\/site\/es\/product\/pinza-para-transporte-de-laminas-de-vidrio\/#breadcrumb","itemListElement":[{"@type":"ListItem","position":1,"name":"In\u00edcio","item":"https:\/\/www.alfetec.com.br\/site\/"},{"@type":"ListItem","position":2,"name":"Produtos","item":"https:\/\/www.alfetec.com.br\/site\/produtos\/"},{"@type":"ListItem","position":3,"name":"PIN\u00c7A PARA TRANSPORTE DE CHAPA DE VIDROS."}]},{"@type":"WebSite","@id":"https:\/\/www.alfetec.com.br\/site\/#website","url":"https:\/\/www.alfetec.com.br\/site\/","name":"Alfetec","description":"Entregamos a solu\u00e7\u00e3o para facilitar sua m\u00e3o de obra","potentialAction":[{"@type":"SearchAction","target":{"@type":"EntryPoint","urlTemplate":"https:\/\/www.alfetec.com.br\/site\/?s={search_term_string}"},"query-input":{"@type":"PropertyValueSpecification","valueRequired":true,"valueName":"search_term_string"}}],"inLanguage":"es-ES"}]}},"_links":{"self":[{"href":"https:\/\/www.alfetec.com.br\/site\/es\/wp-json\/wp\/v2\/product\/1100","targetHints":{"allow":["GET"]}}],"collection":[{"href":"https:\/\/www.alfetec.com.br\/site\/es\/wp-json\/wp\/v2\/product"}],"about":[{"href":"https:\/\/www.alfetec.com.br\/site\/es\/wp-json\/wp\/v2\/types\/product"}],"wp:featuredmedia":[{"embeddable":true,"href":"https:\/\/www.alfetec.com.br\/site\/es\/wp-json\/wp\/v2\/media\/1097"}],"wp:attachment":[{"href":"https:\/\/www.alfetec.com.br\/site\/es\/wp-json\/wp\/v2\/media?parent=1100"}],"wp:term":[{"taxonomy":"product_brand","embeddable":true,"href":"https:\/\/www.alfetec.com.br\/site\/es\/wp-json\/wp\/v2\/product_brand?post=1100"},{"taxonomy":"product_cat","embeddable":true,"href":"https:\/\/www.alfetec.com.br\/site\/es\/wp-json\/wp\/v2\/product_cat?post=1100"},{"taxonomy":"product_tag","embeddable":true,"href":"https:\/\/www.alfetec.com.br\/site\/es\/wp-json\/wp\/v2\/product_tag?post=1100"}],"curies":[{"name":"wp","href":"https:\/\/api.w.org\/{rel}","templated":true}]}}