{"id":176,"date":"2022-01-27T07:53:53","date_gmt":"2022-01-27T10:53:53","guid":{"rendered":"https:\/\/www.alfetec.com.br\/site\/request-quote\/"},"modified":"2023-04-24T11:17:13","modified_gmt":"2023-04-24T14:17:13","slug":"pide-una-cotizacion","status":"publish","type":"page","link":"https:\/\/www.alfetec.com.br\/site\/es\/pide-una-cotizacion\/","title":{"rendered":"Pide una cotizaci\u00f3n","raw":"Pide una cotizaci\u00f3n"},"content":{"rendered":"","protected":false,"raw":""},"excerpt":{"rendered":"","protected":false,"raw":""},"author":3,"featured_media":0,"parent":0,"menu_order":0,"comment_status":"closed","ping_status":"closed","template":"page-orcamento.php","meta":{"_acf_changed":false,"_pt_post_content":"[yith_ywraq_request_quote]","_pt_post_name":"pedir-um-orcamento","_pt_post_excerpt":"","_pt_post_title":"Pedir um or\u00e7amento","_es_post_content":"","_es_post_name":"pide-una-cotizacion","_es_post_excerpt":"","_es_post_title":"Pide una cotizaci\u00f3n","edit_language":"es","footnotes":""},"class_list":["post-176","page","type-page","status-publish","hentry"],"acf":[],"yoast_head":"<!-- This site is optimized with the Yoast SEO plugin v27.2 - https:\/\/yoast.com\/product\/yoast-seo-wordpress\/ -->\n<title>Pedir um or\u00e7amento - Alfetec<\/title>\n<meta name=\"robots\" content=\"index, follow, max-snippet:-1, max-image-preview:large, max-video-preview:-1\" \/>\n<link rel=\"canonical\" href=\"http:\/\/localhost\/_ocpublicidade\/alfetec\/site\/es\/pide-una-cotizacion\/\" \/>\n<meta property=\"og:locale\" content=\"es_ES\" \/>\n<meta property=\"og:type\" content=\"article\" \/>\n<meta property=\"og:title\" content=\"Pedir um or\u00e7amento - Alfetec\" \/>\n<meta property=\"og:url\" content=\"http:\/\/localhost\/_ocpublicidade\/alfetec\/site\/es\/pide-una-cotizacion\/\" \/>\n<meta property=\"og:site_name\" content=\"Alfetec\" \/>\n<meta property=\"article:publisher\" content=\"https:\/\/www.facebook.com\/engenhariaalfetec\" \/>\n<meta property=\"article:modified_time\" content=\"2023-04-24T14:17:13+00:00\" \/>\n<meta name=\"twitter:card\" content=\"summary_large_image\" \/>\n<meta name=\"twitter:label1\" content=\"Tiempo de lectura\" \/>\n\t<meta name=\"twitter:data1\" content=\"1 minute\" \/>\n<script type=\"application\/ld+json\" class=\"yoast-schema-graph\">{\"@context\":\"https:\/\/schema.org\",\"@graph\":[{\"@type\":\"WebPage\",\"@id\":\"http:\/\/localhost\/_ocpublicidade\/alfetec\/site\/es\/pide-una-cotizacion\/\",\"url\":\"http:\/\/localhost\/_ocpublicidade\/alfetec\/site\/es\/pide-una-cotizacion\/\",\"name\":\"Pedir um or\u00e7amento - Alfetec\",\"isPartOf\":{\"@id\":\"https:\/\/www.alfetec.com.br\/site\/#website\"},\"datePublished\":\"2022-01-27T10:53:53+00:00\",\"dateModified\":\"2023-04-24T14:17:13+00:00\",\"breadcrumb\":{\"@id\":\"http:\/\/localhost\/_ocpublicidade\/alfetec\/site\/es\/pide-una-cotizacion\/#breadcrumb\"},\"inLanguage\":\"es-ES\",\"potentialAction\":[{\"@type\":\"ReadAction\",\"target\":[\"http:\/\/localhost\/_ocpublicidade\/alfetec\/site\/es\/pide-una-cotizacion\/\"]}]},{\"@type\":\"BreadcrumbList\",\"@id\":\"http:\/\/localhost\/_ocpublicidade\/alfetec\/site\/es\/pide-una-cotizacion\/#breadcrumb\",\"itemListElement\":[{\"@type\":\"ListItem\",\"position\":1,\"name\":\"In\u00edcio\",\"item\":\"https:\/\/www.alfetec.com.br\/site\/\"},{\"@type\":\"ListItem\",\"position\":2,\"name\":\"Pedir um or\u00e7amento\"}]},{\"@type\":\"WebSite\",\"@id\":\"https:\/\/www.alfetec.com.br\/site\/#website\",\"url\":\"https:\/\/www.alfetec.com.br\/site\/\",\"name\":\"Alfetec\",\"description\":\"Entregamos a solu\u00e7\u00e3o para facilitar sua m\u00e3o de obra\",\"potentialAction\":[{\"@type\":\"SearchAction\",\"target\":{\"@type\":\"EntryPoint\",\"urlTemplate\":\"https:\/\/www.alfetec.com.br\/site\/?s={search_term_string}\"},\"query-input\":{\"@type\":\"PropertyValueSpecification\",\"valueRequired\":true,\"valueName\":\"search_term_string\"}}],\"inLanguage\":\"es-ES\"}]}<\/script>\n<!-- \/ Yoast SEO plugin. -->","yoast_head_json":{"title":"Pedir um or\u00e7amento - Alfetec","robots":{"index":"index","follow":"follow","max-snippet":"max-snippet:-1","max-image-preview":"max-image-preview:large","max-video-preview":"max-video-preview:-1"},"canonical":"http:\/\/localhost\/_ocpublicidade\/alfetec\/site\/es\/pide-una-cotizacion\/","og_locale":"es_ES","og_type":"article","og_title":"Pedir um or\u00e7amento - Alfetec","og_url":"http:\/\/localhost\/_ocpublicidade\/alfetec\/site\/es\/pide-una-cotizacion\/","og_site_name":"Alfetec","article_publisher":"https:\/\/www.facebook.com\/engenhariaalfetec","article_modified_time":"2023-04-24T14:17:13+00:00","twitter_card":"summary_large_image","twitter_misc":{"Tiempo de lectura":"1 minute"},"schema":{"@context":"https:\/\/schema.org","@graph":[{"@type":"WebPage","@id":"http:\/\/localhost\/_ocpublicidade\/alfetec\/site\/es\/pide-una-cotizacion\/","url":"http:\/\/localhost\/_ocpublicidade\/alfetec\/site\/es\/pide-una-cotizacion\/","name":"Pedir um or\u00e7amento - Alfetec","isPartOf":{"@id":"https:\/\/www.alfetec.com.br\/site\/#website"},"datePublished":"2022-01-27T10:53:53+00:00","dateModified":"2023-04-24T14:17:13+00:00","breadcrumb":{"@id":"http:\/\/localhost\/_ocpublicidade\/alfetec\/site\/es\/pide-una-cotizacion\/#breadcrumb"},"inLanguage":"es-ES","potentialAction":[{"@type":"ReadAction","target":["http:\/\/localhost\/_ocpublicidade\/alfetec\/site\/es\/pide-una-cotizacion\/"]}]},{"@type":"BreadcrumbList","@id":"http:\/\/localhost\/_ocpublicidade\/alfetec\/site\/es\/pide-una-cotizacion\/#breadcrumb","itemListElement":[{"@type":"ListItem","position":1,"name":"In\u00edcio","item":"https:\/\/www.alfetec.com.br\/site\/"},{"@type":"ListItem","position":2,"name":"Pedir um or\u00e7amento"}]},{"@type":"WebSite","@id":"https:\/\/www.alfetec.com.br\/site\/#website","url":"https:\/\/www.alfetec.com.br\/site\/","name":"Alfetec","description":"Entregamos a solu\u00e7\u00e3o para facilitar sua m\u00e3o de obra","potentialAction":[{"@type":"SearchAction","target":{"@type":"EntryPoint","urlTemplate":"https:\/\/www.alfetec.com.br\/site\/?s={search_term_string}"},"query-input":{"@type":"PropertyValueSpecification","valueRequired":true,"valueName":"search_term_string"}}],"inLanguage":"es-ES"}]}},"_links":{"self":[{"href":"https:\/\/www.alfetec.com.br\/site\/es\/wp-json\/wp\/v2\/pages\/176","targetHints":{"allow":["GET"]}}],"collection":[{"href":"https:\/\/www.alfetec.com.br\/site\/es\/wp-json\/wp\/v2\/pages"}],"about":[{"href":"https:\/\/www.alfetec.com.br\/site\/es\/wp-json\/wp\/v2\/types\/page"}],"author":[{"embeddable":true,"href":"https:\/\/www.alfetec.com.br\/site\/es\/wp-json\/wp\/v2\/users\/3"}],"replies":[{"embeddable":true,"href":"https:\/\/www.alfetec.com.br\/site\/es\/wp-json\/wp\/v2\/comments?post=176"}],"version-history":[{"count":1,"href":"https:\/\/www.alfetec.com.br\/site\/es\/wp-json\/wp\/v2\/pages\/176\/revisions"}],"predecessor-version":[{"id":179,"href":"https:\/\/www.alfetec.com.br\/site\/es\/wp-json\/wp\/v2\/pages\/176\/revisions\/179"}],"wp:attachment":[{"href":"https:\/\/www.alfetec.com.br\/site\/es\/wp-json\/wp\/v2\/media?parent=176"}],"curies":[{"name":"wp","href":"https:\/\/api.w.org\/{rel}","templated":true}]}}